{"id":1083,"date":"2021-09-02T08:36:49","date_gmt":"2021-09-02T08:36:49","guid":{"rendered":"https:\/\/petrana-sabolek.net\/?page_id=1083"},"modified":"2024-09-11T08:02:39","modified_gmt":"2024-09-11T08:02:39","slug":"stihovnica-svastovnica","status":"publish","type":"page","link":"https:\/\/petrana-sabolek.net\/index.php\/stihovnica-svastovnica\/","title":{"rendered":"Stihovnica sva\u0161tovnica"},"content":{"rendered":"<p>[et_pb_section fb_built=&#8221;1&#8243; admin_label=&#8221;Hero&#8221; _builder_version=&#8221;4.16&#8243; background_color=&#8221;#FFFFFF&#8221; background_image=&#8221;https:\/\/petrana-sabolek.net\/wp-content\/uploads\/2021\/05\/coding-background-texture.jpg&#8221; background_blend=&#8221;overlay&#8221; custom_padding=&#8221;55px|0px|100px|0px||&#8221; animation_style=&#8221;slide&#8221; animation_direction=&#8221;top&#8221; animation_intensity_slide=&#8221;2%&#8221; da_disable_devices=&#8221;off|off|off&#8221; locked=&#8221;off&#8221; global_colors_info=&#8221;{}&#8221; da_is_popup=&#8221;off&#8221; da_exit_intent=&#8221;off&#8221; da_has_close=&#8221;on&#8221; da_alt_close=&#8221;off&#8221; da_dark_close=&#8221;off&#8221; da_not_modal=&#8221;on&#8221; da_is_singular=&#8221;off&#8221; da_with_loader=&#8221;off&#8221; da_has_shadow=&#8221;on&#8221;][et_pb_row column_structure=&#8221;1_4,3_4&#8243; _builder_version=&#8221;4.16&#8243; _module_preset=&#8221;default&#8221; global_colors_info=&#8221;{}&#8221;][et_pb_column type=&#8221;1_4&#8243; _builder_version=&#8221;4.16&#8243; _module_preset=&#8221;default&#8221; global_colors_info=&#8221;{}&#8221;][et_pb_image src=&#8221;https:\/\/petrana-sabolek.net\/wp-content\/uploads\/2021\/09\/stihovnica3.png&#8221; title_text=&#8221;stihovnica3&#8243; _builder_version=&#8221;4.16&#8243; _module_preset=&#8221;default&#8221; global_colors_info=&#8221;{}&#8221;][\/et_pb_image][\/et_pb_column][et_pb_column type=&#8221;3_4&#8243; _builder_version=&#8221;4.16&#8243; _module_preset=&#8221;default&#8221; global_colors_info=&#8221;{}&#8221;][et_pb_text _builder_version=&#8221;4.16&#8243; _module_preset=&#8221;default&#8221; header_font_size=&#8221;45px&#8221; custom_margin=&#8221;||39px|||&#8221; global_colors_info=&#8221;{}&#8221;]<\/p>\n<h1>&#8220;STIHOVNICA SVA\u0160TOVNICA&#8221;<\/h1>\n<h3>poetska zbirka za djecu<\/h3>\n<p>[\/et_pb_text][et_pb_text _builder_version=&#8221;4.22.2&#8243; _module_preset=&#8221;default&#8221; custom_padding=&#8221;0px|||||&#8221; hover_enabled=&#8221;0&#8243; global_colors_info=&#8221;{}&#8221; sticky_enabled=&#8221;0&#8243;]<\/p>\n<h3>Sinopsis<\/h3>\n<p>&nbsp;<\/p>\n<p style=\"text-align: justify;\">\u201eStihovnica sva\u0161tovnica\u201c moja je \u0161esta poetska zbirka za djecu, namijenjena uzrastu do trinaest godina. Donosi pedeset i tri nove pjesme sabrane u \u010detiri bloka: Slavimo, slavimo, Ljubavna gnjava\u017ea, Razigrana ma\u0161ta i Pri\u010daj, pri\u010daj, \u017eelim znati. Iz ove zbirke u me\u0111uvremenu je uglazbljeno sedamnaest pjesama: \u201eMaskenbal\u201c, \u201eNesretni ma\u0161kar\u201c, \u201eJaglac u kosi\u201c, \u201eKozli\u0107 spasitelj\u201c, \u201ePal\u010dica\u201c, \u201eTu\u017ealjka\u201c, \u201eRu\u017eni pa\u010di\u0107\u201c, \u201eBodljikavi kavalir\u201c, \u201eLisica\u201c, \u201eVuk i gavran\u201c, \u201eVuk prijeti kozli\u0107ima\u201c, \u201eI vuk bi u podstanare\u201c, \u201ePjesma o divljoj svinji\u201c, \u201eMedvje\u0111a glad\u201c, \u201eMedo \u017eeli kolo sviti\u201c, \u201eSjeverni pol\u201c i Novi svijet\u201c. Stihovi su po\u010detno pisani ciljano za songove glazbenih pri\u010da, no do\u017eivjeli su i svoj puni iskaz predstavljen u ovoj zbirci. Kao songove mo\u017eete ih pro\u010ditati u dramskim tekstovima knjige \u201eAvanturokazi\u201c, a poslu\u0161ati putem CD-a u bloku Nosa\u010di zvuka na ovoj stranici. Zanimljive su i pjesme \u201eVje\u0161tice iz snova\u201c, \u201eLudi semafor\u201c, \u201cKapetan broda\u201c, \u201eRat i \u017eivot\u201c, \u201eMolim neko dijete svijeta\u201c i \u201cVojska koju priznajem\u201c.<\/p>\n<p>[\/et_pb_text][\/et_pb_column][\/et_pb_row][et_pb_row column_structure=&#8221;1_4,3_4&#8243; _builder_version=&#8221;4.16&#8243; _module_preset=&#8221;default&#8221; global_colors_info=&#8221;{}&#8221;][et_pb_column type=&#8221;1_4&#8243; _builder_version=&#8221;4.16&#8243; _module_preset=&#8221;default&#8221; global_colors_info=&#8221;{}&#8221;][et_pb_text _builder_version=&#8221;4.16&#8243; _module_preset=&#8221;default&#8221; global_colors_info=&#8221;{}&#8221;]<\/p>\n<p>&#8220;VALENTINOVO&#8221;<\/p>\n<p>&#8220;Radost&#8221;, br. 4, 2004.<\/p>\n<p>[\/et_pb_text][\/et_pb_column][et_pb_column type=&#8221;3_4&#8243; _builder_version=&#8221;4.16&#8243; _module_preset=&#8221;default&#8221; global_colors_info=&#8221;{}&#8221;][et_pb_text _builder_version=&#8221;4.22.2&#8243; _module_preset=&#8221;default&#8221; custom_padding=&#8221;0px|||||&#8221; global_colors_info=&#8221;{}&#8221;]<\/p>\n<h3>Ogledni arak<\/h3>\n<p>[\/et_pb_text][et_pb_image src=&#8221;https:\/\/petrana-sabolek.net\/wp-content\/uploads\/2021\/09\/17.png&#8221; title_text=&#8221;17&#8243; _builder_version=&#8221;4.16&#8243; _module_preset=&#8221;default&#8221; global_colors_info=&#8221;{}&#8221;][\/et_pb_image][\/et_pb_column][\/et_pb_row][et_pb_row column_structure=&#8221;1_4,3_4&#8243; _builder_version=&#8221;4.16&#8243; _module_preset=&#8221;default&#8221; global_colors_info=&#8221;{}&#8221;][et_pb_column type=&#8221;1_4&#8243; _builder_version=&#8221;4.16&#8243; _module_preset=&#8221;default&#8221; global_colors_info=&#8221;{}&#8221;][et_pb_text _builder_version=&#8221;4.16&#8243; _module_preset=&#8221;default&#8221; global_colors_info=&#8221;{}&#8221;]<\/p>\n<p>&#8220;MAJA&#8221;<\/p>\n<p>&#8220;Radost&#8221;, br. 6, 1998.<\/p>\n<p>[\/et_pb_text][\/et_pb_column][et_pb_column type=&#8221;3_4&#8243; _builder_version=&#8221;4.16&#8243; _module_preset=&#8221;default&#8221; global_colors_info=&#8221;{}&#8221;][et_pb_image src=&#8221;https:\/\/petrana-sabolek.net\/wp-content\/uploads\/2021\/09\/18.png&#8221; title_text=&#8221;18&#8243; _builder_version=&#8221;4.16&#8243; _module_preset=&#8221;default&#8221; global_colors_info=&#8221;{}&#8221;][\/et_pb_image][\/et_pb_column][\/et_pb_row][et_pb_row column_structure=&#8221;1_4,3_4&#8243; _builder_version=&#8221;4.16&#8243; _module_preset=&#8221;default&#8221; global_colors_info=&#8221;{}&#8221;][et_pb_column type=&#8221;1_4&#8243; _builder_version=&#8221;4.16&#8243; _module_preset=&#8221;default&#8221; global_colors_info=&#8221;{}&#8221;][et_pb_text _builder_version=&#8221;4.16&#8243; _module_preset=&#8221;default&#8221; global_colors_info=&#8221;{}&#8221;]<\/p>\n<p>&#8220;KAPETAN BRODA&#8221;<\/p>\n<p>SMIB, br. 6, 1992.<\/p>\n<p>[\/et_pb_text][\/et_pb_column][et_pb_column type=&#8221;3_4&#8243; _builder_version=&#8221;4.16&#8243; _module_preset=&#8221;default&#8221; global_colors_info=&#8221;{}&#8221;][et_pb_image src=&#8221;https:\/\/petrana-sabolek.net\/wp-content\/uploads\/2021\/09\/20.png&#8221; title_text=&#8221;20&#8243; _builder_version=&#8221;4.16&#8243; _module_preset=&#8221;default&#8221; global_colors_info=&#8221;{}&#8221;][\/et_pb_image][\/et_pb_column][\/et_pb_row][et_pb_row column_structure=&#8221;1_4,3_4&#8243; _builder_version=&#8221;4.16&#8243; _module_preset=&#8221;default&#8221; global_colors_info=&#8221;{}&#8221;][et_pb_column type=&#8221;1_4&#8243; _builder_version=&#8221;4.16&#8243; _module_preset=&#8221;default&#8221; global_colors_info=&#8221;{}&#8221;][et_pb_text _builder_version=&#8221;4.16&#8243; _module_preset=&#8221;default&#8221; global_colors_info=&#8221;{}&#8221;]<\/p>\n<p>&#8220;MOLIM NEKO DIJETE SVIJETA&#8221;<\/p>\n<p>&#8220;SMIB&#8221;, br. 6, 1992.<\/p>\n<p>[\/et_pb_text][\/et_pb_column][et_pb_column type=&#8221;3_4&#8243; _builder_version=&#8221;4.16&#8243; _module_preset=&#8221;default&#8221; global_colors_info=&#8221;{}&#8221;][et_pb_image src=&#8221;https:\/\/petrana-sabolek.net\/wp-content\/uploads\/2021\/09\/23.png&#8221; title_text=&#8221;23&#8243; _builder_version=&#8221;4.16&#8243; _module_preset=&#8221;default&#8221; global_colors_info=&#8221;{}&#8221;][\/et_pb_image][\/et_pb_column][\/et_pb_row][\/et_pb_section]<\/p>\n","protected":false},"excerpt":{"rendered":"<p>&#8220;STIHOVNICA SVA\u0160TOVNICA&#8221; poetska zbirka za djecuSinopsis &nbsp; \u201eStihovnica sva\u0161tovnica\u201c moja je \u0161esta poetska zbirka za djecu, namijenjena uzrastu do trinaest godina. Donosi pedeset i tri nove pjesme sabrane u \u010detiri bloka: Slavimo, slavimo, Ljubavna gnjava\u017ea, Razigrana ma\u0161ta i Pri\u010daj, pri\u010daj, \u017eelim znati. Iz ove zbirke u me\u0111uvremenu je uglazbljeno sedamnaest pjesama: \u201eMaskenbal\u201c, \u201eNesretni ma\u0161kar\u201c, \u201eJaglac [&hellip;]<\/p>\n","protected":false},"author":1,"featured_media":0,"parent":0,"menu_order":0,"comment_status":"closed","ping_status":"closed","template":"","meta":{"_et_pb_use_builder":"on","_et_pb_old_content":"","_et_gb_content_width":"","footnotes":""},"class_list":["post-1083","page","type-page","status-publish","hentry"],"_links":{"self":[{"href":"https:\/\/petrana-sabolek.net\/index.php\/wp-json\/wp\/v2\/pages\/1083","targetHints":{"allow":["GET"]}}],"collection":[{"href":"https:\/\/petrana-sabolek.net\/index.php\/wp-json\/wp\/v2\/pages"}],"about":[{"href":"https:\/\/petrana-sabolek.net\/index.php\/wp-json\/wp\/v2\/types\/page"}],"author":[{"embeddable":true,"href":"https:\/\/petrana-sabolek.net\/index.php\/wp-json\/wp\/v2\/users\/1"}],"replies":[{"embeddable":true,"href":"https:\/\/petrana-sabolek.net\/index.php\/wp-json\/wp\/v2\/comments?post=1083"}],"version-history":[{"count":11,"href":"https:\/\/petrana-sabolek.net\/index.php\/wp-json\/wp\/v2\/pages\/1083\/revisions"}],"predecessor-version":[{"id":4251,"href":"https:\/\/petrana-sabolek.net\/index.php\/wp-json\/wp\/v2\/pages\/1083\/revisions\/4251"}],"wp:attachment":[{"href":"https:\/\/petrana-sabolek.net\/index.php\/wp-json\/wp\/v2\/media?parent=1083"}],"curies":[{"name":"wp","href":"https:\/\/api.w.org\/{rel}","templated":true}]}}