{"id":1361,"date":"2021-09-29T13:39:38","date_gmt":"2021-09-29T13:39:38","guid":{"rendered":"https:\/\/petrana-sabolek.net\/?page_id=1361"},"modified":"2024-09-11T08:04:46","modified_gmt":"2024-09-11T08:04:46","slug":"roman","status":"publish","type":"page","link":"https:\/\/petrana-sabolek.net\/index.php\/roman\/","title":{"rendered":"Roman"},"content":{"rendered":"<p>[et_pb_section fb_built=&#8221;1&#8243; admin_label=&#8221;Hero&#8221; _builder_version=&#8221;4.16&#8243; background_color=&#8221;#FFFFFF&#8221; background_image=&#8221;https:\/\/petrana-sabolek.net\/wp-content\/uploads\/2021\/05\/coding-background-texture.jpg&#8221; background_blend=&#8221;overlay&#8221; custom_padding=&#8221;55px|0px|100px|0px||&#8221; animation_style=&#8221;slide&#8221; animation_direction=&#8221;top&#8221; animation_intensity_slide=&#8221;2%&#8221; da_disable_devices=&#8221;off|off|off&#8221; locked=&#8221;off&#8221; global_colors_info=&#8221;{}&#8221; da_is_popup=&#8221;off&#8221; da_exit_intent=&#8221;off&#8221; da_has_close=&#8221;on&#8221; da_alt_close=&#8221;off&#8221; da_dark_close=&#8221;off&#8221; da_not_modal=&#8221;on&#8221; da_is_singular=&#8221;off&#8221; da_with_loader=&#8221;off&#8221; da_has_shadow=&#8221;on&#8221;][et_pb_row column_structure=&#8221;1_4,3_4&#8243; _builder_version=&#8221;4.16&#8243; _module_preset=&#8221;default&#8221; global_colors_info=&#8221;{}&#8221;][et_pb_column type=&#8221;1_4&#8243; _builder_version=&#8221;4.16&#8243; _module_preset=&#8221;default&#8221; global_colors_info=&#8221;{}&#8221;][et_pb_image src=&#8221;https:\/\/petrana-sabolek.net\/wp-content\/uploads\/2024\/08\/gospoda-s-francuskom_krug.png&#8221; title_text=&#8221;roman&#8221; _builder_version=&#8221;4.22.2&#8243; _module_preset=&#8221;default&#8221; global_colors_info=&#8221;{}&#8221;][\/et_pb_image][\/et_pb_column][et_pb_column type=&#8221;3_4&#8243; _builder_version=&#8221;4.16&#8243; _module_preset=&#8221;default&#8221; global_colors_info=&#8221;{}&#8221;][et_pb_text _builder_version=&#8221;4.22.2&#8243; _module_preset=&#8221;default&#8221; header_font_size=&#8221;45px&#8221; global_colors_info=&#8221;{}&#8221;]<\/p>\n<h1>\u201eGOSPO\u0110A S FRANCUSKOM KAPICOM\u201d<\/h1>\n<p class=\"western\"><span style=\"font-family: Calibri, serif;\"><span style=\"color: #333333;\"><span style=\"font-family: Arial, serif;\"><span style=\"font-size: x-large;\">dru\u0161tveni roman<\/span><\/span><\/span><\/span><\/p>\n<p>[\/et_pb_text][et_pb_text _builder_version=&#8221;4.22.2&#8243; _module_preset=&#8221;default&#8221; custom_padding=&#8221;5px|||||&#8221; hover_enabled=&#8221;0&#8243; global_colors_info=&#8221;{}&#8221; sticky_enabled=&#8221;0&#8243;]<\/p>\n<h3>Sinopsis<\/h3>\n<p>&nbsp;<\/p>\n<p style=\"text-align: justify;\">Svaki svetac ima pro\u0161lost, svaki gre\u0161nik ima budu\u0107nost, mudrost je koju poput mota pripisujem romanu \u201eGospo\u0111a s francuskom kapicom\u201c. Naime, glavni lik romana vreme\u0161na je gospo\u0111a Rebeka, spremna da u ime obitelji \u017ertvuje i vlastiti \u017eivot. Dio te spremnosti simbolizira i francuska kapica, koju gospo\u0111a ne skida s glave ne brinu\u0107i \u0161to time postaje kvartovska maskota, budu\u0107i da je kapica zalog skrbi nad mladom i iznimno atraktivnom te nadasve sposobnom djevojkom, najbli\u017eom susjedom, Juditom. Zbli\u017eene jednakom \u017eeljom za potpunijom obitelji, jednako krnje kod obje, \u017eivotne okolnosti zbli\u017ee ih tako da jedna u drugoj nalaze barem djelomi\u010dno ispunjenje. No nemili prst sudbine ne mari za \u010dovjeka, za obitelj, za te\u017einu razdvajanja najmilijih pa g\u0111a Rebeka silom prilika svjedo\u010di nekolicini sli\u010dnih sudbina, \u0161to kod nje izazove neo\u010dekivan \u017eivotni obrat. Jednako zanimljive li\u010dnosti pri\u010de \u010dlanovi su obdukcijske ekipe: dr. med. sc. Agata Majcen, voditeljica patolo\u0161ke slu\u017ebe, dr. David Eratovi\u0107, njezin osebujni specijalizant, dobrodu\u0161ni pomo\u0107nik obducenta Jakov, a posebice Flora Lalicki, mlada i atraktivna djevojka, neo\u010dekivana zamjena za nezamjenjivu Juditu.<\/p>\n<p>[\/et_pb_text][et_pb_text _builder_version=&#8221;4.22.2&#8243; _module_preset=&#8221;default&#8221; custom_padding=&#8221;5px|||||&#8221; hover_enabled=&#8221;0&#8243; global_colors_info=&#8221;{}&#8221; sticky_enabled=&#8221;0&#8243;]<\/p>\n<h3>Ogledni arak<\/h3>\n<p>(Ulomak iz romana, poglavlje IV.)<\/p>\n<p>&nbsp;<\/p>\n<div><\/div>\n<div><\/div>\n<div><\/div>\n<div><\/div>\n<div style=\"text-align: justify;\">Otklju\u010davala je gospo\u0111a Rebeka vrata Juditinog stana drhtavim rukama, a na\u0161av\u0161i se kona\u010dno i unutar prostora poznatog poput vlastitog doma, s apsolutnom nemogu\u0107no\u0161\u0107u probavljanja netom primljene nemile vijesti da njene prelijepe susjede Judite vi\u0161e nema, gospo\u0111a Rebeka je zastala nasred dnevne sobe i kao da se prvi put nalazi u njoj ostala zadivljena poznatom zimzelenom kompozicijom u kerami\u010dkom loncu na sredini sobe. Bio je to patuljasti grab opleten br\u0161ljanom i ure\u0161en zanimljivim jo\u0161 nedovoljno razraslim grmovima imele po sebi.<\/div>\n<div style=\"text-align: justify;\"><\/div>\n<div style=\"text-align: justify;\"><span> I \u010demu sada i taj stan i ta zimzelena kompozicija i ti prepuni ormari&#8230; zapitala se u mislima zagledana u nebrojene, pomno birane komade odje\u0107e \u0161to su joj se ve\u0107 \u010dasak kasnije, slamaju\u0107i joj srce, nudili iz ormara. Svojim besprijekornim izgledom i kvalitetom jednako su bili spremni za posljednji ispra\u0107aj svoje vlasnice.<\/span><\/div>\n<div style=\"text-align: justify;\"><span> Tupo hodaju\u0107i za nalogom policije, pitaju\u0107i se \u0161to izabrati,no\u0107a\u0161nje su joj se hijene i dalje svejednako cerile. Izvirivale su iza svake vje\u0161alice, redom kako ih je pomicala, ostavljaju\u0107i za sobom haljinu za haljinom, kostim za kostimom, vestu, jaknu, kaput\u2026<\/span><\/div>\n<div style=\"text-align: justify;\"><span> I tko zna dokad bi tako neodlu\u010dno gospo\u0111a Rebeka prebirala da je u jednom trenutku ne oplete neugodna pomisao da mo\u017eda pogre\u0161ke nema te da je doista u pitanju Judita. Zar u tom slu\u010daju ne bih morala razmi\u0161ljati njezinom glavom? Izabrati dakle ono u \u010demu bi i ona sama najradije pod zemlju, kad ve\u0107 mora?!<\/span><\/div>\n<div style=\"text-align: justify;\"><span> A krenuv\u0161i za tim pitanjem dilema je bila rije\u0161ena gotovo istoga \u010dasa. Izbor je pao na dugu haljinu od tila, bajkovitog kroja, u svim tonovima ljubi\u010daste boje. Plijenila je i \u010dudesnim materijalom od kojeg je bila napravljena. Moglo ju se smotati u vre\u0107icu, ali kada bi ju se izvuklo iz nje i dalo joj slobodu nabori haljine bi se po\u010deli paperjasto puniti \u0161ire\u0107i se poput paunova repa.\u00a0<\/span><\/div>\n<div style=\"text-align: justify;\"><span> Dovukla ju je Judita prije nekoliko godina iz Francuske kako bi bila spremna za svoje vjen\u010danje, danas-sutra, kad do\u0111e vrijeme, kako je govorila. Pa ne bi li zadivila gospo\u0111u Rebeku, jer koga bi drugoga, odmah ju je i odjenula te se po\u010dela vrtjeti u njoj. Ljubi\u010dasti\u0161u\u0161ur zadivio je tada gospo\u0111u Rebeku da je i sada zastala pred poznatom slikom u mislima \u2013 vesele mladenke neizrecive ljepote.<\/span><\/div>\n<div style=\"text-align: justify;\"><span> Vrtjela se, naime, i toga \u010dasa pred njom zanijela plesom kao da je znala da \u0107e joj taj prvi biti i posljednji.,<\/span><\/div>\n<div style=\"text-align: justify;\"><span> \u201eLjubi\u010dasto, pa \u0161to? Zbog \u010dega bi na vjen\u010danju uvijek sve trebalo biti bijelo?\u201c uzvratila je tada Judita na gospo\u0111inu primjedbu o boji.<\/span><\/div>\n<div style=\"text-align: justify;\"><span> \u201eDa, za\u0161to?\u201c zapitala se sada i sama. Iako nije voljela ljubi\u010dastu, Juditinom izboru ni tada nije mogla prigovoriti. Zablistala bi i u toj ljubi\u010dastoj kao nijedna u svojoj bijeloj, govorila si je i toga \u010dasa smotavaju\u0107i ljubi\u010dastu vjen\u010danicu u pove\u0107u vre\u0107icu.<\/span><\/div>\n<div style=\"text-align: justify;\"><span> No slijedila je jo\u0161 jedna selekcija, jo\u0161 jedan izbor, jednako te\u017eak, a ticao se donjeg \u017eenskog rublja. Pove\u0107a ladica komode ispod prozora bila ga je puna budu\u0107i da je Judita bila gotovo opsjednuta tim, u pravilu nevidljivim, ali neophodnim komadima \u017eenske odje\u0107e. Svakojakih krojeva i boja, govorili su i sada u ime vlasnice: Ne dolazi u obzir da me bilo \u0161to, osobito ne smrt, do\u010deka na cesti u neprili\u010dnom donjem rublju! Tim je rije\u010dima uzvra\u0107ala i gospo\u0111i Rebeki na prigovore o kupovanju vazda novih, uz gomilu postoje\u0107ih, jo\u0161 neraspakiranih kompleta. I mo\u017eda su joj se upravo stoga, ti, neraspakirani, s etiketom, sada gotovo proro\u010danski, podrugljivo nudili svojim bludnim izgledom.\u00a0<\/span><\/div>\n<div style=\"text-align: justify;\"><span> No taj se izbor u kona\u010dnici ipak pokazao ne\u0161to lak\u0161im. Presudila je boja haljine, zato se zakratko na\u0161ao uz nju i jedan ljubi\u010dasti, dakako, nov i s etiketom. Ugurav\u0161i sve to u jednako ljubi\u010dastu vre\u0107icu gospo\u0111a Rebeka se jo\u0161 jednom zapita za\u0161to ba\u0161 ljubi\u010dasta. Za\u0161to ba\u0161 ta boja koja je nju oduvijek podsje\u0107ala na smrt. Na one trake s posljednjim pozdravom na vijencima najmilijih, roditelja i ostalih, \u0161to su joj i sada zatitrale pred o\u010dima pa su joj suze nastavljale i dalje nezaustavljivo vreti u o\u010dima.<\/span><\/div>\n<div style=\"text-align: justify;\"><span> Sve svoje je sama otpravljala, redom kako su, potaknuti bole\u0161\u0107u ili sudbinom, zorili, kao \u0161to \u0107e, kako se \u010dinilo, sada morati \u201cotpraviti\u201c, pospremiti i Juditu.\u00a0<\/span><\/div>\n<div style=\"text-align: justify;\"><span> A mo\u017eda je Judita takvo \u0161to i sama predvidjela prostrujalo je gospo\u0111i Rebeki najednom kroz glavu dok je zaklju\u010davala za sobom vrata Juditinog stana. Jer, \u010dak ju je i ta, ljubi\u010dasta vre\u0107ica u ruci, sada ve\u0107 ispunjena Juditinom robom za pokop \u010dekala na vrhu<\/span><\/div>\n<div style=\"text-align: justify;\">ladice kao poturena za upotrebu. (Kraj ulomka.)<\/div>\n<p>[\/et_pb_text][\/et_pb_column][\/et_pb_row][\/et_pb_section]<\/p>\n","protected":false},"excerpt":{"rendered":"<p>\u201eGOSPO\u0110A S FRANCUSKOM KAPICOM\u201d dru\u0161tveni romanSinopsis &nbsp; Svaki svetac ima pro\u0161lost, svaki gre\u0161nik ima budu\u0107nost, mudrost je koju poput mota pripisujem romanu \u201eGospo\u0111a s francuskom kapicom\u201c. Naime, glavni lik romana vreme\u0161na je gospo\u0111a Rebeka, spremna da u ime obitelji \u017ertvuje i vlastiti \u017eivot. Dio te spremnosti simbolizira i francuska kapica, koju gospo\u0111a ne skida s [&hellip;]<\/p>\n","protected":false},"author":1,"featured_media":0,"parent":0,"menu_order":0,"comment_status":"closed","ping_status":"closed","template":"","meta":{"_et_pb_use_builder":"on","_et_pb_old_content":"","_et_gb_content_width":"","footnotes":""},"class_list":["post-1361","page","type-page","status-publish","hentry"],"_links":{"self":[{"href":"https:\/\/petrana-sabolek.net\/index.php\/wp-json\/wp\/v2\/pages\/1361","targetHints":{"allow":["GET"]}}],"collection":[{"href":"https:\/\/petrana-sabolek.net\/index.php\/wp-json\/wp\/v2\/pages"}],"about":[{"href":"https:\/\/petrana-sabolek.net\/index.php\/wp-json\/wp\/v2\/types\/page"}],"author":[{"embeddable":true,"href":"https:\/\/petrana-sabolek.net\/index.php\/wp-json\/wp\/v2\/users\/1"}],"replies":[{"embeddable":true,"href":"https:\/\/petrana-sabolek.net\/index.php\/wp-json\/wp\/v2\/comments?post=1361"}],"version-history":[{"count":7,"href":"https:\/\/petrana-sabolek.net\/index.php\/wp-json\/wp\/v2\/pages\/1361\/revisions"}],"predecessor-version":[{"id":4253,"href":"https:\/\/petrana-sabolek.net\/index.php\/wp-json\/wp\/v2\/pages\/1361\/revisions\/4253"}],"wp:attachment":[{"href":"https:\/\/petrana-sabolek.net\/index.php\/wp-json\/wp\/v2\/media?parent=1361"}],"curies":[{"name":"wp","href":"https:\/\/api.w.org\/{rel}","templated":true}]}}