{"id":1495,"date":"2021-10-11T14:27:34","date_gmt":"2021-10-11T14:27:34","guid":{"rendered":"https:\/\/petrana-sabolek.net\/?page_id=1495"},"modified":"2024-09-11T06:38:37","modified_gmt":"2024-09-11T06:38:37","slug":"kukuriku-dobar-dan","status":"publish","type":"page","link":"https:\/\/petrana-sabolek.net\/index.php\/kukuriku-dobar-dan\/","title":{"rendered":"Kukuriku dobar dan"},"content":{"rendered":"<p>[et_pb_section fb_built=&#8221;1&#8243; _builder_version=&#8221;4.16&#8243; _module_preset=&#8221;default&#8221; custom_padding=&#8221;||0px|||&#8221; da_disable_devices=&#8221;off|off|off&#8221; global_colors_info=&#8221;{}&#8221; da_is_popup=&#8221;off&#8221; da_exit_intent=&#8221;off&#8221; da_has_close=&#8221;on&#8221; da_alt_close=&#8221;off&#8221; da_dark_close=&#8221;off&#8221; da_not_modal=&#8221;on&#8221; da_is_singular=&#8221;off&#8221; da_with_loader=&#8221;off&#8221; da_has_shadow=&#8221;on&#8221;][et_pb_row column_structure=&#8221;2_5,3_5&#8243; _builder_version=&#8221;4.22.2&#8243; _module_preset=&#8221;default&#8221; locked=&#8221;off&#8221; global_colors_info=&#8221;{}&#8221;][et_pb_column type=&#8221;2_5&#8243; _builder_version=&#8221;4.22.2&#8243; _module_preset=&#8221;default&#8221; global_colors_info=&#8221;{}&#8221;][et_pb_image src=&#8221;https:\/\/petrana-sabolek.net\/wp-content\/uploads\/2024\/09\/kukuriku.jpg&#8221; title_text=&#8221;ikona knjige&#8221; url=&#8221;https:\/\/petrana-sabolek.net\/wp-content\/uploads\/2021\/10\/kukuriku-dobar-dan.pdf&#8221; use_overlay=&#8221;on&#8221; overlay_icon_color=&#8221;#E02B20&#8243; hover_overlay_color=&#8221;#FFFFFF&#8221; hover_icon=&#8221;&#xf5da;||fa||900&#8243; _builder_version=&#8221;4.22.2&#8243; _module_preset=&#8221;default&#8221; background_enable_image=&#8221;off&#8221; parallax=&#8221;on&#8221; hover_enabled=&#8221;0&#8243; global_colors_info=&#8221;{}&#8221; sticky_enabled=&#8221;0&#8243;][\/et_pb_image][\/et_pb_column][et_pb_column type=&#8221;3_5&#8243; _builder_version=&#8221;4.22.2&#8243; _module_preset=&#8221;default&#8221; global_colors_info=&#8221;{}&#8221;][et_pb_text _builder_version=&#8221;4.22.2&#8243; _module_preset=&#8221;default&#8221; text_font=&#8221;Times New Roman||||||||&#8221; global_colors_info=&#8221;{}&#8221;]<\/p>\n<p>(\u2026) Bilo da je rije\u010d o inicijalnom motivu ili parafrazi, tek iza autorui\u010dinih stihova ili animalisti\u010dkih likova krije se i Vitez (Kukuriku dobar dan, Koka i pili\u0107i), i Femeni\u0107 (Magare\u0107a abeceda), i Krklec (\u017dablji raj)\u2026<\/p>\n<p>(\u2026) Autorica pritom ne zaboravlja temeljnu funkciju takvih jezi\u010dkih tvorbi, njihovu nenametljivu pou\u010dnost (Ma\u010dji \u017eivot, Muha i ja\u2026), vedrinu, duhovitost (Krti\u010dina pri\u010da, Striko vuk ra\u010duna)\u2026<\/p>\n<p>(\u2026) Hrvatska dje\u010dja knji\u017eevnost i autorica osobno tom je zbirkom potvrdila kontinuitet interpretaciji animalisti\u010dke zbilje u dje\u010djoj knji\u017eevnosti\u2026 <strong>Dr. Stjepan Hranjec.<\/strong><\/p>\n<p>Trinaest pjesama ove zbirke: \u201eKukuriku dobar dan\u201c, \u201eKoka i pili\u0107i\u201c, \u201e\u017duta vojska\u201c, \u201cVeseli kozli\u0107i\u201c, \u201eKoza i mrkva\u201c, \u201eKrijesnice po\u010dekaj\u201c, \u201e\u0160umski orkestar\u201c, \u201cRazlju\u0107eni vuk\u201c, \u201e\u017dablji raj\u201c i \u201e\u017dablji pjev\u201c uglazbljeno je, u zbirci je tek osam predstavljeno svojim nosnim zapisima, a sve su utkane u dramske tekstove odnosno glazbene pri\u010de: \u201e\u0160umski orkestar\u201c, \u201cVuk i sedam kozli\u0107a\u201c, \u201eSloboda u Kukuriku gradu\u201c i \u201eLjubav u trnju\u201c te jo\u0161 jednom predstavljene u zbirci dramskih testova za najmla\u0111e, \u201eAvanturokazi\u201c (op. a.)<\/p>\n<p>[\/et_pb_text][et_pb_toggle title=&#8221;Bibliote\u010dni zapisi&#8221; open_toggle_text_color=&#8221;#032263&#8243; open_toggle_background_color=&#8221;#FFFFFF&#8221; closed_toggle_background_color=&#8221;#FFFFFF&#8221; icon_color=&#8221;#032263&#8243; toggle_icon=&#8221;&#xf233;||fa||900&#8243; open_icon_color=&#8221;#032263&#8243; open_toggle_icon=&#8221;&#xf233;||fa||900&#8243; _builder_version=&#8221;4.22.2&#8243; _module_preset=&#8221;default&#8221; title_text_color=&#8221;#032263&#8243; title_font=&#8221;|600|||||||&#8221; background_color=&#8221;#032263&#8243; global_colors_info=&#8221;{}&#8221;]<\/p>\n<table>\n<tbody>\n<tr>\n<td colspan=\"2\"><span>BIBLIOTE\u010cNI <\/span><span>PODACI O KNJIZI<\/span><\/td>\n<\/tr>\n<tr>\n<td><span>Naziv knjige<\/span><\/td>\n<td><span>KUKURIKU DOBAR DAN<\/span><\/td>\n<\/tr>\n<tr>\n<td><span>Autor<\/span><\/td>\n<td><span>Petrana Sabolek<\/span><\/td>\n<\/tr>\n<tr>\n<td><span>Kategorija<\/span><\/td>\n<td><span>Knjiga za djecu, poetska zbirka o \u017eivotinjama<\/span><\/td>\n<\/tr>\n<tr>\n<td><span>Broj stranica<\/span><\/td>\n<td><span>121<\/span><\/td>\n<\/tr>\n<tr>\n<td><span>Godina izdanja<\/span><\/td>\n<td><span>2005.<\/span><\/td>\n<\/tr>\n<tr>\n<td><span>Nakladnik<\/span><\/td>\n<td><span>KNJI\u017dEVNI KRUG &#8220;Re\u010di rie\u010d&#8221; \u010cakovec <\/span><\/td>\n<\/tr>\n<tr>\n<td><span>Recenzent<\/span><\/td>\n<td><span>dr. Stjepan Hranjec<\/span><\/td>\n<\/tr>\n<tr>\n<td><span>Uvez<\/span><\/td>\n<td><span>Tvrdi, \u0161ivano, plastificirano<\/span><\/td>\n<\/tr>\n<tr>\n<td><span>Format<\/span><\/td>\n<td><span>17,5 x 24,7<\/span><\/td>\n<\/tr>\n<tr>\n<td><span>Likovna i grafi\u010dka obrada <\/span><\/td>\n<td><span>Simona Sabolek<\/span><\/td>\n<\/tr>\n<tr>\n<td><span>Ilustracije<\/span><\/td>\n<td><span>U\u010denice O\u0160 Strahoninec: Vanda Kipke, Katarina Sabol i Ana-Petra Kova\u010d, voditelj Katarina Sabolek <\/span><\/td>\n<\/tr>\n<tr>\n<td><span>UDK<\/span><\/td>\n<td><span>CIP &#8211; Nau\u010dna i sveu\u010dili\u0161na knji\u017enica Zagreb <\/span><span>821.163.42-93-1<\/span><\/td>\n<\/tr>\n<tr>\n<td><span>ISBN <\/span><\/td>\n<td><span>953-6466-27-9 pod brojem 451209012<\/span><\/td>\n<\/tr>\n<tr>\n<td><span>Tisak i uvez <\/span><\/td>\n<td><span>TIZ ZRINSKI, \u010cakovec<\/span><\/td>\n<\/tr>\n<tr>\n<td><span>Naklada <\/span><\/td>\n<td><span>500 primjeraka<\/span><\/td>\n<\/tr>\n<\/tbody>\n<\/table>\n<p>[\/et_pb_toggle][\/et_pb_column][\/et_pb_row][\/et_pb_section]<\/p>\n","protected":false},"excerpt":{"rendered":"<p>(\u2026) Bilo da je rije\u010d o inicijalnom motivu ili parafrazi, tek iza autorui\u010dinih stihova ili animalisti\u010dkih likova krije se i Vitez (Kukuriku dobar dan, Koka i pili\u0107i), i Femeni\u0107 (Magare\u0107a abeceda), i Krklec (\u017dablji raj)\u2026 (\u2026) Autorica pritom ne zaboravlja temeljnu funkciju takvih jezi\u010dkih tvorbi, njihovu nenametljivu pou\u010dnost (Ma\u010dji \u017eivot, Muha i ja\u2026), vedrinu, duhovitost [&hellip;]<\/p>\n","protected":false},"author":1,"featured_media":0,"parent":0,"menu_order":0,"comment_status":"closed","ping_status":"closed","template":"","meta":{"_et_pb_use_builder":"on","_et_pb_old_content":"","_et_gb_content_width":"","footnotes":""},"class_list":["post-1495","page","type-page","status-publish","hentry"],"_links":{"self":[{"href":"https:\/\/petrana-sabolek.net\/index.php\/wp-json\/wp\/v2\/pages\/1495","targetHints":{"allow":["GET"]}}],"collection":[{"href":"https:\/\/petrana-sabolek.net\/index.php\/wp-json\/wp\/v2\/pages"}],"about":[{"href":"https:\/\/petrana-sabolek.net\/index.php\/wp-json\/wp\/v2\/types\/page"}],"author":[{"embeddable":true,"href":"https:\/\/petrana-sabolek.net\/index.php\/wp-json\/wp\/v2\/users\/1"}],"replies":[{"embeddable":true,"href":"https:\/\/petrana-sabolek.net\/index.php\/wp-json\/wp\/v2\/comments?post=1495"}],"version-history":[{"count":6,"href":"https:\/\/petrana-sabolek.net\/index.php\/wp-json\/wp\/v2\/pages\/1495\/revisions"}],"predecessor-version":[{"id":4223,"href":"https:\/\/petrana-sabolek.net\/index.php\/wp-json\/wp\/v2\/pages\/1495\/revisions\/4223"}],"wp:attachment":[{"href":"https:\/\/petrana-sabolek.net\/index.php\/wp-json\/wp\/v2\/media?parent=1495"}],"curies":[{"name":"wp","href":"https:\/\/api.w.org\/{rel}","templated":true}]}}