{"id":1503,"date":"2021-10-11T14:36:37","date_gmt":"2021-10-11T14:36:37","guid":{"rendered":"https:\/\/petrana-sabolek.net\/?page_id=1503"},"modified":"2024-09-11T06:46:00","modified_gmt":"2024-09-11T06:46:00","slug":"covjek-s-tristo-zvanja-2","status":"publish","type":"page","link":"https:\/\/petrana-sabolek.net\/index.php\/covjek-s-tristo-zvanja-2\/","title":{"rendered":"\u010covjek s tristo zvanja"},"content":{"rendered":"<p>[et_pb_section fb_built=&#8221;1&#8243; _builder_version=&#8221;4.16&#8243; _module_preset=&#8221;default&#8221; custom_padding=&#8221;||0px|||&#8221; da_disable_devices=&#8221;off|off|off&#8221; global_colors_info=&#8221;{}&#8221; da_is_popup=&#8221;off&#8221; da_exit_intent=&#8221;off&#8221; da_has_close=&#8221;on&#8221; da_alt_close=&#8221;off&#8221; da_dark_close=&#8221;off&#8221; da_not_modal=&#8221;on&#8221; da_is_singular=&#8221;off&#8221; da_with_loader=&#8221;off&#8221; da_has_shadow=&#8221;on&#8221;][et_pb_row column_structure=&#8221;2_5,3_5&#8243; _builder_version=&#8221;4.22.2&#8243; _module_preset=&#8221;default&#8221; locked=&#8221;off&#8221; global_colors_info=&#8221;{}&#8221;][et_pb_column type=&#8221;2_5&#8243; _builder_version=&#8221;4.22.2&#8243; _module_preset=&#8221;default&#8221; global_colors_info=&#8221;{}&#8221;][et_pb_image src=&#8221;https:\/\/petrana-sabolek.net\/wp-content\/uploads\/2021\/05\/Covjek-s-tristo-zvanja.png&#8221; title_text=&#8221;ikona knjige&#8221; url=&#8221;https:\/\/petrana-sabolek.net\/wp-content\/uploads\/2024\/09\/covjek-s-300-zvanja-gotovo_web.pdf&#8221; use_overlay=&#8221;on&#8221; overlay_icon_color=&#8221;#E02B20&#8243; hover_overlay_color=&#8221;#FFFFFF&#8221; hover_icon=&#8221;&#xf5da;||fa||900&#8243; _builder_version=&#8221;4.22.2&#8243; _module_preset=&#8221;default&#8221; background_enable_image=&#8221;off&#8221; parallax=&#8221;on&#8221; hover_enabled=&#8221;0&#8243; global_colors_info=&#8221;{}&#8221; sticky_enabled=&#8221;0&#8243;][\/et_pb_image][\/et_pb_column][et_pb_column type=&#8221;3_5&#8243; _builder_version=&#8221;4.22.2&#8243; _module_preset=&#8221;default&#8221; global_colors_info=&#8221;{}&#8221;][et_pb_text _builder_version=&#8221;4.22.2&#8243; _module_preset=&#8221;default&#8221; text_font=&#8221;Times New Roman||||||||&#8221; global_colors_info=&#8221;{}&#8221;]<\/p>\n<p style=\"text-align: justify;\">\u2026Poetski se prihvatiti zadatka da se abecednim redom predstave razli\u010dita zvanja, koja su mnogo puta u hrvatskoj knji\u017eevnosti ispjevali mnogi pjesnici, svakako je zahtjevan pothvat kojeg je pjesnikinja Sabolek, u zbirci u mnogome natpjevala. U\u010dinila je to uspje\u0161no \u010dak i na planu konstruktivizma, koji u nekim od pjesama (napr. Ribar) ima puno opravdanje, nadopunjuju\u0107i likovnim jezi\u010dki izraz, do punog sklada\u2026 <strong>Mr. Ljubica Dui\u0107<\/strong><\/p>\n<p style=\"text-align: justify;\">\u2026Jednostavnost poetskog izraza, \u017eiv i razigran ritam, prirodni srokovi, pomno odabrani, ali i funkcionalni leksik nisu potisnuli racionalni sloj jer svaka pjesma nosi poruku, ali ne onu nametnutu, prisutnu u tradicionalnim pjesmama s nagla\u0161enim komponentama\u2026 Ono \u0161to daje posebnu dra\u017e pjesmama iz zbrke\u00a0\u010covjek s tristo zvanja je zvuk i igrivost rije\u010di, ritmi\u010dka tonska obilje\u017eja. \u017div razigran ritam postignut igrom srokova, izborom odgovaraju\u0107ih, onomatopejskih rije\u010di, uobi\u010dajena, djeci bliska i poznata kompozicija pjesama s duhovitom, nenametljivom porukom zacijelo \u0107e plijeniti njihov pozornost\u2026 Male \u010ditatelje posebno \u0107e privu\u0107i pjesme koje i svojom formom govore o pojedinim zanatima kao \u0161to su Zidar, Vratar, Zlatar, \u017deljezni\u010dar, Rudar\u2026 Bujna ma\u0161ta, duhovitost, afinitet za smije\u0161no, spremnost da prihvati dje\u010dju igru i \u0161alu, da nas upozori da je \u0161ala bitna komponenta u dje\u010djem do\u017eivljaju realnog svijeta bitne su kvalitete pjesnikinje\u2026 <strong>Ivanka Kuni\u0107<\/strong><\/p>\n<p style=\"text-align: justify;\">Knjiga je 2005. g. bila predlo\u017eak dje\u010dje emisije \u201c\u017dlabraonica\u201c na TV \u010cakovec.<\/p>\n<p>[\/et_pb_text][et_pb_toggle title=&#8221;Bibliote\u010dni zapisi&#8221; open_toggle_text_color=&#8221;#032263&#8243; open_toggle_background_color=&#8221;#FFFFFF&#8221; closed_toggle_background_color=&#8221;#FFFFFF&#8221; icon_color=&#8221;#032263&#8243; toggle_icon=&#8221;&#xf233;||fa||900&#8243; open_icon_color=&#8221;#032263&#8243; open_toggle_icon=&#8221;&#xf233;||fa||900&#8243; _builder_version=&#8221;4.22.2&#8243; _module_preset=&#8221;default&#8221; title_text_color=&#8221;#032263&#8243; title_font=&#8221;|600|||||||&#8221; background_color=&#8221;#032263&#8243; global_colors_info=&#8221;{}&#8221;]<\/p>\n<table style=\"height: 648px;\">\n<tbody>\n<tr style=\"height: 24px;\">\n<td colspan=\"2\" style=\"height: 24px; width: 348px;\"><span>BIBLIOTE\u010cNI <\/span><span>PODACI O KNJIZI<\/span><\/td>\n<\/tr>\n<tr style=\"height: 24px;\">\n<td style=\"height: 24px; width: 111.281px;\"><span>Naziv knjige<\/span><\/td>\n<td style=\"height: 24px; width: 230.719px;\"><span>\u010cOVJEK S TRISTO ZVANJA<\/span><\/td>\n<\/tr>\n<tr style=\"height: 24px;\">\n<td style=\"height: 24px; width: 111.281px;\"><span>Autor<\/span><\/td>\n<td style=\"height: 24px; width: 230.719px;\"><span>Petrana Sabolek<\/span><\/td>\n<\/tr>\n<tr style=\"height: 24px;\">\n<td style=\"height: 24px; width: 111.281px;\"><span>Kategorija<\/span><\/td>\n<td style=\"height: 24px; width: 230.719px;\"><span>Knjiga za djecu, poetska zbirka <\/span><\/td>\n<\/tr>\n<tr style=\"height: 24px;\">\n<td style=\"height: 24px; width: 111.281px;\"><span>Broj stranica<\/span><\/td>\n<td style=\"height: 24px; width: 230.719px;\"><span>121<\/span><\/td>\n<\/tr>\n<tr style=\"height: 24px;\">\n<td style=\"height: 24px; width: 111.281px;\"><span>Godina izdanja<\/span><\/td>\n<td style=\"height: 24px; width: 230.719px;\"><span>1994.<\/span><\/td>\n<\/tr>\n<tr style=\"height: 24px;\">\n<td style=\"height: 24px; width: 111.281px;\"><span>Nakladnik<\/span><\/td>\n<td style=\"height: 24px; width: 230.719px;\"><span>COMEX d.o.o. \u010cAKOVEC<\/span><\/td>\n<\/tr>\n<tr style=\"height: 24px;\">\n<td style=\"height: 24px; width: 111.281px;\"><span>Uvez<\/span><\/td>\n<td style=\"height: 24px; width: 230.719px;\"><span>Tvrdi, \u0161ivano, plastificirano<\/span><\/td>\n<\/tr>\n<tr style=\"height: 24px;\">\n<td style=\"height: 24px; width: 111.281px;\"><span>Format<\/span><\/td>\n<td style=\"height: 24px; width: 230.719px;\"><span>17,5 x 24,7<\/span><\/td>\n<\/tr>\n<tr style=\"height: 144px;\">\n<td style=\"height: 144px; width: 111.281px;\">\n<p><span>Naslovnica, crte\u017ei i<\/span><\/p>\n<p><span>tehni\u010dka priprema<\/span><\/p>\n<\/td>\n<td style=\"height: 144px; width: 230.719px;\"><span>Boris Lisjak <\/span><\/td>\n<\/tr>\n<tr style=\"height: 96px;\">\n<td style=\"height: 96px; width: 111.281px;\"><span>Recenzenti<\/span><\/td>\n<td style=\"height: 96px; width: 230.719px;\">\n<p><span>mr. Ljubica Dui\u0107-Jovanovi\u0107<\/span><\/p>\n<p><span>Ivanka Kuni\u0107, prof. <\/span><\/p>\n<\/td>\n<\/tr>\n<tr style=\"height: 120px;\">\n<td style=\"height: 120px; width: 111.281px;\"><span>UDK<\/span><\/td>\n<td style=\"height: 120px; width: 230.719px;\">\n<p><span>CIP &#8211; Nau\u010dna I sveu\u010dili\u0161na knji\u017enice Zagreb <\/span><\/p>\n<p><span>886.2(02.053.2)-2<\/span><\/p>\n<\/td>\n<\/tr>\n<tr style=\"height: 24px;\">\n<td style=\"height: 24px; width: 111.281px;\"><span>ISBN <\/span><\/td>\n<td style=\"height: 24px; width: 230.719px;\"><span>953-96289-0-3<\/span><\/td>\n<\/tr>\n<tr style=\"height: 24px;\">\n<td style=\"height: 24px; width: 111.281px;\"><span>Tisak i uvez <\/span><\/td>\n<td style=\"height: 24px; width: 230.719px;\"><span>TIZ ZRINSKI, \u010cakovec<\/span><\/td>\n<\/tr>\n<tr style=\"height: 24px;\">\n<td style=\"height: 24px; width: 111.281px;\"><span>Naklada <\/span><\/td>\n<td style=\"height: 24px; width: 230.719px;\"><span>2000 primjeraka<\/span><\/td>\n<\/tr>\n<\/tbody>\n<\/table>\n<p>[\/et_pb_toggle][\/et_pb_column][\/et_pb_row][\/et_pb_section]<\/p>\n","protected":false},"excerpt":{"rendered":"<p>\u2026Poetski se prihvatiti zadatka da se abecednim redom predstave razli\u010dita zvanja, koja su mnogo puta u hrvatskoj knji\u017eevnosti ispjevali mnogi pjesnici, svakako je zahtjevan pothvat kojeg je pjesnikinja Sabolek, u zbirci u mnogome natpjevala. U\u010dinila je to uspje\u0161no \u010dak i na planu konstruktivizma, koji u nekim od pjesama (napr. Ribar) ima puno opravdanje, nadopunjuju\u0107i likovnim [&hellip;]<\/p>\n","protected":false},"author":1,"featured_media":0,"parent":0,"menu_order":0,"comment_status":"closed","ping_status":"closed","template":"","meta":{"_et_pb_use_builder":"on","_et_pb_old_content":"","_et_gb_content_width":"","footnotes":""},"class_list":["post-1503","page","type-page","status-publish","hentry"],"_links":{"self":[{"href":"https:\/\/petrana-sabolek.net\/index.php\/wp-json\/wp\/v2\/pages\/1503","targetHints":{"allow":["GET"]}}],"collection":[{"href":"https:\/\/petrana-sabolek.net\/index.php\/wp-json\/wp\/v2\/pages"}],"about":[{"href":"https:\/\/petrana-sabolek.net\/index.php\/wp-json\/wp\/v2\/types\/page"}],"author":[{"embeddable":true,"href":"https:\/\/petrana-sabolek.net\/index.php\/wp-json\/wp\/v2\/users\/1"}],"replies":[{"embeddable":true,"href":"https:\/\/petrana-sabolek.net\/index.php\/wp-json\/wp\/v2\/comments?post=1503"}],"version-history":[{"count":6,"href":"https:\/\/petrana-sabolek.net\/index.php\/wp-json\/wp\/v2\/pages\/1503\/revisions"}],"predecessor-version":[{"id":4226,"href":"https:\/\/petrana-sabolek.net\/index.php\/wp-json\/wp\/v2\/pages\/1503\/revisions\/4226"}],"wp:attachment":[{"href":"https:\/\/petrana-sabolek.net\/index.php\/wp-json\/wp\/v2\/media?parent=1503"}],"curies":[{"name":"wp","href":"https:\/\/api.w.org\/{rel}","templated":true}]}}