{"id":1536,"date":"2021-10-12T13:50:12","date_gmt":"2021-10-12T13:50:12","guid":{"rendered":"https:\/\/petrana-sabolek.net\/?page_id=1536"},"modified":"2024-09-12T08:01:42","modified_gmt":"2024-09-12T08:01:42","slug":"tarzan-pod-smokvom-3","status":"publish","type":"page","link":"https:\/\/petrana-sabolek.net\/index.php\/tarzan-pod-smokvom-3\/","title":{"rendered":"Tarzan pod smokvom"},"content":{"rendered":"<p>[et_pb_section fb_built=&#8221;1&#8243; _builder_version=&#8221;4.16&#8243; _module_preset=&#8221;default&#8221; custom_padding=&#8221;||0px|||&#8221; da_disable_devices=&#8221;off|off|off&#8221; global_colors_info=&#8221;{}&#8221; da_is_popup=&#8221;off&#8221; da_exit_intent=&#8221;off&#8221; da_has_close=&#8221;on&#8221; da_alt_close=&#8221;off&#8221; da_dark_close=&#8221;off&#8221; da_not_modal=&#8221;on&#8221; da_is_singular=&#8221;off&#8221; da_with_loader=&#8221;off&#8221; da_has_shadow=&#8221;on&#8221;][et_pb_row column_structure=&#8221;2_5,3_5&#8243; _builder_version=&#8221;4.22.2&#8243; _module_preset=&#8221;default&#8221; locked=&#8221;off&#8221; global_colors_info=&#8221;{}&#8221;][et_pb_column type=&#8221;2_5&#8243; _builder_version=&#8221;4.22.2&#8243; _module_preset=&#8221;default&#8221; global_colors_info=&#8221;{}&#8221;][et_pb_image src=&#8221;https:\/\/petrana-sabolek.net\/wp-content\/uploads\/2021\/05\/Tarzan-pod-smokvom.png&#8221; title_text=&#8221;ikona knjige&#8221; url=&#8221;https:\/\/petrana-sabolek.net\/wp-content\/uploads\/2024\/09\/Tarzan-pod-smokvom_web.pdf&#8221; use_overlay=&#8221;on&#8221; overlay_icon_color=&#8221;#E02B20&#8243; hover_overlay_color=&#8221;#FFFFFF&#8221; hover_icon=&#8221;&#xf5da;||fa||900&#8243; _builder_version=&#8221;4.22.2&#8243; _module_preset=&#8221;default&#8221; background_enable_image=&#8221;off&#8221; parallax=&#8221;on&#8221; hover_enabled=&#8221;0&#8243; global_colors_info=&#8221;{}&#8221; sticky_enabled=&#8221;0&#8243;][\/et_pb_image][\/et_pb_column][et_pb_column type=&#8221;3_5&#8243; _builder_version=&#8221;4.22.2&#8243; _module_preset=&#8221;default&#8221; global_colors_info=&#8221;{}&#8221;][et_pb_text _builder_version=&#8221;4.22.2&#8243; _module_preset=&#8221;default&#8221; text_font=&#8221;Times New Roman||||||||&#8221; global_colors_info=&#8221;{}&#8221;]<\/p>\n<p style=\"text-align: justify;\">\u2026Da se knjiga pojavila \u0161ezdesetih godina pro\u0161loga stolje\u0107a, bila bi bestseler i mogla bi konkurirati \u201cJunacima Pavlove ulice\u201d, \u201cLete\u0107em razredu\u201d, \u201cVlaku u snijegu\u201d i drugim tada vrlo popularnim romanima za omladinu\u2026 <strong>Mr. Ivan Zvonar<\/strong><\/p>\n<p style=\"text-align: justify;\">\u2026Knji\u017eevnica Petrana Sabolek autorica je \u0161irokog tematskog registra i kao da nema motiva kojeg nije kadra zavidno artisti\u010dki obraditi te ponuditi. Tijekom stvarala\u0161tva doma\u0107u literaturu obogatila je serijom ilustriranih knjiga za najmla\u0111e (\u201cMjesec u krevetu\u201d,\u00a0\u201c\u010covjek s tristo zvanja\u201d,\u00a0\u201cOd slova do slova\u201d,\u00a0\u201cKukuriku dobar dan\u201d), komplementarnim pjesni\u010dkim zbirkama na karakteristi\u010dnom me\u0111imurskom jezi\u010dnom idiomu (\u201cScvrto \u017eivljenje\u201d,\u00a0\u201cKipeci boge\u010dki\u201d), kompaktnom plo\u010dom s uglazbljenim pjesmama (\u201cPetrana Sabolek djeci\u201d) te zahtjevnim i podrobnim monografijama (\u201cFotomonografija Pjeva\u010dkog zbora Josip \u0160tolcer Slavenski \u010cakovec, 25. obljetnica, 1975. \u2013 2000.\u201d,\u00a0\u201cUmjetni\u010dka \u0161kola \u201eMiroslav Magdaleni\u0107\u201c \u010cakovec 15. obljetnica, 1996. \u2013 2011.\u201d) \u2013 i koliko god to stvarala\u0161tvo bilo (\u010dak i medijski) razgranato, sve ima svoj razlog, \u0161arm i misiju\u2026. Posebno je to slu\u010daj u knjizi \u201cTarzan pod smokvom\u201d, gdje se \u010ditavi vi\u0161e ili manje op\u0161irni svjetovi dje\u010dje i mladena\u010dke percepcije mogu prona\u0107i prolaze\u0107i kroz predo\u010dene pasa\u017ee, s time da se ovdje autorica namjerila i eksplicitnije biografski progovoriti o nekim kadrovima izravno iz obiteljske (o\u010deve) situacijske detaljizacije, i to ne samo na metafori\u010dki na\u010din, budu\u0107i nas fabulativno\/dekorativno dramatur\u0161ki roman pozicionira u Gr\u010dku (zemlju o\u010devog porijekla)\u2026 <strong>iz Pogovora knjige, Robertino Bartolec<\/strong><\/p>\n<p>[\/et_pb_text][et_pb_toggle title=&#8221;Bibliote\u010dni zapisi&#8221; open_toggle_text_color=&#8221;#032263&#8243; open_toggle_background_color=&#8221;#FFFFFF&#8221; closed_toggle_background_color=&#8221;#FFFFFF&#8221; icon_color=&#8221;#032263&#8243; toggle_icon=&#8221;&#xf233;||fa||900&#8243; open_icon_color=&#8221;#032263&#8243; open_toggle_icon=&#8221;&#xf233;||fa||900&#8243; _builder_version=&#8221;4.22.2&#8243; _module_preset=&#8221;default&#8221; title_text_color=&#8221;#032263&#8243; title_font=&#8221;|600|||||||&#8221; background_color=&#8221;#032263&#8243; global_colors_info=&#8221;{}&#8221;]<\/p>\n<table>\n<tbody>\n<tr>\n<td><span>Naziv knjige<\/span><\/td>\n<td><span>TARZAN POD SMOKVOM<\/span><\/td>\n<\/tr>\n<tr>\n<td><span>Autor<\/span><\/td>\n<td><span>Petrana Sabolek<\/span><\/td>\n<\/tr>\n<tr>\n<td><span>Kategorija<\/span><\/td>\n<td><span>Roman za mlade <\/span><\/td>\n<\/tr>\n<tr>\n<td><span>Broj stranica<\/span><\/td>\n<td><span>283<\/span><\/td>\n<\/tr>\n<tr>\n<td><span>Godina izdanja<\/span><\/td>\n<td><span>2015.<\/span><\/td>\n<\/tr>\n<tr>\n<td><span>Nakladnik<\/span><\/td>\n<td><span>Modernist nakladni\u0161tvo, Vara\u017edin<\/span><\/td>\n<\/tr>\n<tr>\n<td><span>Uvez<\/span><\/td>\n<td><span>Meko, \u0161ivano<\/span><\/td>\n<\/tr>\n<tr>\n<td><span>Format<\/span><\/td>\n<td><span>14,4 x 20,2<\/span><\/td>\n<\/tr>\n<tr>\n<td><span>Obrada teksta i tisak <\/span><\/td>\n<td><span>Modernist nakladni\u0161tvo, Vara\u017edin<\/span><\/td>\n<\/tr>\n<tr>\n<td><span>ISBN <\/span><\/td>\n<td>\n<p><span>CIP &#8211; Nau\u010dna I sveu\u010dili\u0161na knji\u017enica Zagreb <\/span><\/p>\n<p><span>978-953-7281-45-8 pod brojem 000904042<\/span><\/p>\n<\/td>\n<\/tr>\n<tr>\n<td><span>Napomena<\/span><\/td>\n<td><span>&#8211;<\/span><\/td>\n<\/tr>\n<\/tbody>\n<\/table>\n<p>&nbsp;<\/p>\n<p>[\/et_pb_toggle][\/et_pb_column][\/et_pb_row][\/et_pb_section]<\/p>\n","protected":false},"excerpt":{"rendered":"<p>\u2026Da se knjiga pojavila \u0161ezdesetih godina pro\u0161loga stolje\u0107a, bila bi bestseler i mogla bi konkurirati \u201cJunacima Pavlove ulice\u201d, \u201cLete\u0107em razredu\u201d, \u201cVlaku u snijegu\u201d i drugim tada vrlo popularnim romanima za omladinu\u2026 Mr. Ivan Zvonar \u2026Knji\u017eevnica Petrana Sabolek autorica je \u0161irokog tematskog registra i kao da nema motiva kojeg nije kadra zavidno artisti\u010dki obraditi te ponuditi. [&hellip;]<\/p>\n","protected":false},"author":1,"featured_media":0,"parent":0,"menu_order":0,"comment_status":"closed","ping_status":"closed","template":"","meta":{"_et_pb_use_builder":"on","_et_pb_old_content":"","_et_gb_content_width":"","footnotes":""},"class_list":["post-1536","page","type-page","status-publish","hentry"],"_links":{"self":[{"href":"https:\/\/petrana-sabolek.net\/index.php\/wp-json\/wp\/v2\/pages\/1536","targetHints":{"allow":["GET"]}}],"collection":[{"href":"https:\/\/petrana-sabolek.net\/index.php\/wp-json\/wp\/v2\/pages"}],"about":[{"href":"https:\/\/petrana-sabolek.net\/index.php\/wp-json\/wp\/v2\/types\/page"}],"author":[{"embeddable":true,"href":"https:\/\/petrana-sabolek.net\/index.php\/wp-json\/wp\/v2\/users\/1"}],"replies":[{"embeddable":true,"href":"https:\/\/petrana-sabolek.net\/index.php\/wp-json\/wp\/v2\/comments?post=1536"}],"version-history":[{"count":6,"href":"https:\/\/petrana-sabolek.net\/index.php\/wp-json\/wp\/v2\/pages\/1536\/revisions"}],"predecessor-version":[{"id":4308,"href":"https:\/\/petrana-sabolek.net\/index.php\/wp-json\/wp\/v2\/pages\/1536\/revisions\/4308"}],"wp:attachment":[{"href":"https:\/\/petrana-sabolek.net\/index.php\/wp-json\/wp\/v2\/media?parent=1536"}],"curies":[{"name":"wp","href":"https:\/\/api.w.org\/{rel}","templated":true}]}}