{"id":1555,"date":"2021-10-12T14:04:55","date_gmt":"2021-10-12T14:04:55","guid":{"rendered":"https:\/\/petrana-sabolek.net\/?page_id=1555"},"modified":"2024-09-11T07:44:13","modified_gmt":"2024-09-11T07:44:13","slug":"pjesme-iz-apsurdistana-2","status":"publish","type":"page","link":"https:\/\/petrana-sabolek.net\/index.php\/pjesme-iz-apsurdistana-2\/","title":{"rendered":"Pjesme iz Apsurdistana"},"content":{"rendered":"<p>[et_pb_section fb_built=&#8221;1&#8243; _builder_version=&#8221;4.16&#8243; _module_preset=&#8221;default&#8221; custom_padding=&#8221;||0px|||&#8221; da_disable_devices=&#8221;off|off|off&#8221; global_colors_info=&#8221;{}&#8221; da_is_popup=&#8221;off&#8221; da_exit_intent=&#8221;off&#8221; da_has_close=&#8221;on&#8221; da_alt_close=&#8221;off&#8221; da_dark_close=&#8221;off&#8221; da_not_modal=&#8221;on&#8221; da_is_singular=&#8221;off&#8221; da_with_loader=&#8221;off&#8221; da_has_shadow=&#8221;on&#8221;][et_pb_row column_structure=&#8221;2_5,3_5&#8243; _builder_version=&#8221;4.22.2&#8243; _module_preset=&#8221;default&#8221; locked=&#8221;off&#8221; global_colors_info=&#8221;{}&#8221;][et_pb_column type=&#8221;2_5&#8243; _builder_version=&#8221;4.22.2&#8243; _module_preset=&#8221;default&#8221; global_colors_info=&#8221;{}&#8221;][et_pb_image src=&#8221;https:\/\/petrana-sabolek.net\/wp-content\/uploads\/2021\/05\/Apsurdistan.png&#8221; title_text=&#8221;ikona knjige&#8221; url=&#8221;https:\/\/petrana-sabolek.net\/wp-content\/uploads\/2024\/09\/Apsurdistan_2PDFa_web.pdf&#8221; use_overlay=&#8221;on&#8221; overlay_icon_color=&#8221;#E02B20&#8243; hover_overlay_color=&#8221;#FFFFFF&#8221; hover_icon=&#8221;&#xf5da;||fa||900&#8243; _builder_version=&#8221;4.22.2&#8243; _module_preset=&#8221;default&#8221; background_enable_image=&#8221;off&#8221; parallax=&#8221;on&#8221; hover_enabled=&#8221;0&#8243; global_colors_info=&#8221;{}&#8221; sticky_enabled=&#8221;0&#8243;][\/et_pb_image][\/et_pb_column][et_pb_column type=&#8221;3_5&#8243; _builder_version=&#8221;4.22.2&#8243; _module_preset=&#8221;default&#8221; global_colors_info=&#8221;{}&#8221;][et_pb_text _builder_version=&#8221;4.22.2&#8243; _module_preset=&#8221;default&#8221; text_font=&#8221;Times New Roman||||||||&#8221; global_colors_info=&#8221;{}&#8221;]<\/p>\n<p style=\"text-align: justify;\">\u2026vezivanjem svojeg pjesni\u010dkog rukopisa uz svoprote\u017enu \u010de\u0161ku usvojenicu \u2013 Petrana Sabolek bez oklijevaju\u0107eg ne\u0107kanja samim naslovom (\u201cPjesme iz Apsurdistana\u201d) potkrepljuje tra\u017eenu struju \u010ditala\u010dkog dojma, ukazuje na spisateljsku procjenu prilika, nudi literarno shvatiti op\u0107u kob, ba\u0161 na fonu \u2018havelovskog\u2019 anga\u017emana kojeg slavna bugarska teoreti\u010darka knji\u017eevnosti Julia Kristeva pomno definira\u00a0istinsko disidentstvo jednostavno zna\u010di misliti. Jer interpretativni dinamizam u samom naslovu (\u201cPjesme iz Apsurdistana\u201d) nedvojbeno demonstrira lucidnost (promi\u0161ljenost) u pa\u017eljivom odmjeravanju prizornih smje\u0161tenosti, cilja izbistreno protuma\u010diti apsurd=besmisao aktualnih \u017eivotnih i dru\u0161tvenih pojava. Dok prethodno objavljeni pjesni\u010dki naslov (\u201cPoetski fle\u0161bek\u201d) kompozicijski i strukturom precizno jasno oslikava autori\u010dinu viziju bliske pro\u0161losti, gdje se sro\u0111ava ratno hu\u0161kanje s oli\u010denjem zlobe i zla kompletno vidjev\u0161i svijet civilizacijski izokrenut u nehumane dru\u0161tvene regulative, kao nastavak \u201cPjesme iz Apsurdistana\u201d mogu se \u010ditati (autenti\u010dnom sposobno\u0161\u0107u Petrane Sabolek uhvatiti male no \u010desto su\u0161tinske i stoga krucijalne momente ljudskog stanja i duha) spisateljskim otporom grotesci i banalnoj ispraznosti nakostrije\u0161enih \u017eivotnih prijepora\u2026 O oba djela prefiks je poezija a sufiks posu\u0111enica\/usvojenica ugra\u0111enih vi\u0161eslojnih razotkrivaju\u0107ih kodova) \u010dime Petrana Sabolek \u0161iri tradicionalno poimanje \u201cimena knjige\u201d logikom koja nadilazi elementarnost naziva i ostvaruje se \u010dak izvan ugra\u0111enog \u201ctekstualnog zna\u010denja\u201d svojevrsnom permutacijom, ukr\u0161tavanjem direktnih dru\u0161tvenih\/\u017eivotnih\/intimnih iskustava \u2013 kako nje kao pisca, tako i svakog \u010ditatelja. To pokazuje da autorica u svojem pjesni\u0161tvu mo\u017ee uvjerljivo iskazati i umjetni\u010dki izazovno oblikovati raznolika vlastita iskustva, da zna umjetni\u010dki kombinirati od naj\u0161irih dru\u0161tvenih-aktualnih prostora do najunutarnjijih dimenzija du\u0161evnosti-emocionalnosti, gdje se zbog njezine jasno\u0107e i sugestivnosti \u010ditatelji lako mogu poistovjetiti sa sadr\u017eajem\u2026 \u201eModernist\u201c, Vara\u017edin, <strong>Robertina Bartoleca, O NAOPAKOSTI SVAGDANA.<\/strong><\/p>\n<p>[\/et_pb_text][et_pb_toggle title=&#8221;Bibliote\u010dni zapisi&#8221; open_toggle_text_color=&#8221;#032263&#8243; open_toggle_background_color=&#8221;#FFFFFF&#8221; closed_toggle_background_color=&#8221;#FFFFFF&#8221; icon_color=&#8221;#032263&#8243; toggle_icon=&#8221;&#xf233;||fa||900&#8243; open_icon_color=&#8221;#032263&#8243; open_toggle_icon=&#8221;&#xf233;||fa||900&#8243; _builder_version=&#8221;4.22.2&#8243; _module_preset=&#8221;default&#8221; title_text_color=&#8221;#032263&#8243; title_font=&#8221;|600|||||||&#8221; background_color=&#8221;#032263&#8243; global_colors_info=&#8221;{}&#8221;]<\/p>\n<table>\n<tbody>\n<tr>\n<td><span>Naziv knjige<\/span><\/td>\n<td><span>PJESME IZ APSURDISTANA<\/span><\/td>\n<\/tr>\n<tr>\n<td><span>Autor<\/span><\/td>\n<td><span>Petrana Sabolek<\/span><\/td>\n<\/tr>\n<tr>\n<td><span>Kategorija<\/span><\/td>\n<td><span>Poezija<\/span><\/td>\n<\/tr>\n<tr>\n<td><span>Broj stranica<\/span><\/td>\n<td><span>129<\/span><\/td>\n<\/tr>\n<tr>\n<td><span>Godina izdanja<\/span><\/td>\n<td><span>2019.<\/span><\/td>\n<\/tr>\n<tr>\n<td><span>Nakladnik<\/span><\/td>\n<td><span>Modernist nakladni\u0161tvo, Vara\u017edin<\/span><\/td>\n<\/tr>\n<tr>\n<td><span>Uvez<\/span><\/td>\n<td><span>Tvrdi, \u0161ivano<\/span><\/td>\n<\/tr>\n<tr>\n<td><span>Format<\/span><\/td>\n<td><span>14,4 x 20,2<\/span><\/td>\n<\/tr>\n<tr>\n<td><span>Grafi\u010dki uredili <\/span><\/td>\n<td>\n<p><span>Petrana Sabolek<\/span><\/p>\n<p><span>Matija Hranjec<\/span><\/p>\n<\/td>\n<\/tr>\n<tr>\n<td><span>ISBN <\/span><\/td>\n<td>\n<p><span>CIP &#8211; Nau\u010dna I sveu\u010dili\u0161na knji\u017enica Zagreb <\/span><\/p>\n<p><span>978-953-7281-57-1 pod brojem 001005365<\/span><\/p>\n<\/td>\n<\/tr>\n<tr>\n<td><span>Tisak i uvez <\/span><\/td>\n<td><span>Graphprint, d.o.o. \u010cakovec<\/span><\/td>\n<\/tr>\n<tr>\n<td><span>Napomena<\/span><\/td>\n<td><span>&#8211;<\/span><\/td>\n<\/tr>\n<\/tbody>\n<\/table>\n<p>[\/et_pb_toggle][\/et_pb_column][\/et_pb_row][\/et_pb_section]<\/p>\n","protected":false},"excerpt":{"rendered":"<p>\u2026vezivanjem svojeg pjesni\u010dkog rukopisa uz svoprote\u017enu \u010de\u0161ku usvojenicu \u2013 Petrana Sabolek bez oklijevaju\u0107eg ne\u0107kanja samim naslovom (\u201cPjesme iz Apsurdistana\u201d) potkrepljuje tra\u017eenu struju \u010ditala\u010dkog dojma, ukazuje na spisateljsku procjenu prilika, nudi literarno shvatiti op\u0107u kob, ba\u0161 na fonu \u2018havelovskog\u2019 anga\u017emana kojeg slavna bugarska teoreti\u010darka knji\u017eevnosti Julia Kristeva pomno definira\u00a0istinsko disidentstvo jednostavno zna\u010di misliti. Jer interpretativni dinamizam [&hellip;]<\/p>\n","protected":false},"author":1,"featured_media":0,"parent":0,"menu_order":0,"comment_status":"closed","ping_status":"closed","template":"","meta":{"_et_pb_use_builder":"on","_et_pb_old_content":"","_et_gb_content_width":"","footnotes":""},"class_list":["post-1555","page","type-page","status-publish","hentry"],"_links":{"self":[{"href":"https:\/\/petrana-sabolek.net\/index.php\/wp-json\/wp\/v2\/pages\/1555","targetHints":{"allow":["GET"]}}],"collection":[{"href":"https:\/\/petrana-sabolek.net\/index.php\/wp-json\/wp\/v2\/pages"}],"about":[{"href":"https:\/\/petrana-sabolek.net\/index.php\/wp-json\/wp\/v2\/types\/page"}],"author":[{"embeddable":true,"href":"https:\/\/petrana-sabolek.net\/index.php\/wp-json\/wp\/v2\/users\/1"}],"replies":[{"embeddable":true,"href":"https:\/\/petrana-sabolek.net\/index.php\/wp-json\/wp\/v2\/comments?post=1555"}],"version-history":[{"count":6,"href":"https:\/\/petrana-sabolek.net\/index.php\/wp-json\/wp\/v2\/pages\/1555\/revisions"}],"predecessor-version":[{"id":4237,"href":"https:\/\/petrana-sabolek.net\/index.php\/wp-json\/wp\/v2\/pages\/1555\/revisions\/4237"}],"wp:attachment":[{"href":"https:\/\/petrana-sabolek.net\/index.php\/wp-json\/wp\/v2\/media?parent=1555"}],"curies":[{"name":"wp","href":"https:\/\/api.w.org\/{rel}","templated":true}]}}