{"id":1566,"date":"2021-10-12T14:12:33","date_gmt":"2021-10-12T14:12:33","guid":{"rendered":"https:\/\/petrana-sabolek.net\/?page_id=1566"},"modified":"2024-09-11T07:28:01","modified_gmt":"2024-09-11T07:28:01","slug":"umjetnicka-skola-miroslav-magdalenic-cakovec","status":"publish","type":"page","link":"https:\/\/petrana-sabolek.net\/index.php\/umjetnicka-skola-miroslav-magdalenic-cakovec\/","title":{"rendered":"Umjetni\u010dka \u0161kola Miroslav Magdaleni\u0107 \u010cakovec"},"content":{"rendered":"<p>[et_pb_section fb_built=&#8221;1&#8243; _builder_version=&#8221;4.16&#8243; _module_preset=&#8221;default&#8221; custom_padding=&#8221;||0px|||&#8221; da_disable_devices=&#8221;off|off|off&#8221; global_colors_info=&#8221;{}&#8221; da_is_popup=&#8221;off&#8221; da_exit_intent=&#8221;off&#8221; da_has_close=&#8221;on&#8221; da_alt_close=&#8221;off&#8221; da_dark_close=&#8221;off&#8221; da_not_modal=&#8221;on&#8221; da_is_singular=&#8221;off&#8221; da_with_loader=&#8221;off&#8221; da_has_shadow=&#8221;on&#8221;][et_pb_row column_structure=&#8221;2_5,3_5&#8243; _builder_version=&#8221;4.22.2&#8243; _module_preset=&#8221;default&#8221; locked=&#8221;off&#8221; global_colors_info=&#8221;{}&#8221;][et_pb_column type=&#8221;2_5&#8243; _builder_version=&#8221;4.22.2&#8243; _module_preset=&#8221;default&#8221; global_colors_info=&#8221;{}&#8221;][et_pb_image src=&#8221;https:\/\/petrana-sabolek.net\/wp-content\/uploads\/2021\/05\/mmagdalenic_web.png&#8221; title_text=&#8221;ikona knjige&#8221; url=&#8221;https:\/\/petrana-sabolek.net\/wp-content\/uploads\/2024\/09\/mmagdalenic_web2.pdf&#8221; use_overlay=&#8221;on&#8221; overlay_icon_color=&#8221;#E02B20&#8243; hover_overlay_color=&#8221;#FFFFFF&#8221; hover_icon=&#8221;&#xf5da;||fa||900&#8243; _builder_version=&#8221;4.22.2&#8243; _module_preset=&#8221;default&#8221; background_enable_image=&#8221;off&#8221; parallax=&#8221;on&#8221; hover_enabled=&#8221;0&#8243; global_colors_info=&#8221;{}&#8221; sticky_enabled=&#8221;0&#8243;][\/et_pb_image][\/et_pb_column][et_pb_column type=&#8221;3_5&#8243; _builder_version=&#8221;4.22.2&#8243; _module_preset=&#8221;default&#8221; global_colors_info=&#8221;{}&#8221;][et_pb_text _builder_version=&#8221;4.22.2&#8243; _module_preset=&#8221;default&#8221; text_font=&#8221;Times New Roman||||||||&#8221; global_colors_info=&#8221;{}&#8221;]<\/p>\n<p style=\"text-align: justify;\">Luksuznog tiska i uveza, monografija na 260 bogato ilustriranih stranica predstavlja rad \u0161kole od prvih glazbenih poduka u rodnoj ku\u0107i glazbenika Miroslava Magdaleni\u0107a, preko povijesnog kontinuiteta institucijske glazbene naobrazbe u \u010cakovcu (1946. \u2013 1995.), s posebnim osvrtom na petnaest godi\u0161nje obljetni\u010dko razdoblje \u0161kole (1996. \u2013 2011.). Poglavljima u\u010deni\u010dke statistike, faktografije i galerije fotografija dokumentira se iznimno bogat rad \u0161kole. Brojan profesorski kadar uz zavidan glazbeni instrumentarij i opremu, radne uvjete i sl. \u0161irokom lepezom glazbene poduke kao i osnovno\u0161kolskim svladavanjem plesa na \u0161picama rezultirao je velikim brojem polaznika \u0161kole a time i stvaranju novog mladog glazbenog umjetni\u010dkog nara\u0161taja.<\/p>\n<p style=\"text-align: justify;\">Me\u0111u najpoznatijima iz tog razdoblja Monografija navodi (abecedno): Lidiju Bajuk, Senku Ba\u0161ek-\u0160amec, Tihomira Cvrtilu, Dra\u017eena Domjani\u0107a, Denisa Fai\u0107a, Janju Ga\u0161par, Nata\u0161u Bra\u010dko, r., Husad\u017ei\u0107, An\u0111elka Igreca, Ines Jagec, Marija Jageca, Klaudiju Jur\u010dec, Petra Korbelja, Marinu Koruni\u0107 r, Remar, Liljanu Labazan, Petru Labazan, Krunoslava Lajtmana, Idu Lepoglavec, r. Cmre\u010dnjak, Branimira Magdaleni\u0107a, Mladena Magdaleni\u0107a, Nenada Novaka, Vladimira Novaka, Jasminku Pervan, r. \u010conka\u0161, Nikolinu Pintar, r. Virgej, Davora Po\u017egaja, Kristijana Poto\u010dnjaka, Aleksandra Rebernika, Damira Rodigera, Stelu Svetec, Predraga \u0160anteka, Mira Taradi, Ninu Tarandek, Bojanu Terzo, r. Grabar, Miljenka Turka i Marka \u017derjava. Poneku noticu o svakome pro\u010ditajte u Monografiju \u0161to ju i zbog njih i na ovoj svojoj stranici predstavljam u cijelosti.<\/p>\n<p>[\/et_pb_text][et_pb_toggle title=&#8221;Bibliote\u010dni zapisi&#8221; open_toggle_text_color=&#8221;#032263&#8243; open_toggle_background_color=&#8221;#FFFFFF&#8221; closed_toggle_background_color=&#8221;#FFFFFF&#8221; icon_color=&#8221;#032263&#8243; toggle_icon=&#8221;&#xf233;||fa||900&#8243; open_icon_color=&#8221;#032263&#8243; open_toggle_icon=&#8221;&#xf233;||fa||900&#8243; _builder_version=&#8221;4.22.2&#8243; _module_preset=&#8221;default&#8221; title_text_color=&#8221;#032263&#8243; title_font=&#8221;|600|||||||&#8221; background_color=&#8221;#032263&#8243; global_colors_info=&#8221;{}&#8221;]<\/p>\n<table>\n<tbody>\n<tr>\n<td><span>Naziv knjige<\/span><\/td>\n<td><span>UMJETNI\u010cKA \u0160KOLA &#8220;MIROSLAV MAGDALENI\u0106&#8221; \u010cakovec, 1996.-2011.,<br \/>15. obljetnica,<\/span><\/td>\n<\/tr>\n<tr>\n<td><span>Urednik, tekst i dizajn<\/span><\/td>\n<td><span>Petrana Sabolek<\/span><\/td>\n<\/tr>\n<tr>\n<td><span>Kategorija<\/span><\/td>\n<td><span>Monografija<\/span><\/td>\n<\/tr>\n<tr>\n<td><span>Broj stranica<\/span><\/td>\n<td><span>260<\/span><\/td>\n<\/tr>\n<tr>\n<td><span>Godina izdanja<\/span><\/td>\n<td><span>2011.<\/span><\/td>\n<\/tr>\n<tr>\n<td><span>Nakladnik<\/span><\/td>\n<td><span>UMJETNI\u010cKA \u0160KOLA &#8220;MIROSLAV MAGDALENI\u0106&#8221; \u010cakovec<\/span><\/td>\n<\/tr>\n<tr>\n<td><span>Uvez<\/span><\/td>\n<td><span>Tvrdi, \u0161ivano, plastificirano<\/span><\/td>\n<\/tr>\n<tr>\n<td><span>Format<\/span><\/td>\n<td><span>21,5 x 30,3<\/span><\/td>\n<\/tr>\n<tr>\n<td><span>Grafi\u010dka priprema za tisak<\/span><\/td>\n<td><span>Matija Hranjec, Tiskara KRON d.o.o \u010cakovec<\/span><\/td>\n<\/tr>\n<tr>\n<td><span>ISBN <\/span><\/td>\n<td>\n<p><span>CIP &#8211; Nau\u010dna I sveu\u010dili\u0161na knji\u017enica Zagreb <\/span><\/p>\n<p><span>978-953-56925-0-8 pod brojem 785579<\/span><\/p>\n<\/td>\n<\/tr>\n<tr>\n<td><span>Tisak i uvez<\/span><\/td>\n<td><span>Tiskara KRON d.o.o \u010cakovec<\/span><\/td>\n<\/tr>\n<tr>\n<td><span>Naklada <\/span><\/td>\n<td><span>500 primjeraka<\/span><\/td>\n<\/tr>\n<tr>\n<td><span>Napomene<\/span><\/td>\n<td><span>&#8211;<\/span><\/td>\n<\/tr>\n<\/tbody>\n<\/table>\n<p>[\/et_pb_toggle][\/et_pb_column][\/et_pb_row][\/et_pb_section]<\/p>\n","protected":false},"excerpt":{"rendered":"<p>Luksuznog tiska i uveza, monografija na 260 bogato ilustriranih stranica predstavlja rad \u0161kole od prvih glazbenih poduka u rodnoj ku\u0107i glazbenika Miroslava Magdaleni\u0107a, preko povijesnog kontinuiteta institucijske glazbene naobrazbe u \u010cakovcu (1946. \u2013 1995.), s posebnim osvrtom na petnaest godi\u0161nje obljetni\u010dko razdoblje \u0161kole (1996. \u2013 2011.). Poglavljima u\u010deni\u010dke statistike, faktografije i galerije fotografija dokumentira se [&hellip;]<\/p>\n","protected":false},"author":1,"featured_media":0,"parent":0,"menu_order":0,"comment_status":"closed","ping_status":"closed","template":"","meta":{"_et_pb_use_builder":"on","_et_pb_old_content":"","_et_gb_content_width":"","footnotes":""},"class_list":["post-1566","page","type-page","status-publish","hentry"],"_links":{"self":[{"href":"https:\/\/petrana-sabolek.net\/index.php\/wp-json\/wp\/v2\/pages\/1566","targetHints":{"allow":["GET"]}}],"collection":[{"href":"https:\/\/petrana-sabolek.net\/index.php\/wp-json\/wp\/v2\/pages"}],"about":[{"href":"https:\/\/petrana-sabolek.net\/index.php\/wp-json\/wp\/v2\/types\/page"}],"author":[{"embeddable":true,"href":"https:\/\/petrana-sabolek.net\/index.php\/wp-json\/wp\/v2\/users\/1"}],"replies":[{"embeddable":true,"href":"https:\/\/petrana-sabolek.net\/index.php\/wp-json\/wp\/v2\/comments?post=1566"}],"version-history":[{"count":6,"href":"https:\/\/petrana-sabolek.net\/index.php\/wp-json\/wp\/v2\/pages\/1566\/revisions"}],"predecessor-version":[{"id":4235,"href":"https:\/\/petrana-sabolek.net\/index.php\/wp-json\/wp\/v2\/pages\/1566\/revisions\/4235"}],"wp:attachment":[{"href":"https:\/\/petrana-sabolek.net\/index.php\/wp-json\/wp\/v2\/media?parent=1566"}],"curies":[{"name":"wp","href":"https:\/\/api.w.org\/{rel}","templated":true}]}}