{"id":1572,"date":"2021-10-12T14:18:50","date_gmt":"2021-10-12T14:18:50","guid":{"rendered":"https:\/\/petrana-sabolek.net\/?page_id=1572"},"modified":"2024-09-11T07:02:03","modified_gmt":"2024-09-11T07:02:03","slug":"pjevacki-zbor-j-s-slavenski-cakovec","status":"publish","type":"page","link":"https:\/\/petrana-sabolek.net\/index.php\/pjevacki-zbor-j-s-slavenski-cakovec\/","title":{"rendered":"Pjeva\u010dki zbor J.\u0160. Slavenski \u010cakovec"},"content":{"rendered":"<p>[et_pb_section fb_built=&#8221;1&#8243; _builder_version=&#8221;4.16&#8243; _module_preset=&#8221;default&#8221; custom_padding=&#8221;||0px|||&#8221; da_disable_devices=&#8221;off|off|off&#8221; global_colors_info=&#8221;{}&#8221; da_is_popup=&#8221;off&#8221; da_exit_intent=&#8221;off&#8221; da_has_close=&#8221;on&#8221; da_alt_close=&#8221;off&#8221; da_dark_close=&#8221;off&#8221; da_not_modal=&#8221;on&#8221; da_is_singular=&#8221;off&#8221; da_with_loader=&#8221;off&#8221; da_has_shadow=&#8221;on&#8221;][et_pb_row column_structure=&#8221;2_5,3_5&#8243; _builder_version=&#8221;4.22.2&#8243; _module_preset=&#8221;default&#8221; locked=&#8221;off&#8221; global_colors_info=&#8221;{}&#8221;][et_pb_column type=&#8221;2_5&#8243; _builder_version=&#8221;4.22.2&#8243; _module_preset=&#8221;default&#8221; global_colors_info=&#8221;{}&#8221;][et_pb_image src=&#8221;https:\/\/petrana-sabolek.net\/wp-content\/uploads\/2021\/05\/JSSlavenski.png&#8221; title_text=&#8221;ikona knjige&#8221; url=&#8221;https:\/\/petrana-sabolek.net\/wp-content\/uploads\/2024\/09\/monografija-jss_web.pdf&#8221; use_overlay=&#8221;on&#8221; overlay_icon_color=&#8221;#E02B20&#8243; hover_overlay_color=&#8221;#FFFFFF&#8221; hover_icon=&#8221;&#xf5da;||fa||900&#8243; _builder_version=&#8221;4.22.2&#8243; _module_preset=&#8221;default&#8221; background_enable_image=&#8221;off&#8221; parallax=&#8221;on&#8221; hover_enabled=&#8221;0&#8243; global_colors_info=&#8221;{}&#8221; sticky_enabled=&#8221;0&#8243;][\/et_pb_image][\/et_pb_column][et_pb_column type=&#8221;3_5&#8243; _builder_version=&#8221;4.22.2&#8243; _module_preset=&#8221;default&#8221; global_colors_info=&#8221;{}&#8221;][et_pb_text _builder_version=&#8221;4.22.2&#8243; _module_preset=&#8221;default&#8221; text_font=&#8221;Times New Roman||||||||&#8221; global_colors_info=&#8221;{}&#8221;]<\/p>\n<p style=\"text-align: justify;\">Devedeset i tri stranice monografije Pjeva\u010dkog zbora \u201eJosip \u0160tolcer Slavenski\u201c \u010cakovec obiljem fotografija s vje\u017ebi, putovanja, nastupa, dru\u017eenja, osobito dokumentacije te nezaobilazne zborske statistike govori o uspje\u0161nom dvadeset petogodi\u0161njem radu kojim se Zbor potvr\u0111uje i danas. Tijekom obljetni\u010dkog razdoblja pjevanjem zborske glazbe oku\u0161alo se 226 \u017eenskih i 158 mu\u0161kih glasova, sveukupno 384 pjeva\u010da, zbor je na repertoaru imao 180 skladbi 77 doma\u0107ih i stranih skladatelja, ne ra\u010dunaju\u0107i brojne narodne me\u0111imurske, ruske, talijanske i dr. sakralne, bo\u017ei\u0107ne, uskrsne pjesme, crna\u010dke spirituale\u2026<\/p>\n<p style=\"text-align: justify;\">Navedene brojke danas su daleko ve\u0107e o \u010demu svjedo\u010de brojne nagrade Zbora. Okitio se dosad, osvojeno na doma\u0107im i me\u0111unarodnim zborskim natjecanjima, s ukupno \u010detrnaest zlatnih, dvadeset i pet srebrnih i pet bron\u010danih nagrada te devet posebnih nagrada struke za najbolju izvedbu pojedine skladbe. Od doma\u0107ih izdvajam: Prvu nagrada na 44. susretu hrvatskih pjeva\u010dkih zborova u Novigradu 2011. te na 49. susretu hrvatskih pjeva\u010dkih zborova u Rovinju 2016., a u godinama 2006., 2008. i 2009. progla\u0161en je najboljim zborom Susreta hrvatskih pjeva\u010dkih zborova. Me\u0111unarodna priznanja \u010dine: devetnaest zlatnih diploma, devet srebrnih i \u010detiri bron\u010dane te tri srebrne olimpijske medalje osvojene na Olimpijadama zborova u Bremenu i Grazu. Kao stalna \u010dlanica Zbora, danas sa ve\u0107 vi\u0161e od 35 godina pjeva\u010dkog sta\u017ea u Pjeva\u010dkom zboru \u201eJosip \u0160tolcer Slavenski\u201c \u010cakovec ovu monografiju s ponosom u cijelosti predstavljam i na ovoj svojoj stranici.<\/p>\n<p>[\/et_pb_text][et_pb_toggle title=&#8221;Bibliote\u010dni zapisi&#8221; open_toggle_text_color=&#8221;#032263&#8243; open_toggle_background_color=&#8221;#FFFFFF&#8221; closed_toggle_background_color=&#8221;#FFFFFF&#8221; icon_color=&#8221;#032263&#8243; toggle_icon=&#8221;&#xf233;||fa||900&#8243; open_icon_color=&#8221;#032263&#8243; open_toggle_icon=&#8221;&#xf233;||fa||900&#8243; _builder_version=&#8221;4.22.2&#8243; _module_preset=&#8221;default&#8221; title_text_color=&#8221;#032263&#8243; title_font=&#8221;|600|||||||&#8221; background_color=&#8221;#032263&#8243; global_colors_info=&#8221;{}&#8221;]<\/p>\n<table>\n<tbody>\n<tr>\n<td><span>Naziv knjige<\/span><\/td>\n<td><span>PJEVA\u010cKI ZBOR &#8220;JOSIP \u0160TOLCER SLAVENSKI&#8221; \u010cakovec, 1975.-2000., 25. obljetnica,<\/span><\/td>\n<\/tr>\n<tr>\n<td><span>Urednik<\/span><\/td>\n<td><span>Petrana Sabolek<\/span><\/td>\n<\/tr>\n<tr>\n<td><span>Kategorija<\/span><\/td>\n<td><span>Monografija<\/span><\/td>\n<\/tr>\n<tr>\n<td><span>Broj stranica<\/span><\/td>\n<td><span>85<\/span><\/td>\n<\/tr>\n<tr>\n<td><span>Godina izdanja<\/span><\/td>\n<td><span>2000.<\/span><\/td>\n<\/tr>\n<tr>\n<td><span>Nakladnik<\/span><\/td>\n<td><span>KNJI\u017dEVNI KRUG &#8220;Re\u010di rie\u010d&#8221; \u010cakovec <\/span><\/td>\n<\/tr>\n<tr>\n<td><span>Recenzent<\/span><\/td>\n<td><span>Ljubica Dui\u0107 Jovanovi\u0107<\/span><\/td>\n<\/tr>\n<tr>\n<td><span>Uvez<\/span><\/td>\n<td><span>Tvrdi, \u0161ivano, plastificirano<\/span><\/td>\n<\/tr>\n<tr>\n<td><span>Format<\/span><\/td>\n<td><span>21,5 x 30,3<\/span><\/td>\n<\/tr>\n<tr>\n<td><span>Naslovnica<\/span><\/td>\n<td><span>Boris Lisjak, &#8220;Dvije lije&#8221;, d.o.o. \u010cakovec<\/span><\/td>\n<\/tr>\n<tr>\n<td><span>Grafi\u010dka priprema za tisak<\/span><\/td>\n<td><span>Josip Toth<\/span><\/td>\n<\/tr>\n<tr>\n<td><span>UDK<\/span><\/td>\n<td>\n<p><span>CIP &#8211; Nau\u010dna I sveu\u010dili\u0161na knji\u017enica Zagreb <\/span><\/p>\n<p><span>78.077 (497.5 \u010cakovec) (067.5)<\/span><\/p>\n<\/td>\n<\/tr>\n<tr>\n<td><span>ISBN <\/span><\/td>\n<td><span>953-6466-19-8 pod brojem 4004030001<\/span><\/td>\n<\/tr>\n<tr>\n<td><span>Tisak i uvez<\/span><\/td>\n<td><span>Knjigoplastika, d.o.o. \u010cakovec<\/span><\/td>\n<\/tr>\n<tr>\n<td><span>Naklada <\/span><\/td>\n<td><span>500 primjeraka<\/span><\/td>\n<\/tr>\n<tr>\n<td><span>Napomene<\/span><\/td>\n<td><span>&#8211;<\/span><\/td>\n<\/tr>\n<\/tbody>\n<\/table>\n<p>[\/et_pb_toggle][\/et_pb_column][\/et_pb_row][\/et_pb_section]<\/p>\n","protected":false},"excerpt":{"rendered":"<p>Devedeset i tri stranice monografije Pjeva\u010dkog zbora \u201eJosip \u0160tolcer Slavenski\u201c \u010cakovec obiljem fotografija s vje\u017ebi, putovanja, nastupa, dru\u017eenja, osobito dokumentacije te nezaobilazne zborske statistike govori o uspje\u0161nom dvadeset petogodi\u0161njem radu kojim se Zbor potvr\u0111uje i danas. Tijekom obljetni\u010dkog razdoblja pjevanjem zborske glazbe oku\u0161alo se 226 \u017eenskih i 158 mu\u0161kih glasova, sveukupno 384 pjeva\u010da, zbor je [&hellip;]<\/p>\n","protected":false},"author":1,"featured_media":0,"parent":0,"menu_order":0,"comment_status":"closed","ping_status":"closed","template":"","meta":{"_et_pb_use_builder":"on","_et_pb_old_content":"","_et_gb_content_width":"","footnotes":""},"class_list":["post-1572","page","type-page","status-publish","hentry"],"_links":{"self":[{"href":"https:\/\/petrana-sabolek.net\/index.php\/wp-json\/wp\/v2\/pages\/1572","targetHints":{"allow":["GET"]}}],"collection":[{"href":"https:\/\/petrana-sabolek.net\/index.php\/wp-json\/wp\/v2\/pages"}],"about":[{"href":"https:\/\/petrana-sabolek.net\/index.php\/wp-json\/wp\/v2\/types\/page"}],"author":[{"embeddable":true,"href":"https:\/\/petrana-sabolek.net\/index.php\/wp-json\/wp\/v2\/users\/1"}],"replies":[{"embeddable":true,"href":"https:\/\/petrana-sabolek.net\/index.php\/wp-json\/wp\/v2\/comments?post=1572"}],"version-history":[{"count":6,"href":"https:\/\/petrana-sabolek.net\/index.php\/wp-json\/wp\/v2\/pages\/1572\/revisions"}],"predecessor-version":[{"id":4230,"href":"https:\/\/petrana-sabolek.net\/index.php\/wp-json\/wp\/v2\/pages\/1572\/revisions\/4230"}],"wp:attachment":[{"href":"https:\/\/petrana-sabolek.net\/index.php\/wp-json\/wp\/v2\/media?parent=1572"}],"curies":[{"name":"wp","href":"https:\/\/api.w.org\/{rel}","templated":true}]}}