{"id":1578,"date":"2021-10-12T14:22:48","date_gmt":"2021-10-12T14:22:48","guid":{"rendered":"https:\/\/petrana-sabolek.net\/?page_id=1578"},"modified":"2024-09-12T07:11:53","modified_gmt":"2024-09-12T07:11:53","slug":"avanturokazi-2","status":"publish","type":"page","link":"https:\/\/petrana-sabolek.net\/index.php\/avanturokazi-2\/","title":{"rendered":"Avanturokazi"},"content":{"rendered":"<p>[et_pb_section fb_built=&#8221;1&#8243; _builder_version=&#8221;4.16&#8243; _module_preset=&#8221;default&#8221; custom_padding=&#8221;||0px|||&#8221; da_disable_devices=&#8221;off|off|off&#8221; global_colors_info=&#8221;{}&#8221; da_is_popup=&#8221;off&#8221; da_exit_intent=&#8221;off&#8221; da_has_close=&#8221;on&#8221; da_alt_close=&#8221;off&#8221; da_dark_close=&#8221;off&#8221; da_not_modal=&#8221;on&#8221; da_is_singular=&#8221;off&#8221; da_with_loader=&#8221;off&#8221; da_has_shadow=&#8221;on&#8221;][et_pb_row column_structure=&#8221;2_5,3_5&#8243; _builder_version=&#8221;4.22.2&#8243; _module_preset=&#8221;default&#8221; locked=&#8221;off&#8221; global_colors_info=&#8221;{}&#8221;][et_pb_column type=&#8221;2_5&#8243; _builder_version=&#8221;4.22.2&#8243; _module_preset=&#8221;default&#8221; global_colors_info=&#8221;{}&#8221;][et_pb_image src=&#8221;https:\/\/petrana-sabolek.net\/wp-content\/uploads\/2021\/05\/Avanturokazi.png&#8221; title_text=&#8221;ikona knjige&#8221; url=&#8221;https:\/\/petrana-sabolek.net\/wp-content\/uploads\/2024\/09\/Avanturokazi_web.pdf&#8221; use_overlay=&#8221;on&#8221; overlay_icon_color=&#8221;#E02B20&#8243; hover_overlay_color=&#8221;#FFFFFF&#8221; hover_icon=&#8221;&#xf5da;||fa||900&#8243; _builder_version=&#8221;4.22.2&#8243; _module_preset=&#8221;default&#8221; background_enable_image=&#8221;off&#8221; parallax=&#8221;on&#8221; hover_enabled=&#8221;0&#8243; global_colors_info=&#8221;{}&#8221; sticky_enabled=&#8221;0&#8243;][\/et_pb_image][\/et_pb_column][et_pb_column type=&#8221;3_5&#8243; _builder_version=&#8221;4.22.2&#8243; _module_preset=&#8221;default&#8221; global_colors_info=&#8221;{}&#8221;][et_pb_text _builder_version=&#8221;4.22.2&#8243; _module_preset=&#8221;default&#8221; text_font=&#8221;Times New Roman||||||||&#8221; global_colors_info=&#8221;{}&#8221;]<\/p>\n<p style=\"text-align: justify;\">\u2026Karakteristike suvremenog svijeta u tekstovima Petrane Sabolek nisu va\u017enije od onoga \u0161to je zajedni\u010dko svim vremenima i prostorima, a \u0161to njezini dje\u010dji igrokazi, koliko god tematski jednostavni bili, itekako osvje\u0161\u0107uju \u2013 va\u017enost pomaganja, uva\u017eavanja i otvorenosti prema svakom bi\u0107u. Ti su slojevi, me\u0111utim, ba\u0161 kao\u00a0i kompletne fabule, kod autorice Sabolek dane u iznimno duhovitoj, humoristi\u010dnoj vizuri koja je zajedni\u010dka cijeloj zbirci\u2026 Ono \u0161to je osobito zanimljivo u igrokazima Petrane Sabolek jest njihova postmoderna, igrivosti i kreativnom eksperimentu sklona priroda, \u0161to se rijetko susre\u0107e u dje\u010djoj knji\u017eevnosti, osobito u onoj namijenjenoj najmla\u0111oj publici. Tekstovi su otvorenih, slobodnih formi, \u017eanrovski razli\u010ditih predispozicija (\u201escenska igra u jednoj slici\u201c, \u201emuzi\u010dko-scenska igra u jednoj slici\u201c, \u201emjuzikl u jednoj slici\u201c, \u201eulomci iz istoimenog romana u tisku, prire\u0111eni za scensko uprizorenje\u201c, \u201escenska-lutkarska igra u jednoj slici\u201c) te, prije svega, funkcioniraju kao interaktivni tekstualni okviri za zanimljivu i medijski vi\u0161eslojnu scensku izvedbu \u2013 onu u kojoj \u0107e va\u017ean element biti glazba, zvukovi op\u0107enito, \u017eivopisna scenografija i kostimografija. S obzirom da je rije\u010d o najmla\u0111oj publici, o djeci koja nerijetko jo\u0161 sama ne znaju \u010ditati, upravo je scenska izvedba kontekst u kojem ovi igrokazi trebaju prona\u0107i svoje puno ozbiljenje. Nije stoga \u010dudno da autorica puno pa\u017enje pridaje upravo didaskalijama i drugim paratekstualnim uputama u kojima daje detaljan izgled scenskog prostora, likova i njihovih kostima, informacije o zvu\u010dnoj kulisi i glazbenoj podlozi\u2026 Granica izme\u0111u teksta i izvedbe, izme\u0111u knji\u017eevnosti i kazali\u0161ta, kod Petrane Sabolek je tako porozna, ludi\u010dna i fluidna, kakva se rijetko nalazi i u mnogo ozbiljnijim, \u2018odraslim\u2019 \u017eanrovima. Ili je to mo\u017eda ba\u0161 i upravo zbog toga \u2013 jer pisanje za djecu predstavlja trajnu avanturu u kojem kreativnih elemenata otvorenih igrivim interpretacijama, varijacijama i originalnim konstrukcijama nikada nije previ\u0161e. Tim vi\u0161e jer su upravo djeca najkriti\u010dnija i najzahtjevnija publika koju je nemogu\u0107e prevariti\u2026 <strong>Izv. doc. dr. sc. Andrijana Kos-Lajtman<\/strong><\/p>\n<p>[\/et_pb_text][et_pb_toggle title=&#8221;Bibliote\u010dni zapisi&#8221; open_toggle_text_color=&#8221;#032263&#8243; open_toggle_background_color=&#8221;#FFFFFF&#8221; closed_toggle_background_color=&#8221;#FFFFFF&#8221; icon_color=&#8221;#032263&#8243; toggle_icon=&#8221;&#xf233;||fa||900&#8243; open_icon_color=&#8221;#032263&#8243; open_toggle_icon=&#8221;&#xf233;||fa||900&#8243; _builder_version=&#8221;4.22.2&#8243; _module_preset=&#8221;default&#8221; title_text_color=&#8221;#032263&#8243; title_font=&#8221;|600|||||||&#8221; background_color=&#8221;#032263&#8243; global_colors_info=&#8221;{}&#8221;]<\/p>\n<table>\n<tbody>\n<tr>\n<td><span>Naziv knjige<\/span><\/td>\n<td><span>AVANTUROKAZI <\/span><\/td>\n<\/tr>\n<tr>\n<td><span>Autor<\/span><\/td>\n<td><span>Petrana Sabolek<\/span><\/td>\n<\/tr>\n<tr>\n<td><span>Kategorija<\/span><\/td>\n<td><span>Knjiga za djecu, dramski tekstovi<\/span><\/td>\n<\/tr>\n<tr>\n<td><span>Broj stranica<\/span><\/td>\n<td><span>332<\/span><\/td>\n<\/tr>\n<tr>\n<td><span>Godina izdanja<\/span><\/td>\n<td><span>2021.<\/span><\/td>\n<\/tr>\n<tr>\n<td><span>Nakladnik<\/span><\/td>\n<td><span>Ogranak Matice hrvatske u \u010cakovcu<\/span><\/td>\n<\/tr>\n<tr>\n<td><span>Uvez<\/span><\/td>\n<td><span>Tvrdi, \u0161ivano, plastificirano<\/span><\/td>\n<\/tr>\n<tr>\n<td><span>Format<\/span><\/td>\n<td><span>15,0 x 22,0<\/span><\/td>\n<\/tr>\n<tr>\n<td><span>Dizajn i grafi\u010dka priprema<\/span><\/td>\n<td><span>Matija Hranjec<br \/><\/span><span>Og grafikad.o.o., Jastrebarsko<\/span><\/td>\n<\/tr>\n<tr>\n<td><span>Recenzenti<\/span><\/td>\n<td><span>Andrijana Kos-Lajtman<br \/><\/span><span>Tamara Turza-Bogdan<\/span><\/td>\n<\/tr>\n<tr>\n<td><span>ISBN <\/span><\/td>\n<td><span>CIP &#8211; Nau\u010dna I sveu\u010dili\u0161na knji\u017enica Zagreb <\/span><span>978-953-6138-88-3 pod brojem 001095629<\/span><\/td>\n<\/tr>\n<tr>\n<td><span>Tisak i uvez<\/span><\/td>\n<td><span>Og grafika d.o.o., Jastrebarsko<\/span><\/td>\n<\/tr>\n<tr>\n<td><span>Naklada <\/span><\/td>\n<td><span>200 primjeraka<\/span><\/td>\n<\/tr>\n<tr>\n<td><span>Napomene<\/span><\/td>\n<td><span>Tiskano u sklopu Programa javnih potreba u kulturi Me\u0111imurske \u017eupanije za 2020. \/ 2021. godinu. <\/span><\/td>\n<\/tr>\n<\/tbody>\n<\/table>\n<p>[\/et_pb_toggle][\/et_pb_column][\/et_pb_row][\/et_pb_section]<\/p>\n","protected":false},"excerpt":{"rendered":"<p>\u2026Karakteristike suvremenog svijeta u tekstovima Petrane Sabolek nisu va\u017enije od onoga \u0161to je zajedni\u010dko svim vremenima i prostorima, a \u0161to njezini dje\u010dji igrokazi, koliko god tematski jednostavni bili, itekako osvje\u0161\u0107uju \u2013 va\u017enost pomaganja, uva\u017eavanja i otvorenosti prema svakom bi\u0107u. Ti su slojevi, me\u0111utim, ba\u0161 kao\u00a0i kompletne fabule, kod autorice Sabolek dane u iznimno duhovitoj, humoristi\u010dnoj [&hellip;]<\/p>\n","protected":false},"author":1,"featured_media":0,"parent":0,"menu_order":0,"comment_status":"closed","ping_status":"closed","template":"","meta":{"_et_pb_use_builder":"on","_et_pb_old_content":"","_et_gb_content_width":"","footnotes":""},"class_list":["post-1578","page","type-page","status-publish","hentry"],"_links":{"self":[{"href":"https:\/\/petrana-sabolek.net\/index.php\/wp-json\/wp\/v2\/pages\/1578","targetHints":{"allow":["GET"]}}],"collection":[{"href":"https:\/\/petrana-sabolek.net\/index.php\/wp-json\/wp\/v2\/pages"}],"about":[{"href":"https:\/\/petrana-sabolek.net\/index.php\/wp-json\/wp\/v2\/types\/page"}],"author":[{"embeddable":true,"href":"https:\/\/petrana-sabolek.net\/index.php\/wp-json\/wp\/v2\/users\/1"}],"replies":[{"embeddable":true,"href":"https:\/\/petrana-sabolek.net\/index.php\/wp-json\/wp\/v2\/comments?post=1578"}],"version-history":[{"count":6,"href":"https:\/\/petrana-sabolek.net\/index.php\/wp-json\/wp\/v2\/pages\/1578\/revisions"}],"predecessor-version":[{"id":4295,"href":"https:\/\/petrana-sabolek.net\/index.php\/wp-json\/wp\/v2\/pages\/1578\/revisions\/4295"}],"wp:attachment":[{"href":"https:\/\/petrana-sabolek.net\/index.php\/wp-json\/wp\/v2\/media?parent=1578"}],"curies":[{"name":"wp","href":"https:\/\/api.w.org\/{rel}","templated":true}]}}