{"id":287,"date":"2021-06-28T09:26:04","date_gmt":"2021-06-28T09:26:04","guid":{"rendered":"https:\/\/petrana-sabolek.net\/?page_id=287"},"modified":"2024-09-11T06:29:39","modified_gmt":"2024-09-11T06:29:39","slug":"audio","status":"publish","type":"page","link":"https:\/\/petrana-sabolek.net\/index.php\/audio\/","title":{"rendered":"NOSA\u010cI ZVUKA"},"content":{"rendered":"<p>[et_pb_section fb_built=&#8221;1&#8243; admin_label=&#8221;Classes&#8221; _builder_version=&#8221;4.16&#8243; custom_padding=&#8221;0px|||||&#8221; da_disable_devices=&#8221;off|off|off&#8221; global_colors_info=&#8221;{}&#8221; da_is_popup=&#8221;off&#8221; da_exit_intent=&#8221;off&#8221; da_has_close=&#8221;on&#8221; da_alt_close=&#8221;off&#8221; da_dark_close=&#8221;off&#8221; da_not_modal=&#8221;on&#8221; da_is_singular=&#8221;off&#8221; da_with_loader=&#8221;off&#8221; da_has_shadow=&#8221;on&#8221;][et_pb_row _builder_version=&#8221;4.16&#8243; background_size=&#8221;initial&#8221; background_position=&#8221;top_right&#8221; min_height=&#8221;36px&#8221; custom_margin=&#8221;|auto||auto|false|false&#8221; custom_padding=&#8221;||||false|false&#8221; border_color_all=&#8221;rgba(0,0,0,0.12)&#8221; locked=&#8221;off&#8221; global_colors_info=&#8221;{}&#8221;][et_pb_column type=&#8221;4_4&#8243; _builder_version=&#8221;4.16&#8243; custom_padding=&#8221;|||&#8221; global_colors_info=&#8221;{}&#8221; custom_padding__hover=&#8221;|||&#8221;][et_pb_text disabled_on=&#8221;on|on|off&#8221; _builder_version=&#8221;4.16&#8243; text_font=&#8221;|300|||||||&#8221; text_font_size=&#8221;63px&#8221; text_line_height=&#8221;1em&#8221; header_font=&#8221;||||||||&#8221; header_3_font=&#8221;Montserrat|600|||||||&#8221; header_3_font_size=&#8221;70px&#8221; header_3_line_height=&#8221;1.2em&#8221; background_color=&#8221;#ffffff&#8221; background_color_gradient_direction=&#8221;90deg&#8221; text_orientation=&#8221;center&#8221; max_width=&#8221;636px&#8221; module_alignment=&#8221;center&#8221; custom_margin=&#8221;|13px|20px|||&#8221; custom_margin_tablet=&#8221;&#8221; custom_margin_phone=&#8221;||-60px|&#8221; custom_margin_last_edited=&#8221;on|phone&#8221; header_3_font_size_tablet=&#8221;50px&#8221; header_3_font_size_phone=&#8221;30px&#8221; header_3_font_size_last_edited=&#8221;on|phone&#8221; global_colors_info=&#8221;{}&#8221;]<\/p>\n<p>Nosa\u010di zvuka<\/p>\n<p>[\/et_pb_text][et_pb_text disabled_on=&#8221;off|off|on&#8221; _builder_version=&#8221;4.16&#8243; text_font=&#8221;|300|||||||&#8221; text_font_size=&#8221;35px&#8221; text_line_height=&#8221;1em&#8221; header_font=&#8221;||||||||&#8221; header_3_font=&#8221;Montserrat|600|||||||&#8221; header_3_font_size=&#8221;70px&#8221; header_3_line_height=&#8221;1.2em&#8221; background_color=&#8221;#ffffff&#8221; background_color_gradient_direction=&#8221;90deg&#8221; text_orientation=&#8221;center&#8221; max_width=&#8221;636px&#8221; module_alignment=&#8221;center&#8221; custom_margin=&#8221;|13px|20px|||&#8221; custom_margin_tablet=&#8221;&#8221; custom_margin_phone=&#8221;||-60px|&#8221; custom_margin_last_edited=&#8221;on|phone&#8221; custom_padding=&#8221;||46px|||&#8221; header_3_font_size_tablet=&#8221;50px&#8221; header_3_font_size_phone=&#8221;30px&#8221; header_3_font_size_last_edited=&#8221;on|phone&#8221; global_colors_info=&#8221;{}&#8221;]<\/p>\n<p>Nosa\u010di zvuka<\/p>\n<p>[\/et_pb_text][\/et_pb_column][\/et_pb_row][et_pb_row column_structure=&#8221;1_3,2_3&#8243; _builder_version=&#8221;4.16&#8243; custom_margin=&#8221;-17px|auto||auto||&#8221; custom_padding=&#8221;0px||58px|||&#8221; locked=&#8221;off&#8221; global_colors_info=&#8221;{}&#8221;][et_pb_column type=&#8221;1_3&#8243; _builder_version=&#8221;4.16&#8243; custom_padding=&#8221;|||&#8221; global_colors_info=&#8221;{}&#8221; custom_padding__hover=&#8221;|||&#8221;][et_pb_blurb image=&#8221;https:\/\/petrana-sabolek.net\/wp-content\/uploads\/2021\/06\/CD-djeci_play.png&#8221; _builder_version=&#8221;4.22.2&#8243; header_font=&#8221;|||on|||||&#8221; header_font_size=&#8221;14px&#8221; header_letter_spacing=&#8221;2px&#8221; header_line_height=&#8221;1.6em&#8221; body_font=&#8221;||||||||&#8221; body_font_size=&#8221;17px&#8221; body_line_height=&#8221;1.2em&#8221; text_orientation=&#8221;center&#8221; custom_padding=&#8221;14px||||false|false&#8221; link_option_url=&#8221;https:\/\/petrana-sabolek.net\/index.php\/cd-djeci-2\/&#8221; body_font_size_tablet=&#8221;&#8221; body_font_size_phone=&#8221;15px&#8221; body_font_size_last_edited=&#8221;on|desktop&#8221; body_line_height_tablet=&#8221;&#8221; body_line_height_phone=&#8221;1.7em&#8221; body_line_height_last_edited=&#8221;on|phone&#8221; global_colors_info=&#8221;{}&#8221;][\/et_pb_blurb][\/et_pb_column][et_pb_column type=&#8221;2_3&#8243; _builder_version=&#8221;4.16&#8243; _module_preset=&#8221;default&#8221; global_colors_info=&#8221;{}&#8221;][et_pb_cta title=&#8221;CD \u201ePetrana Sabolek djeci\u201c&#8221; button_url=&#8221;https:\/\/petrana-sabolek.net\/index.php\/cd-djeci-2\/&#8221; _builder_version=&#8221;4.22.2&#8243; _module_preset=&#8221;default&#8221; background_color=&#8221;#f5f5f5&#8243; custom_button=&#8221;on&#8221; button_text_color=&#8221;#FFFFFF&#8221; button_bg_color=&#8221;#a3a3a3&#8243; button_border_width=&#8221;0px&#8221; button_icon=&#8221;&#xf001;||fa||900&#8243; background_layout=&#8221;light&#8221; link_option_url=&#8221;https:\/\/petrana-sabolek.net\/index.php\/cd-djeci-2\/&#8221; global_colors_info=&#8221;{}&#8221;]<\/p>\n<p style=\"text-align: center;\">nakladnik \u201eModernist\u201c, Vara\u017edin 2007.<\/p>\n<p style=\"text-align: justify;\">Nosa\u010d zvuka \u201ePetrana Sabolek djeci\u201c, s devetnaest pjesama na nosa\u010du, rezultat je dugogodi\u0161nje plodonosne suradnje nekolicine \u010dakove\u010dkih glazbenih pedagoga okupljenih oko stihova sa nosa\u010da: Dragice Karoline \u0160imunkovi\u0107, Ladislava Varge, Radojka Magi\u0107, Gorana \u0160afari\u0107a, u najve\u0107em Damira Rodigera koji potpisuje i sve aran\u017emane. Izvo\u0111a\u010di su mali\u0161ani tada\u0161ljeg dje\u010djeg zbora \u201eMali \u010cakovec\u201c, a uz soliste su i dva danas poznata interpretatorska imena, Ena Pongrac i Bojan Jambro\u0161i\u0107.<\/p>\n<p>[\/et_pb_cta][\/et_pb_column][\/et_pb_row][et_pb_row column_structure=&#8221;1_3,2_3&#8243; _builder_version=&#8221;4.16&#8243; custom_margin=&#8221;-17px|auto||auto||&#8221; custom_padding=&#8221;0px||58px|||&#8221; locked=&#8221;off&#8221; global_colors_info=&#8221;{}&#8221;][et_pb_column type=&#8221;1_3&#8243; _builder_version=&#8221;4.16&#8243; custom_padding=&#8221;|||&#8221; global_colors_info=&#8221;{}&#8221; custom_padding__hover=&#8221;|||&#8221;][et_pb_blurb image=&#8221;https:\/\/petrana-sabolek.net\/wp-content\/uploads\/2021\/06\/cd-djetinstvo_play.png&#8221; _builder_version=&#8221;4.22.2&#8243; header_font=&#8221;|||on|||||&#8221; header_font_size=&#8221;14px&#8221; header_letter_spacing=&#8221;2px&#8221; header_line_height=&#8221;1.6em&#8221; body_font=&#8221;||||||||&#8221; body_font_size=&#8221;17px&#8221; body_line_height=&#8221;1.2em&#8221; text_orientation=&#8221;center&#8221; custom_padding=&#8221;14px||||false|false&#8221; link_option_url=&#8221;https:\/\/petrana-sabolek.net\/index.php\/cd-djetinstvo-2\/&#8221; body_font_size_tablet=&#8221;&#8221; body_font_size_phone=&#8221;15px&#8221; body_font_size_last_edited=&#8221;on|desktop&#8221; body_line_height_tablet=&#8221;&#8221; body_line_height_phone=&#8221;1.7em&#8221; body_line_height_last_edited=&#8221;on|phone&#8221; global_colors_info=&#8221;{}&#8221;][\/et_pb_blurb][\/et_pb_column][et_pb_column type=&#8221;2_3&#8243; _builder_version=&#8221;4.16&#8243; _module_preset=&#8221;default&#8221; global_colors_info=&#8221;{}&#8221;][et_pb_cta title=&#8221;CD \u201eDJETINJSTVO\u201c&#8221; button_url=&#8221;https:\/\/petrana-sabolek.net\/index.php\/cd-djetinstvo-2\/&#8221; _builder_version=&#8221;4.22.2&#8243; _module_preset=&#8221;default&#8221; background_color=&#8221;#f5f5f5&#8243; custom_button=&#8221;on&#8221; button_text_color=&#8221;#FFFFFF&#8221; button_bg_color=&#8221;#a3a3a3&#8243; button_border_width=&#8221;0px&#8221; button_icon=&#8221;&#xf001;||fa||900&#8243; background_layout=&#8221;light&#8221; link_option_url=&#8221;https:\/\/petrana-sabolek.net\/index.php\/cd-djetinstvo-2\/&#8221; global_colors_info=&#8221;{}&#8221;]<\/p>\n<p>nakladnik \u201e\u010cakove\u010dki mali\u0161ani\u201c, 2012.<\/p>\n<p style=\"text-align: justify;\">Nosa\u010d zvuka \u201eDjetinjstvo\u201c je projekt Radojke Magi\u0107, voditeljice dje\u010djeg zbora \u201e\u010cakove\u010dki mali\u0161ani\u201c i Gorana a \u0160afari\u0107, nositelja aran\u017emana i glazbene pratnje svih \u010detrnaest pjesama na nosa\u010du. Deset pjesama sa nosa\u010da stihovi su ovi autorice Petrane Sabolek, uklju\u010duju\u0107i i pjesmu Djetinjstvo, iz zhbirke \u201eMjesec u krevetu\u201c, koje je ponio i sam nosa\u010d zvuka.. Autori ostalih stihova sa nosa\u010da su: Ana Pevec Grubi\u0161i\u0107 i Sanja Ko\u0161ak, a autori glazbe: Radojka Magi\u0107, Dragica Karolina \u0160imunkovi\u0107, Sanja Ko\u0161ak i Goran \u0160afari\u0107.<\/p>\n<p>[\/et_pb_cta][\/et_pb_column][\/et_pb_row][et_pb_row column_structure=&#8221;1_3,2_3&#8243; _builder_version=&#8221;4.16&#8243; custom_margin=&#8221;-17px|auto||auto||&#8221; custom_padding=&#8221;0px||58px|||&#8221; locked=&#8221;off&#8221; global_colors_info=&#8221;{}&#8221;][et_pb_column type=&#8221;1_3&#8243; _builder_version=&#8221;4.16&#8243; custom_padding=&#8221;|||&#8221; global_colors_info=&#8221;{}&#8221; custom_padding__hover=&#8221;|||&#8221;][et_pb_blurb image=&#8221;https:\/\/petrana-sabolek.net\/wp-content\/uploads\/2021\/06\/CD-demo-avanturokazi_play.png&#8221; _builder_version=&#8221;4.22.2&#8243; header_font=&#8221;|||on|||||&#8221; header_font_size=&#8221;14px&#8221; header_letter_spacing=&#8221;2px&#8221; header_line_height=&#8221;1.6em&#8221; body_font=&#8221;||||||||&#8221; body_font_size=&#8221;17px&#8221; body_line_height=&#8221;1.2em&#8221; text_orientation=&#8221;center&#8221; custom_padding=&#8221;14px||||false|false&#8221; link_option_url=&#8221;https:\/\/petrana-sabolek.net\/index.php\/demo-snimka-songova\/&#8221; body_font_size_tablet=&#8221;&#8221; body_font_size_phone=&#8221;15px&#8221; body_font_size_last_edited=&#8221;on|desktop&#8221; body_line_height_tablet=&#8221;&#8221; body_line_height_phone=&#8221;1.7em&#8221; body_line_height_last_edited=&#8221;on|phone&#8221; global_colors_info=&#8221;{}&#8221;][\/et_pb_blurb][\/et_pb_column][et_pb_column type=&#8221;2_3&#8243; _builder_version=&#8221;4.16&#8243; _module_preset=&#8221;default&#8221; global_colors_info=&#8221;{}&#8221;][et_pb_cta title=&#8221;DEMO SNIMKA SONGOVA&#8221; button_url=&#8221;https:\/\/petrana-sabolek.net\/index.php\/demo-snimka-songova\/&#8221; _builder_version=&#8221;4.22.2&#8243; _module_preset=&#8221;default&#8221; background_color=&#8221;#f5f5f5&#8243; custom_button=&#8221;on&#8221; button_text_color=&#8221;#FFFFFF&#8221; button_bg_color=&#8221;#a3a3a3&#8243; button_border_width=&#8221;0px&#8221; button_icon=&#8221;&#xf001;||fa||900&#8243; background_layout=&#8221;light&#8221; link_option_url=&#8221;https:\/\/petrana-sabolek.net\/index.php\/demo-snimka-songova\/&#8221; global_colors_info=&#8221;{}&#8221;]<\/p>\n<p>Autor: Damir Rodiger<\/p>\n<p style=\"text-align: justify;\">Demo snimka dodatak je postoje\u0107em glazbenom materijalu, \u010detrdeset ijednom notnom zapisu songova za lak\u0161e scensko postavljanja igrokaza iz zbirke dramskih tekstova za djecu \u201cAvanturokazi\u201d. Rije\u010d je o igrokazima godinama \u201eDru\u017eba s livade\u201c, \u201eLjubav u trnju\u201c, \u201eSloboda u Kukuriku Gradu\u201c, \u201ePri\u010da o Djedu Mrazu\u201c, \u201eAvantura u svemiru\u201c, Snje\u0161komrz i snje\u0161kovi\u0107i\u201c, \u201eDjed Mraz na Grenlandu\u201c te tri glazbene pri\u010de: \u201eVuk i sedam kozli\u0107a\u201c, \u201eBodljikavi raj\u201c i \u201e\u0160umski orkestar\u201c godinama u izvo\u0111enju Dje\u010djeg gradskog kazali\u0161ta \u010cakovec.<\/p>\n<p>[\/et_pb_cta][\/et_pb_column][\/et_pb_row][et_pb_row column_structure=&#8221;1_3,2_3&#8243; _builder_version=&#8221;4.16&#8243; custom_margin=&#8221;-17px|auto||auto||&#8221; custom_padding=&#8221;0px||58px|||&#8221; locked=&#8221;off&#8221; global_colors_info=&#8221;{}&#8221;][et_pb_column type=&#8221;1_3&#8243; _builder_version=&#8221;4.16&#8243; custom_padding=&#8221;|||&#8221; global_colors_info=&#8221;{}&#8221; custom_padding__hover=&#8221;|||&#8221;][et_pb_blurb image=&#8221;https:\/\/petrana-sabolek.net\/wp-content\/uploads\/2021\/08\/CD-Medimurjui.png&#8221; _builder_version=&#8221;4.22.2&#8243; header_font=&#8221;|||on|||||&#8221; header_font_size=&#8221;14px&#8221; header_letter_spacing=&#8221;2px&#8221; header_line_height=&#8221;1.6em&#8221; body_font=&#8221;||||||||&#8221; body_font_size=&#8221;17px&#8221; body_line_height=&#8221;1.2em&#8221; text_orientation=&#8221;center&#8221; custom_padding=&#8221;14px||||false|false&#8221; link_option_url=&#8221;https:\/\/petrana-sabolek.net\/index.php\/cd-medimurje\/&#8221; body_font_size_tablet=&#8221;&#8221; body_font_size_phone=&#8221;15px&#8221; body_font_size_last_edited=&#8221;on|desktop&#8221; body_line_height_tablet=&#8221;&#8221; body_line_height_phone=&#8221;1.7em&#8221; body_line_height_last_edited=&#8221;on|phone&#8221; global_colors_info=&#8221;{}&#8221;][\/et_pb_blurb][\/et_pb_column][et_pb_column type=&#8221;2_3&#8243; _builder_version=&#8221;4.16&#8243; _module_preset=&#8221;default&#8221; global_colors_info=&#8221;{}&#8221;][et_pb_cta title=&#8221;CD \u201eME\u0110IMURJE\u201c&#8221; button_url=&#8221;https:\/\/petrana-sabolek.net\/index.php\/cd-medimurje\/&#8221; _builder_version=&#8221;4.22.2&#8243; _module_preset=&#8221;default&#8221; background_color=&#8221;#f5f5f5&#8243; custom_button=&#8221;on&#8221; button_text_color=&#8221;#FFFFFF&#8221; button_bg_color=&#8221;#a3a3a3&#8243; button_border_width=&#8221;0px&#8221; button_icon=&#8221;&#xf001;||fa||900&#8243; background_layout=&#8221;light&#8221; link_option_url=&#8221;https:\/\/petrana-sabolek.net\/index.php\/cd-medimurje\/&#8221; global_colors_info=&#8221;{}&#8221;]<\/p>\n<p>kompilacija, izbor P. Sabolek<\/p>\n<p style=\"text-align: justify;\">Kompilaciju \u010dini trinaest me\u0111imurskih balada s nekada\u0161njih nosa\u010da zvuka, kazeta \u201eMe\u0111imurje 2\u201c, 1991., u izdanju RK \u201eMe\u0111imurka\u201c i \u201eMe\u0111imurje 3\u201c, 1996., u realizaciji Gradskog poglavarstva \u010cakovec kako bi ih se sa\u010duvalo u obda\u0161njoj izvedbi solista Dragice \u0160imunkovi\u0107, Bo\u017eidara Bogdana, Vesne Horvat i Bla\u017eenke Hunjadi te \u017denske vokalne grupe pjeva\u010dkog zbora \u201eJosip \u0160tolcer Slavenski\u201c izdedene uz iInstrumentalnu pratnju grupa \u201eOdeon\u201c i \u201e\u010cak\u201c. Potpisnici ara\u017emana bili su Dragica \u0160imunkovi\u0107, Ladislav Varga, Branislav Magdaleni\u0107 i Miro Bor\u0161\u010dak.<\/p>\n<p>[\/et_pb_cta][\/et_pb_column][\/et_pb_row][et_pb_row column_structure=&#8221;1_4,1_2,1_4&#8243; _builder_version=&#8221;4.16&#8243; _module_preset=&#8221;default&#8221; global_colors_info=&#8221;{}&#8221; locked=&#8221;off&#8221;][et_pb_column type=&#8221;1_4&#8243; _builder_version=&#8221;4.16&#8243; _module_preset=&#8221;default&#8221; global_colors_info=&#8221;{}&#8221;][et_pb_audio audio=&#8221;https:\/\/petrana-sabolek.net\/wp-content\/uploads\/2021\/07\/Petrana-Sabolek-Scvrto-zivljenje.mp3&#8243; title=&#8221;Scvrto \u017eivljenje&#8221; artist_name=&#8221;Petrana Sabolek&#8221; image_url=&#8221;https:\/\/petrana-sabolek.net\/wp-content\/uploads\/2021\/07\/c558e825dbfaa60ab84bd0d2ee744944-play_icon_reverse.png&#8221; _builder_version=&#8221;4.16&#8243; _module_preset=&#8221;default&#8221; background_color=&#8221;#001759&#8243; min_height=&#8221;347px&#8221; custom_padding=&#8221;||||false|false&#8221; global_colors_info=&#8221;{}&#8221;][\/et_pb_audio][\/et_pb_column][et_pb_column type=&#8221;1_2&#8243; _builder_version=&#8221;4.16&#8243; _module_preset=&#8221;default&#8221; global_colors_info=&#8221;{}&#8221;][et_pb_image src=&#8221;https:\/\/petrana-sabolek.net\/wp-content\/uploads\/2021\/07\/CDweb2.png&#8221; title_text=&#8221;CDweb2&#8243; show_in_lightbox=&#8221;on&#8221; force_fullwidth=&#8221;on&#8221; _builder_version=&#8221;4.16&#8243; _module_preset=&#8221;default&#8221; custom_padding=&#8221;|1px||||&#8221; global_colors_info=&#8221;{}&#8221;][\/et_pb_image][\/et_pb_column][et_pb_column type=&#8221;1_4&#8243; _builder_version=&#8221;4.16&#8243; _module_preset=&#8221;default&#8221; global_colors_info=&#8221;{}&#8221;][et_pb_image src=&#8221;https:\/\/petrana-sabolek.net\/wp-content\/uploads\/2021\/09\/skrodnja-vura1-1.png&#8221; title_text=&#8221;skrodnja vura1&#8243; show_in_lightbox=&#8221;on&#8221; _builder_version=&#8221;4.16&#8243; _module_preset=&#8221;default&#8221; min_height=&#8221;350.2px&#8221; global_colors_info=&#8221;{}&#8221;][\/et_pb_image][\/et_pb_column][\/et_pb_row][et_pb_row _builder_version=&#8221;4.16&#8243; _module_preset=&#8221;default&#8221; global_colors_info=&#8221;{}&#8221;][et_pb_column type=&#8221;4_4&#8243; _builder_version=&#8221;4.16&#8243; _module_preset=&#8221;default&#8221; global_colors_info=&#8221;{}&#8221;][et_pb_divider divider_style=&#8221;dotted&#8221; _builder_version=&#8221;4.16&#8243; _module_preset=&#8221;default&#8221; animation_style=&#8221;fade&#8221; global_colors_info=&#8221;{}&#8221;][\/et_pb_divider][\/et_pb_column][\/et_pb_row][\/et_pb_section]<\/p>\n","protected":false},"excerpt":{"rendered":"<p>Nosa\u010di zvukaNosa\u010di zvukanakladnik \u201eModernist\u201c, Vara\u017edin 2007. Nosa\u010d zvuka \u201ePetrana Sabolek djeci\u201c, s devetnaest pjesama na nosa\u010du, rezultat je dugogodi\u0161nje plodonosne suradnje nekolicine \u010dakove\u010dkih glazbenih pedagoga okupljenih oko stihova sa nosa\u010da: Dragice Karoline \u0160imunkovi\u0107, Ladislava Varge, Radojka Magi\u0107, Gorana \u0160afari\u0107a, u najve\u0107em Damira Rodigera koji potpisuje i sve aran\u017emane. Izvo\u0111a\u010di su mali\u0161ani tada\u0161ljeg dje\u010djeg zbora \u201eMali [&hellip;]<\/p>\n","protected":false},"author":1,"featured_media":0,"parent":0,"menu_order":0,"comment_status":"closed","ping_status":"closed","template":"","meta":{"_et_pb_use_builder":"on","_et_pb_old_content":"","_et_gb_content_width":"","footnotes":""},"class_list":["post-287","page","type-page","status-publish","hentry"],"_links":{"self":[{"href":"https:\/\/petrana-sabolek.net\/index.php\/wp-json\/wp\/v2\/pages\/287","targetHints":{"allow":["GET"]}}],"collection":[{"href":"https:\/\/petrana-sabolek.net\/index.php\/wp-json\/wp\/v2\/pages"}],"about":[{"href":"https:\/\/petrana-sabolek.net\/index.php\/wp-json\/wp\/v2\/types\/page"}],"author":[{"embeddable":true,"href":"https:\/\/petrana-sabolek.net\/index.php\/wp-json\/wp\/v2\/users\/1"}],"replies":[{"embeddable":true,"href":"https:\/\/petrana-sabolek.net\/index.php\/wp-json\/wp\/v2\/comments?post=287"}],"version-history":[{"count":29,"href":"https:\/\/petrana-sabolek.net\/index.php\/wp-json\/wp\/v2\/pages\/287\/revisions"}],"predecessor-version":[{"id":4218,"href":"https:\/\/petrana-sabolek.net\/index.php\/wp-json\/wp\/v2\/pages\/287\/revisions\/4218"}],"wp:attachment":[{"href":"https:\/\/petrana-sabolek.net\/index.php\/wp-json\/wp\/v2\/media?parent=287"}],"curies":[{"name":"wp","href":"https:\/\/api.w.org\/{rel}","templated":true}]}}