{"id":3835,"date":"2023-10-16T12:40:29","date_gmt":"2023-10-16T12:40:29","guid":{"rendered":"https:\/\/petrana-sabolek.net\/?page_id=3835"},"modified":"2025-10-29T08:17:21","modified_gmt":"2025-10-29T08:17:21","slug":"pocetna_nova","status":"publish","type":"page","link":"https:\/\/petrana-sabolek.net\/","title":{"rendered":"Po\u010detna_nova"},"content":{"rendered":"<p>[et_pb_section fb_built=&#8221;1&#8243; admin_label=&#8221;Classes&#8221; _builder_version=&#8221;4.22.2&#8243; background_color=&#8221;#FFFFFF&#8221; custom_padding=&#8221;8px||0px|||&#8221; locked=&#8221;off&#8221; global_colors_info=&#8221;{}&#8221;][et_pb_row column_structure=&#8221;2_3,1_3&#8243; _builder_version=&#8221;4.16&#8243; _module_preset=&#8221;default&#8221; global_colors_info=&#8221;{}&#8221;][et_pb_column type=&#8221;2_3&#8243; _builder_version=&#8221;4.16&#8243; _module_preset=&#8221;default&#8221; global_colors_info=&#8221;{}&#8221;][et_pb_image src=&#8221;https:\/\/petrana-sabolek.net\/wp-content\/uploads\/2024\/08\/Petrana-Sabolek-01.png&#8221; align=&#8221;center&#8221; _builder_version=&#8221;4.22.2&#8243; _module_preset=&#8221;default&#8221; background_color=&#8221;#001b68&#8243; global_colors_info=&#8221;{}&#8221;][\/et_pb_image][et_pb_testimonial portrait_url=&#8221;https:\/\/petrana-sabolek.net\/wp-content\/uploads\/2021\/10\/ikona.png&#8221; quote_icon=&#8221;off&#8221; portrait_width=&#8221;130px&#8221; portrait_height=&#8221;130px&#8221; _builder_version=&#8221;4.22.2&#8243; _module_preset=&#8221;default&#8221; global_colors_info=&#8221;{}&#8221;]<\/p>\n<p style=\"text-align: justify;\">\u017divot je poput knjige u kojoj svaka stranica otkriva nove avanture, emocije i saznanja. U tome le\u017ei njegova \u010dar: nikada ne znamo \u0161to nas \u010deka na sljede\u0107oj stranici. Bez obzira na to jesmo li suo\u010deni s izazovima ili u\u017eivamo u trenucima sre\u0107e, svaka situacija nas oblikuje i oboga\u0107uje na\u0161u pri\u010du. Kao knji\u017eevnica, \u010desto se osvr\u0107em na vlastita iskustva i inspiracije koje dolaze iz svakodnevnog \u017eivota. U trenucima ti\u0161ine, dok pi\u0161em, razmi\u0161ljam o ljudima koje sam upoznala, o razgovorima koji su mi zauvijek ostali urezani u sje\u0107anju, i o malim stvarima koje donose radost. Svaki dan je prilika za nova otkri\u0107a, bilo kroz \u010ditanje novih knjiga, slu\u0161anje muzike koja nas pokre\u0107e ili stvaranje vlastitih pri\u010da. Ponekad su to jednostavni trenuci \u2014 miris svje\u017ee skuhane kave ili zvuci prirode koji nas okru\u017euju. U tim sitnicama nalazimo inspiraciju i motivaciju za daljnje korake. Kako bismo ispunili svoje \u017eivote zna\u010denjem, va\u017eno je da cijenimo male stvari i trenutke sre\u0107e koje nam donosi svakodnevica. U tom duhu, pozivam vas da istra\u017eimo ne samo vlastiti \u017eivot, ve\u0107 i \u017eivote drugih. Kroz na\u0161e pri\u010de, uspjehe i neuspjehe, zajedno mo\u017eemo u\u010diti i rasti. Zato, nastavite \u010ditati, slu\u0161ati i do\u017eivljavati. Svaka stranica va\u0161eg \u017eivota pripovijeda pri\u010du koja zaslu\u017euje biti ispri\u010dana. U\u017eivajte u svakom trenutku i neka vas inspiracija vodi kroz neistra\u017eene puteve.<\/p>\n<p>[\/et_pb_testimonial][\/et_pb_column][et_pb_column type=&#8221;1_3&#8243; _builder_version=&#8221;4.16&#8243; _module_preset=&#8221;default&#8221; global_colors_info=&#8221;{}&#8221;][et_pb_image src=&#8221;https:\/\/petrana-sabolek.net\/wp-content\/uploads\/2024\/09\/koliko-ljudi-01.png&#8221; _builder_version=&#8221;4.22.2&#8243; _module_preset=&#8221;default&#8221; min_height=&#8221;201.6px&#8221; custom_margin=&#8221;||10px|||&#8221; global_colors_info=&#8221;{}&#8221;][\/et_pb_image][et_pb_image src=&#8221;https:\/\/petrana-sabolek.net\/wp-content\/uploads\/2021\/07\/12a_mala.jpg&#8221; _builder_version=&#8221;4.16&#8243; _module_preset=&#8221;default&#8221; custom_margin=&#8221;29px||37px|||&#8221; global_colors_info=&#8221;{}&#8221;][\/et_pb_image][et_pb_image src=&#8221;https:\/\/petrana-sabolek.net\/wp-content\/uploads\/2024\/08\/Savjest-mi-nije-na-prodaju-01-1.png&#8221; _builder_version=&#8221;4.22.2&#8243; _module_preset=&#8221;default&#8221; background_color=&#8221;#f2f2f2&#8243; global_colors_info=&#8221;{}&#8221;][\/et_pb_image][\/et_pb_column][\/et_pb_row][et_pb_row _builder_version=&#8221;4.22.2&#8243; _module_preset=&#8221;default&#8221; global_colors_info=&#8221;{}&#8221;][et_pb_column type=&#8221;4_4&#8243; _builder_version=&#8221;4.22.2&#8243; _module_preset=&#8221;default&#8221; global_colors_info=&#8221;{}&#8221;][et_pb_text _builder_version=&#8221;4.22.2&#8243; _module_preset=&#8221;default&#8221; text_font=&#8221;|300|||||||&#8221; text_font_size=&#8221;58px&#8221; global_colors_info=&#8221;{}&#8221;]<\/p>\n<p style=\"text-align: center;\">Blog<\/p>\n<p style=\"text-align: center;\">[\/et_pb_text][\/et_pb_column][\/et_pb_row][et_pb_row disabled_on=&#8221;off|off|off&#8221; _builder_version=&#8221;4.22.2&#8243; _module_preset=&#8221;default&#8221; global_colors_info=&#8221;{}&#8221;][et_pb_column type=&#8221;4_4&#8243; _builder_version=&#8221;4.22.2&#8243; _module_preset=&#8221;default&#8221; global_colors_info=&#8221;{}&#8221;][et_pb_image src=&#8221;https:\/\/petrana-sabolek.net\/wp-content\/uploads\/2024\/08\/Blog.jpg&#8221; url=&#8221;https:\/\/petrana-sabolek.net\/index.php\/blog-2-2\/&#8221; _builder_version=&#8221;4.22.2&#8243; _module_preset=&#8221;default&#8221; custom_margin=&#8221;||29px|||&#8221; global_colors_info=&#8221;{}&#8221;][\/et_pb_image][et_pb_code _builder_version=&#8221;4.22.2&#8243; _module_preset=&#8221;default&#8221; custom_margin=&#8221;||61px|||&#8221; global_colors_info=&#8221;{}&#8221;]\r\n\t<style type=\"text\/css\">\r\n\t\t#bdp-ticker-1{border-color:#000b63;}\r\n\t\t#bdp-ticker-1 >.bdp-ticker-title{background:#000b63;}\r\n\t\t#bdp-ticker-1 >.bdp-ticker-title>span{border-left-color:#000b63;}\r\n\t\t#bdp-ticker-1 >ul>li>a:hover, #bdp-ticker-1>ul>li>a{color:#112672;}\r\n\t\t#bdp-ticker-1 > .bdp-ticker-title > .bdp-ticker-title-cnt{color: #ffffff}\r\n\t<\/style>\r\n\r\n\t<div class=\"bdp-ticker-wrp bdp-clearfix\" id=\"bdp-ticker-1\">\r\n\t\t<div class=\"bdp-ticker-title bdp-ticker-title\">\r\n\t\t\t\t\t\t<div class=\"bdp-ticker-title-cnt\">OBJAVE<\/div>\r\n\t\t\t\t\t\t<span><\/span>\r\n\t\t<\/div>\r\n\t\t<ul class=\"bdp-ticker-cnt\">\r\n\t\t\t\t\t\t<li class=\"bdp-ticker-ele\"><a href=\"https:\/\/petrana-sabolek.net\/index.php\/2025\/12\/12\/praizvedba-mjuzikla-svetlo-z-crne-cimper-jame\/\">Praizvedba mjuzikla \u201cSvetlo z \u010drne Cimper jame\u201d<\/a><\/li>\r\n\t\t\t\t\t\t<li class=\"bdp-ticker-ele\"><a href=\"https:\/\/petrana-sabolek.net\/index.php\/2025\/10\/24\/promocija-zbirke-kratkih-prica-prapocetak-nije-daleko\/\">Promocija zbirke kratkih pri\u010da &#8220;PRAPO\u010cETAK NIJE DALEKO&#8221;<\/a><\/li>\r\n\t\t\t\t\t\t<li class=\"bdp-ticker-ele\"><a href=\"https:\/\/petrana-sabolek.net\/index.php\/2025\/01\/29\/4497\/\">U GRADU MOG DJETINJSTVA I MOJE MLADOSTI<\/a><\/li>\r\n\t\t\t\t\t\t<li class=\"bdp-ticker-ele\"><a href=\"https:\/\/petrana-sabolek.net\/index.php\/2024\/12\/09\/4488\/\">OP\u0106INA DONJI KRALJEVEC &#8211; DAN KULTURE, 2024.<\/a><\/li>\r\n\t\t\t\t\t\t<li class=\"bdp-ticker-ele\"><a href=\"https:\/\/petrana-sabolek.net\/index.php\/2024\/12\/09\/knjizevni-susret-s-najmladima\/\">KNJI\u017dEVNI SUSRET S NAJMLA\u0110IMA<\/a><\/li>\r\n\t\t\t\t\t\t<li class=\"bdp-ticker-ele\"><a href=\"https:\/\/petrana-sabolek.net\/index.php\/2024\/11\/20\/susret-s-ucenicima-os-macinec\/\">SUSRET S U\u010cENICIMA O\u0160 MACINEC<\/a><\/li>\r\n\t\t\t\t\t\t<li class=\"bdp-ticker-ele\"><a href=\"https:\/\/petrana-sabolek.net\/index.php\/2024\/11\/15\/4464\/\">FINALE 13. NATJE\u010cAJA ZA KRATKU PRI\u010cU &#8211; SATIRU SLAVKO KOLAR<\/a><\/li>\r\n\t\t\t\t\t\t<li class=\"bdp-ticker-ele\"><a href=\"https:\/\/petrana-sabolek.net\/index.php\/2024\/11\/10\/promocija-knjige-price-za-naj-djecje-uho\/\">PROMOCIJA KNJIGE &#8220;PRI\u010cE ZA NAJ DJE\u010cJE UHO&#8221;<\/a><\/li>\r\n\t\t\t\t\t\t<li class=\"bdp-ticker-ele\"><a href=\"https:\/\/petrana-sabolek.net\/index.php\/2024\/11\/10\/tri-nove-knjige\/\">TRI NOVE KNJIGE<\/a><\/li>\r\n\t\t\t\t\t\t<li class=\"bdp-ticker-ele\"><a href=\"https:\/\/petrana-sabolek.net\/index.php\/2024\/10\/11\/nove-knjige\/\">NOVE KNJIGE<\/a><\/li>\r\n\t\t\t\t\t\t<li class=\"bdp-ticker-ele\"><a href=\"https:\/\/petrana-sabolek.net\/index.php\/2024\/10\/05\/ucitelj\/\">U\u010cITELJ<\/a><\/li>\r\n\t\t\t\t\t\t<li class=\"bdp-ticker-ele\"><a href=\"https:\/\/petrana-sabolek.net\/index.php\/2024\/10\/02\/prica-u-slici\/\">PRI\u010cA U SLICI<\/a><\/li>\r\n\t\t\t\t\t\t<li class=\"bdp-ticker-ele\"><a href=\"https:\/\/petrana-sabolek.net\/index.php\/2024\/09\/28\/21-festival-kre-mure-i-drove\/\">21. FESTIVAL KRE MURE I DROVE<\/a><\/li>\r\n\t\t\t\t\t\t<li class=\"bdp-ticker-ele\"><a href=\"https:\/\/petrana-sabolek.net\/index.php\/2024\/09\/26\/moc-zivljenja-promocija\/\">&#8220;MO\u010c \u017dIVLJENJA&#8221;, PROMOCIJA<\/a><\/li>\r\n\t\t\t\t\t\t<li class=\"bdp-ticker-ele\"><a href=\"https:\/\/petrana-sabolek.net\/index.php\/2024\/09\/23\/opet-jesen\/\">OPET JESEN<\/a><\/li>\r\n\t\t\t\t\t\t<li class=\"bdp-ticker-ele\"><a href=\"https:\/\/petrana-sabolek.net\/index.php\/2024\/09\/23\/moc-zivljenja\/\">MO\u010c \u017dIVLJENJA<\/a><\/li>\r\n\t\t\t\t\t\t<li class=\"bdp-ticker-ele\"><a href=\"https:\/\/petrana-sabolek.net\/index.php\/2024\/09\/10\/rolete-i-vrt\/\">ROLETE I VRT<\/a><\/li>\r\n\t\t\t\t\t\t<li class=\"bdp-ticker-ele\"><a href=\"https:\/\/petrana-sabolek.net\/index.php\/2024\/09\/07\/besmislenost-smisla-i-smisao-besmisla\/\">BESMISLENOST SMISLA I SMISAO BESMISLA<\/a><\/li>\r\n\t\t\t\t\t\t<li class=\"bdp-ticker-ele\"><a href=\"https:\/\/petrana-sabolek.net\/index.php\/2024\/08\/31\/zagreb-milano-iz-zraka\/\">ZAGREB-MILANO IZ ZRAKA<\/a><\/li>\r\n\t\t\t\t\t\t<li class=\"bdp-ticker-ele\"><a href=\"https:\/\/petrana-sabolek.net\/index.php\/2024\/08\/08\/niti-spone-relacije\/\">NITI, SPONE, RELACIJE<\/a><\/li>\r\n\t\t\t\t\t<\/ul>\r\n\t\t<div class=\"bdp-ticker-navi bdp-ticker-navi\">\r\n\t\t\t<span><\/span>\r\n\t\t\t<span><\/span>\r\n\t\t<\/div>\r\n\t\t<div class=\"bdp-ticker-conf\">{&quot;ticker_effect&quot;:&quot;fade&quot;,&quot;autoplay&quot;:&quot;true&quot;,&quot;speed&quot;:3000,&quot;font_style&quot;:&quot;bold&quot;}<\/div>\r\n\t<\/div>\r\n\r\n[\/et_pb_code][\/et_pb_column][\/et_pb_row][et_pb_row column_structure=&#8221;1_6,1_6,1_6,1_6,1_6,1_6&#8243; disabled_on=&#8221;on|on|off&#8221; _builder_version=&#8221;4.22.2&#8243; _module_preset=&#8221;default&#8221; custom_margin=&#8221;-21px|auto||auto||&#8221; custom_padding=&#8221;9px||0px|||&#8221; animation_style=&#8221;zoom&#8221; locked=&#8221;off&#8221; global_colors_info=&#8221;{}&#8221;][et_pb_column type=&#8221;1_6&#8243; _builder_version=&#8221;4.16&#8243; _module_preset=&#8221;default&#8221; global_colors_info=&#8221;{}&#8221;][et_pb_circle_counter title=&#8221;NOSA\u010cI ZVUKA&#8221; number=&#8221;5&#8243; percent_sign=&#8221;off&#8221; bar_bg_color=&#8221;#001759&#8243; disabled_on=&#8221;on|on|off&#8221; _builder_version=&#8221;4.22.2&#8243; _module_preset=&#8221;default&#8221; global_colors_info=&#8221;{}&#8221;][\/et_pb_circle_counter][\/et_pb_column][et_pb_column type=&#8221;1_6&#8243; _builder_version=&#8221;4.16&#8243; _module_preset=&#8221;default&#8221; global_colors_info=&#8221;{}&#8221;][et_pb_circle_counter title=&#8221;KNJIGE&#8221; number=&#8221;17&#8243; percent_sign=&#8221;off&#8221; bar_bg_color=&#8221;#001759&#8243; disabled_on=&#8221;on|on|off&#8221; _builder_version=&#8221;4.22.2&#8243; _module_preset=&#8221;default&#8221; hover_enabled=&#8221;0&#8243; global_colors_info=&#8221;{}&#8221; sticky_enabled=&#8221;0&#8243;][\/et_pb_circle_counter][\/et_pb_column][et_pb_column type=&#8221;1_6&#8243; _builder_version=&#8221;4.16&#8243; _module_preset=&#8221;default&#8221; global_colors_info=&#8221;{}&#8221;][et_pb_circle_counter title=&#8221;DRAMSKI TEKSTOVI&#8221; number=&#8221;31&#8243; percent_sign=&#8221;off&#8221; bar_bg_color=&#8221;#001759&#8243; disabled_on=&#8221;on|on|off&#8221; _builder_version=&#8221;4.22.2&#8243; _module_preset=&#8221;default&#8221; global_colors_info=&#8221;{}&#8221;][\/et_pb_circle_counter][\/et_pb_column][et_pb_column type=&#8221;1_6&#8243; _builder_version=&#8221;4.16&#8243; _module_preset=&#8221;default&#8221; global_colors_info=&#8221;{}&#8221;][et_pb_circle_counter title=&#8221;PRI\u010cE&#8221; number=&#8221;70&#8243; percent_sign=&#8221;off&#8221; bar_bg_color=&#8221;#001759&#8243; disabled_on=&#8221;on|on|off&#8221; _builder_version=&#8221;4.22.2&#8243; _module_preset=&#8221;default&#8221; global_colors_info=&#8221;{}&#8221;][\/et_pb_circle_counter][\/et_pb_column][et_pb_column type=&#8221;1_6&#8243; _builder_version=&#8221;4.16&#8243; _module_preset=&#8221;default&#8221; global_colors_info=&#8221;{}&#8221;][et_pb_circle_counter title=&#8221;UGLAZBLJENE PJESME&#8221; number=&#8221;77&#8243; percent_sign=&#8221;off&#8221; bar_bg_color=&#8221;#001759&#8243; disabled_on=&#8221;on|on|off&#8221; _builder_version=&#8221;4.22.2&#8243; _module_preset=&#8221;default&#8221; global_colors_info=&#8221;{}&#8221;][\/et_pb_circle_counter][\/et_pb_column][et_pb_column type=&#8221;1_6&#8243; _builder_version=&#8221;4.16&#8243; _module_preset=&#8221;default&#8221; global_colors_info=&#8221;{}&#8221;][et_pb_circle_counter title=&#8221;PJESME&#8221; number=&#8221;879&#8243; percent_sign=&#8221;off&#8221; bar_bg_color=&#8221;#001759&#8243; disabled_on=&#8221;on|on|off&#8221; _builder_version=&#8221;4.22.2&#8243; _module_preset=&#8221;default&#8221; hover_enabled=&#8221;0&#8243; global_colors_info=&#8221;{}&#8221; sticky_enabled=&#8221;0&#8243;][\/et_pb_circle_counter][\/et_pb_column][\/et_pb_row][et_pb_row column_structure=&#8221;1_6,1_6,1_6,1_6,1_6,1_6&#8243; disabled_on=&#8221;off|off|on&#8221; _builder_version=&#8221;4.22.2&#8243; _module_preset=&#8221;default&#8221; global_colors_info=&#8221;{}&#8221;][et_pb_column type=&#8221;1_6&#8243; _builder_version=&#8221;4.22.2&#8243; _module_preset=&#8221;default&#8221; global_colors_info=&#8221;{}&#8221;][et_pb_number_counter title=&#8221;NOSA\u010cI ZVUKA&#8221; number=&#8221;5&#8243; percent_sign=&#8221;off&#8221; _builder_version=&#8221;4.22.2&#8243; _module_preset=&#8221;default&#8221; number_text_color=&#8221;#000551&#8243; background_color=&#8221;RGBA(255,255,255,0)&#8221; global_colors_info=&#8221;{}&#8221;][\/et_pb_number_counter][\/et_pb_column][et_pb_column type=&#8221;1_6&#8243; _builder_version=&#8221;4.22.2&#8243; _module_preset=&#8221;default&#8221; global_colors_info=&#8221;{}&#8221;][et_pb_number_counter title=&#8221;KNJIGE&#8221; number=&#8221;17&#8243; percent_sign=&#8221;off&#8221; _builder_version=&#8221;4.22.2&#8243; _module_preset=&#8221;default&#8221; number_text_color=&#8221;#000551&#8243; background_color=&#8221;RGBA(255,255,255,0)&#8221; hover_enabled=&#8221;0&#8243; global_colors_info=&#8221;{}&#8221; sticky_enabled=&#8221;0&#8243;][\/et_pb_number_counter][\/et_pb_column][et_pb_column type=&#8221;1_6&#8243; _builder_version=&#8221;4.22.2&#8243; _module_preset=&#8221;default&#8221; global_colors_info=&#8221;{}&#8221;][et_pb_number_counter title=&#8221;DRAMSKI TEKSTOVI&#8221; number=&#8221;31&#8243; percent_sign=&#8221;off&#8221; _builder_version=&#8221;4.22.2&#8243; _module_preset=&#8221;default&#8221; number_text_color=&#8221;#000551&#8243; background_color=&#8221;RGBA(255,255,255,0)&#8221; global_colors_info=&#8221;{}&#8221;][\/et_pb_number_counter][\/et_pb_column][et_pb_column type=&#8221;1_6&#8243; _builder_version=&#8221;4.22.2&#8243; _module_preset=&#8221;default&#8221; global_colors_info=&#8221;{}&#8221;][et_pb_number_counter title=&#8221;PRI\u010cE&#8221; number=&#8221;70&#8243; percent_sign=&#8221;off&#8221; _builder_version=&#8221;4.22.2&#8243; _module_preset=&#8221;default&#8221; number_text_color=&#8221;#000551&#8243; background_color=&#8221;RGBA(255,255,255,0)&#8221; global_colors_info=&#8221;{}&#8221;][\/et_pb_number_counter][\/et_pb_column][et_pb_column type=&#8221;1_6&#8243; _builder_version=&#8221;4.22.2&#8243; _module_preset=&#8221;default&#8221; global_colors_info=&#8221;{}&#8221;][et_pb_number_counter title=&#8221;UGLAZBLJENE PJESME&#8221; number=&#8221;77&#8243; percent_sign=&#8221;off&#8221; _builder_version=&#8221;4.22.2&#8243; _module_preset=&#8221;default&#8221; number_text_color=&#8221;#000551&#8243; background_color=&#8221;RGBA(255,255,255,0)&#8221; global_colors_info=&#8221;{}&#8221;][\/et_pb_number_counter][\/et_pb_column][et_pb_column type=&#8221;1_6&#8243; _builder_version=&#8221;4.22.2&#8243; _module_preset=&#8221;default&#8221; global_colors_info=&#8221;{}&#8221;][et_pb_number_counter title=&#8221;PJESME&#8221; number=&#8221;879&#8243; percent_sign=&#8221;off&#8221; _builder_version=&#8221;4.22.2&#8243; _module_preset=&#8221;default&#8221; number_text_color=&#8221;#000551&#8243; background_color=&#8221;RGBA(255,255,255,0)&#8221; hover_enabled=&#8221;0&#8243; global_colors_info=&#8221;{}&#8221; sticky_enabled=&#8221;0&#8243;][\/et_pb_number_counter][\/et_pb_column][\/et_pb_row][et_pb_row column_structure=&#8221;1_5,1_5,1_5,1_5,1_5&#8243; _builder_version=&#8221;4.22.2&#8243; _module_preset=&#8221;default&#8221; background_color=&#8221;#001b68&#8243; custom_margin=&#8221;47px|auto||auto||&#8221; custom_padding=&#8221;47px|||||&#8221; global_colors_info=&#8221;{}&#8221;][et_pb_column type=&#8221;1_5&#8243; _builder_version=&#8221;4.22.2&#8243; _module_preset=&#8221;default&#8221; global_colors_info=&#8221;{}&#8221;][et_pb_code _builder_version=&#8221;4.22.2&#8243; _module_preset=&#8221;default&#8221; global_colors_info=&#8221;{}&#8221;]<div class='avc_visit_counter_front' style='border: 10px none #000000;font-size: 20px;font-weight: normal;color:##bebebe; width: 100%; max-width:500px; margin: 0 auto;'>  Broj posjeta: 4435<\/div>[\/et_pb_code][\/et_pb_column][et_pb_column type=&#8221;1_5&#8243; _builder_version=&#8221;4.22.2&#8243; _module_preset=&#8221;default&#8221; global_colors_info=&#8221;{}&#8221;][et_pb_image src=&#8221;https:\/\/petrana-sabolek.net\/wp-content\/uploads\/2024\/08\/dhk-01-1.png&#8221; alt=&#8221;Dru\u0161tvo hrvatskih knji\u017eevnika&#8221; title_text=&#8221;Dru\u0161tvo hrvatskih knji\u017eevnika&#8221; url=&#8221;http:\/\/dhk.hr&#8221; align=&#8221;center&#8221; _builder_version=&#8221;4.22.2&#8243; _module_preset=&#8221;default&#8221; width=&#8221;30%&#8221; global_colors_info=&#8221;{}&#8221;][\/et_pb_image][\/et_pb_column][et_pb_column type=&#8221;1_5&#8243; _builder_version=&#8221;4.22.2&#8243; _module_preset=&#8221;default&#8221; global_colors_info=&#8221;{}&#8221;][et_pb_image src=&#8221;https:\/\/petrana-sabolek.net\/wp-content\/uploads\/2024\/08\/hdkdm-01-1.png&#8221; alt=&#8221;Hrvatsko dru\u0161tvo knji\u017eevnika za djecu i mlade&#8221; title_text=&#8221;Hrvatsko dru\u0161tvo knji\u017eevnika za djecu i mlade&#8221; url=&#8221;https:\/\/www.hdkdm-klubprvihpisaca.hr&#8221; align=&#8221;center&#8221; _builder_version=&#8221;4.22.2&#8243; _module_preset=&#8221;default&#8221; width=&#8221;42%&#8221; global_colors_info=&#8221;{}&#8221;][\/et_pb_image][\/et_pb_column][et_pb_column type=&#8221;1_5&#8243; _builder_version=&#8221;4.22.2&#8243; _module_preset=&#8221;default&#8221; global_colors_info=&#8221;{}&#8221;][et_pb_image src=&#8221;https:\/\/petrana-sabolek.net\/wp-content\/uploads\/2024\/08\/matica-hrvatska-01-2.png&#8221; alt=&#8221;Matica hrvatska, Ogranak \u010cakovec&#8221; title_text=&#8221;Matica hrvatska, Ogranak \u010cakovec&#8221; url=&#8221;https:\/\/maticack.com.hr&#8221; align=&#8221;center&#8221; _builder_version=&#8221;4.22.2&#8243; _module_preset=&#8221;default&#8221; width=&#8221;30%&#8221; global_colors_info=&#8221;{}&#8221;][\/et_pb_image][\/et_pb_column][et_pb_column type=&#8221;1_5&#8243; _builder_version=&#8221;4.22.2&#8243; _module_preset=&#8221;default&#8221; global_colors_info=&#8221;{}&#8221;][et_pb_image src=&#8221;https:\/\/petrana-sabolek.net\/wp-content\/uploads\/2024\/08\/facebook-01-1.png&#8221; url=&#8221;https:\/\/www.facebook.com\/petrana.sabolek&#8221; align=&#8221;center&#8221; _builder_version=&#8221;4.22.2&#8243; _module_preset=&#8221;default&#8221; width=&#8221;30%&#8221; global_colors_info=&#8221;{}&#8221;][\/et_pb_image][\/et_pb_column][\/et_pb_row][\/et_pb_section]<\/p>\n","protected":false},"excerpt":{"rendered":"<p>[et_pb_section fb_built=&#8221;1&#8243; admin_label=&#8221;Classes&#8221; _builder_version=&#8221;4.22.2&#8243; background_color=&#8221;#FFFFFF&#8221; custom_padding=&#8221;8px||0px|||&#8221; locked=&#8221;off&#8221; global_colors_info=&#8221;{}&#8221;][et_pb_row column_structure=&#8221;2_3,1_3&#8243; _builder_version=&#8221;4.16&#8243; _module_preset=&#8221;default&#8221; global_colors_info=&#8221;{}&#8221;][et_pb_column type=&#8221;2_3&#8243; _builder_version=&#8221;4.16&#8243; _module_preset=&#8221;default&#8221; global_colors_info=&#8221;{}&#8221;][et_pb_image src=&#8221;https:\/\/petrana-sabolek.net\/wp-content\/uploads\/2024\/08\/Petrana-Sabolek-01.png&#8221; align=&#8221;center&#8221; _builder_version=&#8221;4.22.2&#8243; _module_preset=&#8221;default&#8221; background_color=&#8221;#001b68&#8243; global_colors_info=&#8221;{}&#8221;][\/et_pb_image][et_pb_testimonial portrait_url=&#8221;https:\/\/petrana-sabolek.net\/wp-content\/uploads\/2021\/10\/ikona.png&#8221; quote_icon=&#8221;off&#8221; portrait_width=&#8221;130px&#8221; portrait_height=&#8221;130px&#8221; _builder_version=&#8221;4.22.2&#8243; _module_preset=&#8221;default&#8221; global_colors_info=&#8221;{}&#8221;] \u017divot je poput knjige u kojoj svaka stranica otkriva nove avanture, emocije i saznanja. U tome le\u017ei njegova \u010dar: nikada ne znamo \u0161to nas \u010deka na [&hellip;]<\/p>\n","protected":false},"author":1,"featured_media":0,"parent":0,"menu_order":0,"comment_status":"closed","ping_status":"closed","template":"","meta":{"_et_pb_use_builder":"on","_et_pb_old_content":"","_et_gb_content_width":"","footnotes":""},"class_list":["post-3835","page","type-page","status-publish","hentry"],"_links":{"self":[{"href":"https:\/\/petrana-sabolek.net\/index.php\/wp-json\/wp\/v2\/pages\/3835","targetHints":{"allow":["GET"]}}],"collection":[{"href":"https:\/\/petrana-sabolek.net\/index.php\/wp-json\/wp\/v2\/pages"}],"about":[{"href":"https:\/\/petrana-sabolek.net\/index.php\/wp-json\/wp\/v2\/types\/page"}],"author":[{"embeddable":true,"href":"https:\/\/petrana-sabolek.net\/index.php\/wp-json\/wp\/v2\/users\/1"}],"replies":[{"embeddable":true,"href":"https:\/\/petrana-sabolek.net\/index.php\/wp-json\/wp\/v2\/comments?post=3835"}],"version-history":[{"count":46,"href":"https:\/\/petrana-sabolek.net\/index.php\/wp-json\/wp\/v2\/pages\/3835\/revisions"}],"predecessor-version":[{"id":4540,"href":"https:\/\/petrana-sabolek.net\/index.php\/wp-json\/wp\/v2\/pages\/3835\/revisions\/4540"}],"wp:attachment":[{"href":"https:\/\/petrana-sabolek.net\/index.php\/wp-json\/wp\/v2\/media?parent=3835"}],"curies":[{"name":"wp","href":"https:\/\/api.w.org\/{rel}","templated":true}]}}