{"id":4064,"date":"2024-08-22T07:55:52","date_gmt":"2024-08-22T07:55:52","guid":{"rendered":"https:\/\/petrana-sabolek.net\/?page_id=4064"},"modified":"2025-10-29T08:15:45","modified_gmt":"2025-10-29T08:15:45","slug":"moc-zivljenja-2","status":"publish","type":"page","link":"https:\/\/petrana-sabolek.net\/index.php\/moc-zivljenja-2\/","title":{"rendered":"Mo\u010d \u017eivljenja"},"content":{"rendered":"<p>[et_pb_section fb_built=&#8221;1&#8243; _builder_version=&#8221;4.16&#8243; _module_preset=&#8221;default&#8221; custom_padding=&#8221;||0px|||&#8221; global_colors_info=&#8221;{}&#8221;][et_pb_row column_structure=&#8221;2_5,3_5&#8243; _builder_version=&#8221;4.22.2&#8243; _module_preset=&#8221;default&#8221; global_colors_info=&#8221;{}&#8221;][et_pb_column type=&#8221;2_5&#8243; _builder_version=&#8221;4.22.2&#8243; _module_preset=&#8221;default&#8221; global_colors_info=&#8221;{}&#8221;][et_pb_image src=&#8221;https:\/\/petrana-sabolek.net\/wp-content\/uploads\/2024\/08\/moc-zivljenja.jpg&#8221; title_text=&#8221;ikona knjige&#8221; url=&#8221;https:\/\/petrana-sabolek.net\/wp-content\/uploads\/2024\/09\/Moc-zivljenja_web.pdf&#8221; use_overlay=&#8221;on&#8221; overlay_icon_color=&#8221;#E02B20&#8243; hover_overlay_color=&#8221;#FFFFFF&#8221; hover_icon=&#8221;&#xf5da;||fa||900&#8243; _builder_version=&#8221;4.22.2&#8243; _module_preset=&#8221;default&#8221; background_enable_image=&#8221;off&#8221; parallax=&#8221;on&#8221; global_colors_info=&#8221;{}&#8221;][\/et_pb_image][\/et_pb_column][et_pb_column type=&#8221;3_5&#8243; _builder_version=&#8221;4.22.2&#8243; _module_preset=&#8221;default&#8221; global_colors_info=&#8221;{}&#8221;][et_pb_text _builder_version=&#8221;4.22.2&#8243; _module_preset=&#8221;default&#8221; text_font=&#8221;Times New Roman||||||||&#8221; global_colors_info=&#8221;{}&#8221;]<\/p>\n<p style=\"text-align: justify;\">\u2026Roman Mo\u010d \u017eivljenja jedno je od rijetkih djela hrvatske knji\u017eevnosti koje je u potpunosti napisano na kajkavskom narje\u010dju, odnosno na govoru mjesta Donji Kraljevec. Sre\u0107om, posljednjih godina svjedoci smo skromne i polagane renesanse hrvatskih dijalekata koja omogu\u0107uje i poti\u010de autore da se u \u0161to ve\u0107oj mjeri izra\u017eavaju na svom materinjem, lokalnom jeziku, a to, sjetit \u0107e se stariji, nekad nije bio slu\u010daj\u2026 Ovo djelo vrijedan je doprinos knji\u017eevnom stvarala\u0161tvu jer bez zadr\u0161ke promi\u010de dijalektalnu knji\u017eevnost, ne obaziru\u0107i se na \u010dinjenicu da ni dan danas ne postoji jedinstvena gramatika ili pravopis kajkavskoga narje\u010dja (mnogi bi rekli jezika). Autorica je pi\u0161u\u0107i ovo djelo stvorila svoj vlastiti knji\u017eevni, gramati\u010dki i pravopisni svijet te ga je konzekventno oblikovala, u\u010dvrstila i ostvarila. Jezik, kultura i obi\u010daji Donjeg Kraljevca na taj na\u010din ostaju sa\u010duvani za budu\u0107a pokoljenja, \u0161to mo\u017ee poslu\u017eiti kao poticaj drugim autorima da na sli\u010dan na\u010din sa\u010duvaju svijet svoga rodnoga kraja i predstave ga javnosti\u2026<\/p>\n<p style=\"text-align: justify;\"><strong>izv. prof. dr. sc. Krunoslav Mikulan<\/strong><\/p>\n<p style=\"text-align: justify;\">\u2026Tragizmom i glorijom, neposredno\u0161\u0107u kazivanja, razigranim no i dokumentarno pedantnim zapa\u017eajima, pa i karti\u010dnim opsegom materijala, &#8220;Mo\u010d \u017eivljenja&#8221; name\u0107e se jednim od najboljih ostvarenja cjelokupne hrvatske &#8211; temom i jezikom &#8211; (neo)rusti\u010dne knji\u017eevnosti. Sna\u017eno je umjetni\u010dko svjedo\u010danstvo trajne vrijednosti. Knjiga koja svim literarnim komplimentima pribraja i vizualno-fotografsku proporciju ambijentalno zaokru\u017euju\u0107i naraciju. U funkcionalnoj su gradaciji te dvije pozicije; fotografija je klimaks s kojim se vrijednosti poruke poja\u010davaju i u op\u0107em efektu mudro informacijski upotpunjuju. Koliko je spisateljsko majstorstvo Petrane Sabolek validno, nepobitno i konkluzivno, ovjerava abecedno sistematiziran rje\u010dnik donjo-kraljeve\u010dkog govora na kraju knjige. Ovako ostvareno i dovr\u0161eno izdanje mora i treba, prije svega, krasiti obrazovne klupe\u2026 I da je ova knjiga Petrane Sabolek puno vi\u0161e od &#8220;zapisa&#8221; jam\u010de skraja reminiscencije (uz fotografiju ku\u0107e) na mesijanski lik Donjega Kraljevca \u2013 Rudolfa Steinera i njegovog djela: &#8220;&#8230; konkretno opa\u017eanje duha i duhovnog u materiji te opa\u017eanje djelovanja nematrijalnih sila na fizi\u010dki svijet, kao i uspostavljanje odre\u0111enih zakonitosti koje se potom mogu i prakti\u010dno primijeniti\u2026\u201c cementiraju\u0107i obzor &#8216;mo\u0107i \u017eivljenja&#8217; u \u010dovjeka koji nije marioneta, ve\u0107 je nadgeneri\u010dko, spiritualno bi\u0107e smisleno kao utjelovljenje ideje\u2026<\/p>\n<p style=\"text-align: justify;\"><strong>Robertino Bartolec<\/strong><\/p>\n<p>[\/et_pb_text][et_pb_toggle title=&#8221;Bibliote\u010dni zapisi&#8221; open_toggle_text_color=&#8221;#032263&#8243; open_toggle_background_color=&#8221;#FFFFFF&#8221; closed_toggle_background_color=&#8221;#FFFFFF&#8221; icon_color=&#8221;#032263&#8243; toggle_icon=&#8221;&#xf233;||fa||900&#8243; open_icon_color=&#8221;#032263&#8243; open_toggle_icon=&#8221;&#xf233;||fa||900&#8243; _builder_version=&#8221;4.22.2&#8243; _module_preset=&#8221;default&#8221; title_text_color=&#8221;#032263&#8243; title_font=&#8221;|600|||||||&#8221; background_color=&#8221;#032263&#8243; hover_enabled=&#8221;0&#8243; global_colors_info=&#8221;{}&#8221; sticky_enabled=&#8221;0&#8243;]<\/p>\n<table width=\"605\" cellpadding=\"7\" cellspacing=\"0\">\n<tbody>\n<tr>\n<td colspan=\"3\" width=\"591\" height=\"34\" valign=\"top\">\n<p class=\"western\" align=\"center\"><span style=\"font-family: Calibri, serif;\"><span style=\"font-size: small;\"><span style=\"font-family: Century Gothic, serif;\"><span style=\"font-size: x-large;\">BIBLIOTE\u010cNI PODACI O KNJIZI<\/span><\/span><\/span><\/span><\/p>\n<p class=\"western\" align=\"center\">\u201e<span style=\"font-family: Calibri, serif;\"><span style=\"font-size: small;\"><span style=\"font-family: Century Gothic, serif;\"><span style=\"font-size: x-large;\">MO\u010c \u017dIVLJENJA\u201c<\/span><\/span><\/span><\/span><\/p>\n<p class=\"western\" align=\"center\">\n<p class=\"western\" align=\"left\">\n<\/td>\n<\/tr>\n<tr valign=\"top\">\n<td width=\"206\">\n<p class=\"western\" align=\"left\"><span style=\"font-family: Calibri, serif;\"><span style=\"font-size: small;\"><span style=\"font-family: Century Gothic, serif;\"><span style=\"font-size: large;\">Autor<\/span><\/span><\/span><\/span><\/p>\n<\/td>\n<td width=\"370\">\n<p class=\"western\" align=\"left\"><span style=\"font-family: Calibri, serif;\"><span style=\"font-size: small;\"><span style=\"font-family: Century Gothic, serif;\"><span style=\"font-size: large;\">Petrana Sabolek<\/span><\/span><\/span><\/span><\/p>\n<p class=\"western\" align=\"left\">\n<\/td>\n<td width=\"4356\">\n<p class=\"western\" align=\"left\">\n<\/td>\n<\/tr>\n<tr valign=\"top\">\n<td width=\"206\">\n<p class=\"western\" align=\"left\"><span style=\"font-family: Calibri, serif;\"><span style=\"font-size: small;\"><span style=\"font-family: Century Gothic, serif;\"><span style=\"font-size: large;\">Kategorija<\/span><\/span><\/span><\/span><\/p>\n<\/td>\n<td width=\"370\">\n<p class=\"western\" align=\"left\"><span style=\"font-family: Calibri, serif;\"><span style=\"font-size: small;\"><span style=\"font-family: Century Gothic, serif;\"><span style=\"font-size: large;\">Roman na kajkavskom idiomu<\/span><\/span><\/span><\/span><\/p>\n<p class=\"western\" align=\"left\">\n<\/td>\n<td width=\"4356\">\n<p class=\"western\" align=\"left\">\n<\/td>\n<\/tr>\n<tr valign=\"top\">\n<td width=\"206\">\n<p class=\"western\" align=\"left\"><span style=\"font-family: Calibri, serif;\"><span style=\"font-size: small;\"><span style=\"font-family: Century Gothic, serif;\"><span style=\"font-size: large;\">Broj stranica<\/span><\/span><\/span><\/span><\/p>\n<\/td>\n<td width=\"370\">\n<p class=\"western\" align=\"left\"><span style=\"font-family: Calibri, serif;\"><span style=\"font-size: small;\"><span style=\"font-family: Century Gothic, serif;\"><span style=\"font-size: large;\">175<\/span><\/span><\/span><\/span><\/p>\n<p class=\"western\" align=\"left\">\n<\/td>\n<td width=\"4356\">\n<p class=\"western\" align=\"left\">\n<\/td>\n<\/tr>\n<tr valign=\"top\">\n<td width=\"206\">\n<p class=\"western\" align=\"left\"><span style=\"font-family: Calibri, serif;\"><span style=\"font-size: small;\"><span style=\"font-family: Century Gothic, serif;\"><span style=\"font-size: large;\">Godina izdanja<\/span><\/span><\/span><\/span><\/p>\n<\/td>\n<td width=\"370\">\n<p class=\"western\" align=\"left\"><span style=\"font-family: Calibri, serif;\"><span style=\"font-size: small;\"><span style=\"font-family: Century Gothic, serif;\"><span style=\"font-size: large;\">2024.<\/span><\/span><\/span><\/span><\/p>\n<p class=\"western\" align=\"left\">\n<\/td>\n<td width=\"4356\">\n<p class=\"western\" align=\"left\">\n<\/td>\n<\/tr>\n<tr valign=\"top\">\n<td width=\"206\">\n<p class=\"western\" align=\"left\"><span style=\"font-family: Calibri, serif;\"><span style=\"font-size: small;\"><span style=\"font-family: Century Gothic, serif;\"><span style=\"font-size: large;\">Nakladnik<\/span><\/span><\/span><\/span><\/p>\n<\/td>\n<td width=\"370\">\n<p class=\"western\" align=\"left\"><span style=\"font-family: Calibri, serif;\"><span style=\"font-size: small;\"><span style=\"font-family: Century Gothic, serif;\"><span style=\"font-size: large;\">Ogranak Matice hrvatske u \u010cakovcu<\/span><\/span><\/span><\/span><\/p>\n<p class=\"western\" align=\"left\">\n<\/td>\n<td width=\"4356\">\n<p class=\"western\" align=\"left\">\n<\/td>\n<\/tr>\n<tr valign=\"top\">\n<td width=\"206\">\n<p class=\"western\" align=\"left\"><span style=\"font-family: Calibri, serif;\"><span style=\"font-size: small;\"><span style=\"font-family: Century Gothic, serif;\"><span style=\"font-size: large;\">Uvez<\/span><\/span><\/span><\/span><\/p>\n<\/td>\n<td width=\"370\">\n<p class=\"western\" align=\"left\"><span style=\"font-family: Calibri, serif;\"><span style=\"font-size: small;\"><span style=\"font-family: Century Gothic, serif;\"><span style=\"font-size: large;\">Tvrdi, \u0161ivano<\/span><\/span><\/span><\/span><\/p>\n<p class=\"western\" align=\"left\">\n<\/td>\n<td width=\"4356\">\n<p class=\"western\" align=\"left\">\n<\/td>\n<\/tr>\n<tr valign=\"top\">\n<td width=\"206\">\n<p class=\"western\" align=\"left\"><span style=\"font-family: Calibri, serif;\"><span style=\"font-size: small;\"><span style=\"font-family: Century Gothic, serif;\"><span style=\"font-size: large;\">Format<\/span><\/span><\/span><\/span><\/p>\n<\/td>\n<td width=\"370\">\n<p class=\"western\" align=\"left\"><span style=\"font-family: Calibri, serif;\"><span style=\"font-size: small;\"><span style=\"font-family: Century Gothic, serif;\"><span style=\"font-size: large;\">13 x 18,5<\/span><\/span><\/span><\/span><\/p>\n<p class=\"western\" align=\"left\">\n<\/td>\n<td width=\"4356\">\n<p class=\"western\" align=\"left\">\n<\/td>\n<\/tr>\n<tr valign=\"top\">\n<td width=\"206\">\n<p class=\"western\" align=\"left\"><span style=\"font-family: Calibri, serif;\"><span style=\"font-size: small;\"><span style=\"font-family: Century Gothic, serif;\"><span style=\"font-size: large;\">Grafi\u010dki uredili <\/span><\/span><\/span><\/span><\/p>\n<p class=\"western\" align=\"left\">\n<\/td>\n<td width=\"370\">\n<p class=\"western\" align=\"left\"><span style=\"font-family: Calibri, serif;\"><span style=\"font-size: small;\"><span style=\"font-family: Century Gothic, serif;\"><span style=\"font-size: large;\">Petrana Sabolek<\/span><\/span><\/span><\/span><\/p>\n<p class=\"western\" align=\"left\"><span style=\"font-family: Calibri, serif;\"><span style=\"font-size: small;\"><span style=\"font-family: Century Gothic, serif;\"><span style=\"font-size: large;\">Matija Hranjec<\/span><\/span><\/span><\/span><\/p>\n<p class=\"western\" align=\"left\">\n<\/td>\n<td width=\"4356\">\n<p class=\"western\" align=\"left\">\n<\/td>\n<\/tr>\n<tr valign=\"top\">\n<td width=\"206\">\n<p class=\"western\" align=\"left\"><span style=\"font-family: Calibri, serif;\"><span style=\"font-size: small;\"><span style=\"font-family: Century Gothic, serif;\"><span style=\"font-size: large;\">ISBN <\/span><\/span><\/span><\/span><\/p>\n<\/td>\n<td width=\"370\">\n<p class=\"western\" align=\"left\"><span style=\"font-family: Calibri, serif;\"><span style=\"font-size: small;\"><span style=\"font-family: Century Gothic, serif;\"><span style=\"font-size: large;\">978-953-8488-10-8 <\/span><\/span><\/span><\/span><\/p>\n<p class=\"western\" align=\"left\"><span style=\"font-family: Calibri, serif;\"><span style=\"font-size: small;\"><span style=\"font-family: Century Gothic, serif;\"><span style=\"font-size: large;\">CIP &#8211; Nau\u010dna I sveu\u010dili\u0161na knji\u017enica Zagreb pod brojem 001238150<\/span><\/span><\/span><\/span><\/p>\n<p class=\"western\" align=\"left\">\n<\/td>\n<td width=\"4356\">\n<p class=\"western\" align=\"left\">\n<\/td>\n<\/tr>\n<tr valign=\"top\">\n<td width=\"206\">\n<p class=\"western\" align=\"left\"><span style=\"font-family: Calibri, serif;\"><span style=\"font-size: small;\"><span style=\"font-family: Century Gothic, serif;\"><span style=\"font-size: large;\">Tisak i uvez <\/span><\/span><\/span><\/span><\/p>\n<p class=\"western\" align=\"left\">\n<\/td>\n<td width=\"370\">\n<p class=\"western\" align=\"left\"><span style=\"font-family: Calibri, serif;\"><span style=\"font-size: small;\"><span style=\"font-family: Century Gothic, serif;\"><span style=\"font-size: large;\">Tiskara Zelina d.d. Graphprint, d.o.o. \u010cakovec<\/span><\/span><\/span><\/span><\/p>\n<\/td>\n<td width=\"4356\">\n<p class=\"western\" align=\"left\">\n<\/td>\n<\/tr>\n<tr valign=\"top\">\n<td width=\"206\">\n<p class=\"western\" align=\"left\"><span style=\"font-family: Calibri, serif;\"><span style=\"font-size: small;\"><span style=\"font-family: Century Gothic, serif;\"><span style=\"font-size: large;\">Napomena<\/span><\/span><\/span><\/span><\/p>\n<\/td>\n<td width=\"370\">\n<p class=\"western\" align=\"left\"><span style=\"font-family: Calibri, serif;\"><span style=\"font-size: small;\"><span style=\"font-family: Century Gothic, serif;\"><span style=\"font-size: large;\">&#8211;<\/span><\/span><\/span><\/span><\/p>\n<p class=\"western\" align=\"left\">\n<p class=\"western\" align=\"left\">\n<p class=\"western\" align=\"left\">\n<p class=\"western\" align=\"left\">\n<p class=\"western\" align=\"left\">\n<p class=\"western\" align=\"left\">\n<p class=\"western\" align=\"left\">\n<p class=\"western\" align=\"left\">\n<p class=\"western\" align=\"left\">\n<p class=\"western\" align=\"left\">\n<p class=\"western\" align=\"left\">\n<\/td>\n<td width=\"4356\">\n<p class=\"western\" align=\"left\">\n<\/td>\n<\/tr>\n<\/tbody>\n<\/table>\n<p>[\/et_pb_toggle][\/et_pb_column][\/et_pb_row][\/et_pb_section]<\/p>\n","protected":false},"excerpt":{"rendered":"<p>\u2026Roman Mo\u010d \u017eivljenja jedno je od rijetkih djela hrvatske knji\u017eevnosti koje je u potpunosti napisano na kajkavskom narje\u010dju, odnosno na govoru mjesta Donji Kraljevec. Sre\u0107om, posljednjih godina svjedoci smo skromne i polagane renesanse hrvatskih dijalekata koja omogu\u0107uje i poti\u010de autore da se u \u0161to ve\u0107oj mjeri izra\u017eavaju na svom materinjem, lokalnom jeziku, a to, sjetit [&hellip;]<\/p>\n","protected":false},"author":1,"featured_media":0,"parent":0,"menu_order":0,"comment_status":"closed","ping_status":"closed","template":"","meta":{"_et_pb_use_builder":"on","_et_pb_old_content":"","_et_gb_content_width":"","footnotes":""},"class_list":["post-4064","page","type-page","status-publish","hentry"],"_links":{"self":[{"href":"https:\/\/petrana-sabolek.net\/index.php\/wp-json\/wp\/v2\/pages\/4064","targetHints":{"allow":["GET"]}}],"collection":[{"href":"https:\/\/petrana-sabolek.net\/index.php\/wp-json\/wp\/v2\/pages"}],"about":[{"href":"https:\/\/petrana-sabolek.net\/index.php\/wp-json\/wp\/v2\/types\/page"}],"author":[{"embeddable":true,"href":"https:\/\/petrana-sabolek.net\/index.php\/wp-json\/wp\/v2\/users\/1"}],"replies":[{"embeddable":true,"href":"https:\/\/petrana-sabolek.net\/index.php\/wp-json\/wp\/v2\/comments?post=4064"}],"version-history":[{"count":5,"href":"https:\/\/petrana-sabolek.net\/index.php\/wp-json\/wp\/v2\/pages\/4064\/revisions"}],"predecessor-version":[{"id":4539,"href":"https:\/\/petrana-sabolek.net\/index.php\/wp-json\/wp\/v2\/pages\/4064\/revisions\/4539"}],"wp:attachment":[{"href":"https:\/\/petrana-sabolek.net\/index.php\/wp-json\/wp\/v2\/media?parent=4064"}],"curies":[{"name":"wp","href":"https:\/\/api.w.org\/{rel}","templated":true}]}}