{"id":4183,"date":"2024-08-27T10:16:21","date_gmt":"2024-08-27T10:16:21","guid":{"rendered":"https:\/\/petrana-sabolek.net\/?page_id=4183"},"modified":"2024-09-11T08:07:58","modified_gmt":"2024-09-11T08:07:58","slug":"rec-v-spomen-zaklejena-2","status":"publish","type":"page","link":"https:\/\/petrana-sabolek.net\/index.php\/rec-v-spomen-zaklejena-2\/","title":{"rendered":"Re\u010d v spomen zaklejena"},"content":{"rendered":"<p>[et_pb_section fb_built=&#8221;1&#8243; admin_label=&#8221;Hero&#8221; _builder_version=&#8221;4.16&#8243; background_color=&#8221;#FFFFFF&#8221; background_image=&#8221;https:\/\/petrana-sabolek.net\/wp-content\/uploads\/2021\/05\/coding-background-texture.jpg&#8221; background_blend=&#8221;overlay&#8221; custom_padding=&#8221;55px|0px|100px|0px||&#8221; animation_style=&#8221;slide&#8221; animation_direction=&#8221;top&#8221; animation_intensity_slide=&#8221;2%&#8221; da_disable_devices=&#8221;off|off|off&#8221; locked=&#8221;off&#8221; global_colors_info=&#8221;{}&#8221; da_is_popup=&#8221;off&#8221; da_exit_intent=&#8221;off&#8221; da_has_close=&#8221;on&#8221; da_alt_close=&#8221;off&#8221; da_dark_close=&#8221;off&#8221; da_not_modal=&#8221;on&#8221; da_is_singular=&#8221;off&#8221; da_with_loader=&#8221;off&#8221; da_has_shadow=&#8221;on&#8221;][et_pb_row column_structure=&#8221;1_4,3_4&#8243; _builder_version=&#8221;4.16&#8243; _module_preset=&#8221;default&#8221; global_colors_info=&#8221;{}&#8221;][et_pb_column type=&#8221;1_4&#8243; _builder_version=&#8221;4.16&#8243; _module_preset=&#8221;default&#8221; global_colors_info=&#8221;{}&#8221;][et_pb_image src=&#8221;https:\/\/petrana-sabolek.net\/wp-content\/uploads\/2024\/08\/Rec-v-spomen-zaklejena-krug.png&#8221; title_text=&#8221;glavom bez obzira&#8221; _builder_version=&#8221;4.22.2&#8243; _module_preset=&#8221;default&#8221; global_colors_info=&#8221;{}&#8221;][\/et_pb_image][\/et_pb_column][et_pb_column type=&#8221;3_4&#8243; _builder_version=&#8221;4.16&#8243; _module_preset=&#8221;default&#8221; global_colors_info=&#8221;{}&#8221;][et_pb_text _builder_version=&#8221;4.22.2&#8243; _module_preset=&#8221;default&#8221; header_font_size=&#8221;45px&#8221; global_colors_info=&#8221;{}&#8221;]<\/p>\n<h1>\u201eRE\u010c V SPOMEN ZAKLEJENA\u201d<\/h1>\n<h3>poetska zbirka na kajkavskom<\/h3>\n<p>[\/et_pb_text][et_pb_text _builder_version=&#8221;4.22.2&#8243; _module_preset=&#8221;default&#8221; custom_padding=&#8221;5px|||||&#8221; hover_enabled=&#8221;0&#8243; global_colors_info=&#8221;{}&#8221; sticky_enabled=&#8221;0&#8243;]<\/p>\n<h3 style=\"text-align: justify;\">Sinopsis<\/h3>\n<p class=\"western\" align=\"justify\"><span style=\"font-family: Calibri, serif;\"><span style=\"font-family: Times New Roman, serif;\"><span style=\"font-size: medium;\"><\/span><\/span><\/span><\/p>\n<p class=\"western\" align=\"justify\">Nakon devedeset i tri pjesme iz dviju poetskih zbirki na kajkavskom jeziku donjokraljeve\u010dkog idioma, \u201eScvrto \u017eivljenje\u201c 2006. i 2018. te \u201eKipeci boge\u010dki\u201c, 2009., nova zbirka pod nazivom \u201eRe\u010d v spomen zaklejena\u201c donosi jo\u0161 \u010detrdeset i devet pjesama. Me\u0111u njima isti\u010dem pjesmu \u201eSenja \u017eivljenja\u201c \u2013 Nagrada za najbolji tekst Me\u0111imurskog festivala \u201eLjubomir Kuntari\u0107\u201c, \u010cakovec, 2019., kao i pjesme \u201eDen za ljubov\u201c, \u201eDe\u017ed\u017e v joki\u201c, \u201eGumbelijum di\u0161e\u010di\u201c, \u201eKa\u0161a z hudih miseli\u201c, \u201eMutant virus\u201c, \u201ePiece of cake\u201c, \u201eRe\u010d v spomen zaklejena\u201c (\u010detiri objave), \u201eVeljka pesem\u201c, \u201eZavozlane re\u010di\u201c, \u201eZgubljeni smeh\u201c i \u201eZutra bez zutra\u201c, objavljene i u zbornicima Recitala suvremenoga kajkavskoga pjesni\u0161tva \u201eDragutun Domjani\u0107\u201c, Sv. Ivan Zelina, godi\u0161njim izdanjima Ogranka Matice hrvatske u \u010cakovcu, \u201eHrvatski kajkavski kolendar\u201c i \u201eRije\u010d vi\u0161e\u201c. Pjesme su tematski sabrane u \u010detiri bloka: Pokoturni mi \u017eivljenje, Gasterbajterski \u0161pigel, Ka\u0161a z hudih miseli i Zeleno morje kak Me\u0111imurje.<\/p>\n<p>[\/et_pb_text][\/et_pb_column][\/et_pb_row][et_pb_row column_structure=&#8221;1_4,3_4&#8243; _builder_version=&#8221;4.16&#8243; _module_preset=&#8221;default&#8221; global_colors_info=&#8221;{}&#8221;][et_pb_column type=&#8221;1_4&#8243; _builder_version=&#8221;4.16&#8243; _module_preset=&#8221;default&#8221; global_colors_info=&#8221;{}&#8221;][\/et_pb_column][et_pb_column type=&#8221;3_4&#8243; _builder_version=&#8221;4.16&#8243; _module_preset=&#8221;default&#8221; global_colors_info=&#8221;{}&#8221;][et_pb_text _builder_version=&#8221;4.22.2&#8243; _module_preset=&#8221;default&#8221; custom_padding=&#8221;5px|||||&#8221; global_colors_info=&#8221;{}&#8221;]<\/p>\n<h3 style=\"text-align: justify;\">Ogledni arak<\/h3>\n<div><\/div>\n<div><\/div>\n<div><\/div>\n<div><\/div>\n<div>\u00a0<\/div>\n<div><\/div>\n<div style=\"text-align: justify;\">\n<p>POKOTURNI MI \u017dIVLJENJE<br \/>(Blok: Pokoturni mi \u017eivljenje)<\/p>\n<p>Pokoturni mi \u017eivljenje kaj mi srce i\u0161\u010de:<br \/>jen drobi\u017ed\u017eek pretekloga<br \/>v njem st\u00e0ro dvori\u0161\u010de<br \/>i ro\u0111enu hi\u017eu od zd\u00e0vja podrtu<br \/>i kre potnih vr\u00e0ti lesu sem sv\u00e9tu otprtu.<\/p>\n<p>I kaj z groba zvle\u010deju se si v ki\u0161trami zaprti<br \/>kaj na stolu blesikneju kak sn\u00e9g b\u00e9li stolnjaki prestrti<br \/>kaj se koli stola zbere m\u00e0 rodbina c\u00e9la<br \/>kaj bu hi\u017ea kak negda z sm\u00e9hom<br \/>sre\u010dna i vesela<br \/>i kaj brati<br \/>vujci<br \/>strici<br \/>v zr\u00e0k zdigneju \u010da\u0161e<br \/>za mir vu sv\u00e9tu i v \u010doveku<br \/>i za zdr\u00e0vje na\u0161e<br \/>i kaj se betegu sakom zatrgneju tr\u00e0gi<br \/>i kaj v peklu zacvr\u010diju si odbegli vr\u00e0gi<br \/>i kaj se nesre\u010da nigd\u00e0r z sveg mesta ne gene<br \/>i kaj se smrt ve\u010d nigd\u00e0r<br \/>pred \u010doveka ne podene<br \/>i kaj Bo\u017eek makar jempot pogledne me v jo\u010di<br \/>i \u0161epne mi po skrive\u010dki kak dose\u010di mo\u010di<br \/>kaj po sv\u00e9tu samo ml\u00e9ko z slotkim medom teklo<br \/>i kaj mene za sakom zbeglom<br \/>ve\u010d nej v srcu peklo&#8230;<\/p>\n<p>I makar bi i\u0161\u010de mev kaj takvoga za re\u010di<br \/>itak bom zabr\u00e9nzav \u2014<br \/>ne bi rad kaj z preve\u010d r\u00e9\u010di prerekev se sre\u010di<br \/>ali kaj bi se<br \/>s\u00ea zre\u010deno<br \/>pri Bo\u017eeku p\u00e0calo<br \/>da je itak najva\u017enej\u0161e i v ovu molitvu st\u00e0lo.<\/p>\n<p>&nbsp;<\/p>\n<p>GASTARBAJTERSKI \u0160PIGELJ<br \/>(Blok: Gasterbajeterski \u017epigelj)<\/p>\n<p>Bilo je to v vr\u00e9me<br \/>da se sre\u010da z c\u00e9la zapi\u010dila v p\u00e9sek<br \/>a j\u00e0<br \/>sega \u017eeljen<br \/>vu b\u00e9li se sv\u00e9t zatirav.<\/p>\n<p>f \u010dasi se bom vrnuv<br \/>na r\u00e9\u010d sam si vervav spovedanu v \u0161pigelj<br \/>z d\u00e9na v d\u00e9n pred rokom<br \/>k\u00e0 je v pr\u00e0znomu \u017eepu k\u00e0zala mi figu.<\/p>\n<p>Ma n\u00e9 mi je treba bl\u00e0go c\u00e9log sv\u00e9ta<br \/>brundav sam si v br\u00e0du<br \/>nebom prodav du\u0161u za r\u00e9\u010d ku ne razmem;<br \/>ne\u010dem smeh ni podsmeh ki se v stranjskom sv\u00e9tu<br \/>z nesmiljenoga braza<br \/>kak z fa\u0161ni\u010dke l\u00e0fre sc\u00e9ja.<\/p>\n<p>B\u00e0jav sam si v \u0161pigelj i\u0161\u010de kaj-kaj toga<br \/>doka\u010d so \u010drez dneve rudala se l\u00e9ta<br \/>vu t\u00e9m dalkom sv\u00e9tu<br \/>v \u0161teromu mali \u010dovek<br \/>i se druge r\u00e9\u010di pod zastavom b\u00e9lom nosi.<\/p>\n<p>\u201eLjubi roku k\u00e0 te hr\u00e0ni!\u201c<br \/>curikali so japa z groba<br \/>z svoje kmice moju kmicu<br \/>v zemlju trli boli du\u0161e<br \/>z mu\u010de\u010dima r\u00e9\u010di \u017emereli na \u0161pigelj<br \/>ki je ve\u010d i z gla\u017eom k\u00e0zav<br \/>kaj \u017eivljenja zvono<br \/>ve\u010d i ober mene na tenkoma klenka.<\/p>\n<p>Al vera je pesem z niti senje stk\u00e0na:<br \/>kontra japi v grobu<br \/>kontra figi v \u017eepu<br \/>do z\u00e0djega je v \u0161pigelj hr\u00e0nila mi du\u0161u \u2014<br \/>kaj sam j\u00e0 n\u00e9 gastarbajter<br \/>i kaj se bom kak i v senji naz\u00e0j vrnuv dimo.<\/p>\n<p>I jesam se vrnuv<br \/>po sre\u010di se domaj na\u0161ev<br \/>da so i po mene do\u0161li<br \/>si nebeski zbori:<br \/>podeli se z mira Bo\u017ejeg<br \/>i praf onak kak se \u0161ika<br \/>da se ml\u00e0denca za nav\u00e9k otpr\u00e0vlja \u2014<br \/>z mlodom pucom kak z smrti\u010dkom<br \/>kak z ml\u00e0denkom v belini.<\/p>\n<p>&nbsp;<\/p>\n<p>KA\u0160A Z HUDIH MISELI<br \/>(Blok: Ka\u0161a z hudih miseli)<\/p>\n<p>Splele so se hude misli<br \/>i z \u010demernim prstom zapi\u010dile vu me<br \/>vu du\u0161u i srce<br \/>v ufanja i n\u00e0de<br \/>v korake i roke<br \/>i ve\u010d mi ni r\u00e9\u010d<br \/>vu pesem n\u00e9 \u0161tela.<\/p>\n<p>I nes&#8217; pitav \u010demu scofutano sonce<br \/>\u010demu kup haljinja z sposu\u0161enoga cv\u00e9tja<br \/>\u010demu \u010drni \u0384blaki zme\u0161ani vu ka\u0161u.<\/p>\n<p>\u201e\u017deri!\u201c\u2013 zare\u017eav je prst pred vuhom<br \/>zagledan vu ka\u0161u.<br \/>Saku i najmenj\u0161u droptu petsto pot spreko\u0161i<br \/>i stopram ju unda na trdoma pogotni!<\/p>\n<p>I j\u00e0 sam posljuhnuv \u2014<br \/>kosav sam i kosav<br \/>kosav i pog\u00e0tav<br \/>z jenim jokom m\u00e9riv<br \/>sre\u010du dzoj za voglom<br \/>z drugim n\u00e0ve dneve<br \/>se na red bez zutra.<\/p>\n<p>Mortik jih se r\u00e9\u0161im<br \/>ak se r\u00e9\u0161im ka\u0161e<br \/>ak je to pokora<br \/>t\u00e9 \u010dmelinjak v gl\u00e0vi<br \/>ki r\u00e0ste kak kv\u00e0s<br \/>na toplomu post\u00e0vljen<br \/>kak oblak bez de\u017e\u0111a<br \/>ki preh\u00e0ja mimo.<\/p>\n<p>Z mira Bo\u017ejeg se je podev<br \/>tak l\u00e9pi<br \/>tak b\u00e9li<br \/>kak blazina mefki<br \/>i dalko od ka\u0161e.<\/p>\n<p>I praf tu<br \/>pred menom<br \/>i otprtim blokom<br \/>na dom\u00e0\u010di cirkvi<br \/>pri tretjemu turnu.<\/p>\n<\/div>\n<p>[\/et_pb_text][\/et_pb_column][\/et_pb_row][\/et_pb_section]<\/p>\n","protected":false},"excerpt":{"rendered":"<p>\u201eRE\u010c V SPOMEN ZAKLEJENA\u201d poetska zbirka na kajkavskomSinopsis Nakon devedeset i tri pjesme iz dviju poetskih zbirki na kajkavskom jeziku donjokraljeve\u010dkog idioma, \u201eScvrto \u017eivljenje\u201c 2006. i 2018. te \u201eKipeci boge\u010dki\u201c, 2009., nova zbirka pod nazivom \u201eRe\u010d v spomen zaklejena\u201c donosi jo\u0161 \u010detrdeset i devet pjesama. Me\u0111u njima isti\u010dem pjesmu \u201eSenja \u017eivljenja\u201c \u2013 Nagrada za najbolji [&hellip;]<\/p>\n","protected":false},"author":1,"featured_media":0,"parent":0,"menu_order":0,"comment_status":"closed","ping_status":"closed","template":"","meta":{"_et_pb_use_builder":"on","_et_pb_old_content":"","_et_gb_content_width":"","footnotes":""},"class_list":["post-4183","page","type-page","status-publish","hentry"],"_links":{"self":[{"href":"https:\/\/petrana-sabolek.net\/index.php\/wp-json\/wp\/v2\/pages\/4183","targetHints":{"allow":["GET"]}}],"collection":[{"href":"https:\/\/petrana-sabolek.net\/index.php\/wp-json\/wp\/v2\/pages"}],"about":[{"href":"https:\/\/petrana-sabolek.net\/index.php\/wp-json\/wp\/v2\/types\/page"}],"author":[{"embeddable":true,"href":"https:\/\/petrana-sabolek.net\/index.php\/wp-json\/wp\/v2\/users\/1"}],"replies":[{"embeddable":true,"href":"https:\/\/petrana-sabolek.net\/index.php\/wp-json\/wp\/v2\/comments?post=4183"}],"version-history":[{"count":4,"href":"https:\/\/petrana-sabolek.net\/index.php\/wp-json\/wp\/v2\/pages\/4183\/revisions"}],"predecessor-version":[{"id":4258,"href":"https:\/\/petrana-sabolek.net\/index.php\/wp-json\/wp\/v2\/pages\/4183\/revisions\/4258"}],"wp:attachment":[{"href":"https:\/\/petrana-sabolek.net\/index.php\/wp-json\/wp\/v2\/media?parent=4183"}],"curies":[{"name":"wp","href":"https:\/\/api.w.org\/{rel}","templated":true}]}}